{"id":153,"date":"2013-08-11T19:06:15","date_gmt":"2013-08-11T19:06:15","guid":{"rendered":"http:\/\/localhost:8888\/test\/?page_id=520"},"modified":"2021-05-04T12:09:23","modified_gmt":"2021-05-04T12:09:23","slug":"about","status":"publish","type":"page","link":"https:\/\/houseofinsulators.com\/cs\/elements\/pages\/about\/","title":{"rendered":"About"},"content":{"rendered":"<div class=\"banner has-hover has-parallax\" id=\"banner-1868616583\">\n          <div class=\"banner-inner fill\">\n        <div class=\"banner-bg fill\" data-parallax=\"-3\" data-parallax-container=\".banner\" data-parallax-background>\n            <div class=\"bg fill bg-fill\"><\/div>\n                        <div class=\"overlay\"><\/div>            \n                    <\/div>\n\t\t\n        <div class=\"banner-layers container\">\n            <div class=\"fill banner-link\"><\/div>            \n   <div id=\"text-box-1442774006\" class=\"text-box banner-layer x50 md-x50 lg-x50 y80 md-y80 lg-y80 res-text\">\n                                <div class=\"text-box-content text dark\">\n              \n              <div class=\"text-inner text-center\">\n                  \n<h1 class=\"lead\">About Us<\/h1>\n<p class=\"lead\">Lorem ipsum dolor sit amet, consectetuer adipiscing elit, sed diam nonummy nibh euismod tincidunt ut laoreet dolore magna aliquam erat volutpat&#8230;.<\/p>\n              <\/div>\n           <\/div>\n                            \n<style>\n#text-box-1442774006 {\n  width: 60%;\n}\n#text-box-1442774006 .text-box-content {\n  font-size: 100%;\n}\n<\/style>\n    <\/div>\n \n        <\/div>\n      <\/div>\n\n            \n<style>\n#banner-1868616583 {\n  padding-top: 507px;\n}\n#banner-1868616583 .bg.bg-loaded {\n  background-image: url(https:\/\/houseofinsulators.com\/wp-content\/uploads\/2016\/08\/dummy-2.jpg);\n}\n#banner-1868616583 .overlay {\n  background-color: rgba(0, 0, 0, 0.49);\n}\n#banner-1868616583 .ux-shape-divider--top svg {\n  height: 150px;\n  --divider-top-width: 100%;\n}\n#banner-1868616583 .ux-shape-divider--bottom svg {\n  height: 150px;\n  --divider-width: 100%;\n}\n<\/style>\n  <\/div>\n\n\n<div class=\"row\"  id=\"row-873148405\">\n\n\t<div id=\"col-996728647\" class=\"col small-12 large-12\"  >\n\t\t\t\t<div class=\"col-inner\"  >\n\t\t\t\n\t\t\t\n<p class=\"lead text-center\"><strong>Lorem ipsum<\/strong> dolor sit amet, consectetur adipiscing elit. Morbi fermentum justo vitae convallis varius. Nulla tristique risus ut justo pulvinar mattis. Phasellus aliquet egestas mauris in venenatis. Nulla tristique risus ut justo pulvinar mattis. Phasellus aliquet egestas mauris in venenatis.<\/p>\n<div class=\"text-center\"><div class=\"is-divider divider clearfix\" ><\/div><\/div>\n\t\t<\/div>\n\t\t\t\t\t<\/div>\n\n\t\n\n\t<div id=\"col-1514298044\" class=\"col medium-3 small-12 large-3\"  >\n\t\t\t\t<div class=\"col-inner\"  >\n\t\t\t\n\t\t\t\n    <div class=\"box has-hover has-hover box-text-bottom\" >\n\n                  <div class=\"box-image\" style=\"width:80%;\">\n           <div class=\"box-image-inner image-cover\" style=\"border-radius:100%;padding-top:100%;\">\n              <img width=\"400\" height=\"260\" src=\"https:\/\/houseofinsulators.com\/wp-content\/uploads\/2016\/08\/dummy-1.jpg\" class=\"attachment- size-\" alt=\"\" loading=\"lazy\" srcset=\"https:\/\/houseofinsulators.com\/wp-content\/uploads\/2016\/08\/dummy-1.jpg 400w, https:\/\/houseofinsulators.com\/wp-content\/uploads\/2016\/08\/dummy-1-300x195.jpg 300w, https:\/\/houseofinsulators.com\/wp-content\/uploads\/2016\/08\/dummy-1-16x10.jpg 16w\" sizes=\"(max-width: 400px) 100vw, 400px\" \/>                         <\/div>\n          <\/div>\n         \n          <div class=\"box-text text-center\" >\n                <div class=\"box-text-inner\">\n                  <h4 class=\"uppercase\">\n                    <span class=\"person-name\">Troy Gray<\/span><br\/>\n                    <span class=\"person-title is-small thin-font op-7\">\n                      CEO \/ Founder                    <\/span>\n                  <\/h4>\n                 <div class=\"social-icons follow-icons\" ><a href=\"#\" target=\"_blank\" data-label=\"Facebook\" rel=\"noopener noreferrer nofollow\" class=\"icon button circle is-outline facebook tooltip\" title=\"Follow on Facebook\" aria-label=\"Follow on Facebook\" data-no-translation-title=\"\" data-no-translation-aria-label=\"\"><i class=\"icon-facebook\" ><\/i><\/a><a href=\"#\" target=\"_blank\" data-label=\"Twitter\" rel=\"noopener noreferrer nofollow\" class=\"icon button circle is-outline  twitter tooltip\" title=\"Follow on Twitter\" aria-label=\"Follow on Twitter\" data-no-translation-title=\"\" data-no-translation-aria-label=\"\"><i class=\"icon-twitter\" ><\/i><\/a><a href=\"mailto:#\" data-label=\"E-mail\" rel=\"nofollow\" class=\"icon button circle is-outline  email tooltip\" title=\"Send us an email\" aria-label=\"Send us an email\" data-no-translation-title=\"\" data-no-translation-aria-label=\"\"><i class=\"icon-envelop\" ><\/i><\/a><a href=\"#\" target=\"_blank\" rel=\"noopener noreferrer nofollow\"  data-label=\"Pinterest\"  class=\"icon button circle is-outline  pinterest tooltip\" title=\"Follow on Pinterest\" aria-label=\"Follow on Pinterest\" data-no-translation-title=\"\" data-no-translation-aria-label=\"\"><i class=\"icon-pinterest\" ><\/i><\/a><a href=\"#\" target=\"_blank\" rel=\"noopener noreferrer nofollow\" data-label=\"LinkedIn\" class=\"icon button circle is-outline  linkedin tooltip\" title=\"Follow on LinkedIn\" aria-label=\"Follow on LinkedIn\" data-no-translation-title=\"\" data-no-translation-aria-label=\"\"><i class=\"icon-linkedin\" ><\/i><\/a><\/div>                 \n<p>Lorem ipsum dolor sit amet, consectetuer adipiscing elit, sed diam nonummy.<\/p>\n                <\/div>\n          <\/div>\n    <\/div>\n\n    \n    \n\t\t<\/div>\n\t\t\t\t\t<\/div>\n\n\t\n\n\t<div id=\"col-1389496103\" class=\"col medium-3 small-12 large-3\"  >\n\t\t\t\t<div class=\"col-inner\"  >\n\t\t\t\n\t\t\t\n    <div class=\"box has-hover has-hover box-text-bottom\" >\n\n                  <div class=\"box-image\" style=\"width:80%;\">\n           <div class=\"box-image-inner image-cover\" style=\"border-radius:100%;padding-top:100%;\">\n              <img width=\"400\" height=\"260\" src=\"https:\/\/houseofinsulators.com\/wp-content\/uploads\/2016\/08\/dummy-1.jpg\" class=\"attachment- size-\" alt=\"\" loading=\"lazy\" srcset=\"https:\/\/houseofinsulators.com\/wp-content\/uploads\/2016\/08\/dummy-1.jpg 400w, https:\/\/houseofinsulators.com\/wp-content\/uploads\/2016\/08\/dummy-1-300x195.jpg 300w, https:\/\/houseofinsulators.com\/wp-content\/uploads\/2016\/08\/dummy-1-16x10.jpg 16w\" sizes=\"(max-width: 400px) 100vw, 400px\" \/>                         <\/div>\n          <\/div>\n         \n          <div class=\"box-text text-center\" >\n                <div class=\"box-text-inner\">\n                  <h4 class=\"uppercase\">\n                    <span class=\"person-name\">Richy Lace<\/span><br\/>\n                    <span class=\"person-title is-small thin-font op-7\">\n                      Marketing Director                    <\/span>\n                  <\/h4>\n                 <div class=\"social-icons follow-icons\" ><a href=\"#\" target=\"_blank\" data-label=\"Facebook\" rel=\"noopener noreferrer nofollow\" class=\"icon button circle is-outline facebook tooltip\" title=\"Follow on Facebook\" aria-label=\"Follow on Facebook\" data-no-translation-title=\"\" data-no-translation-aria-label=\"\"><i class=\"icon-facebook\" ><\/i><\/a><a href=\"#\" target=\"_blank\" data-label=\"Twitter\" rel=\"noopener noreferrer nofollow\" class=\"icon button circle is-outline  twitter tooltip\" title=\"Follow on Twitter\" aria-label=\"Follow on Twitter\" data-no-translation-title=\"\" data-no-translation-aria-label=\"\"><i class=\"icon-twitter\" ><\/i><\/a><a href=\"mailto:#\" data-label=\"E-mail\" rel=\"nofollow\" class=\"icon button circle is-outline  email tooltip\" title=\"Send us an email\" aria-label=\"Send us an email\" data-no-translation-title=\"\" data-no-translation-aria-label=\"\"><i class=\"icon-envelop\" ><\/i><\/a><a href=\"#\" target=\"_blank\" rel=\"noopener noreferrer nofollow\"  data-label=\"Pinterest\"  class=\"icon button circle is-outline  pinterest tooltip\" title=\"Follow on Pinterest\" aria-label=\"Follow on Pinterest\" data-no-translation-title=\"\" data-no-translation-aria-label=\"\"><i class=\"icon-pinterest\" ><\/i><\/a><a href=\"#\" target=\"_blank\" rel=\"noopener noreferrer nofollow\" data-label=\"LinkedIn\" class=\"icon button circle is-outline  linkedin tooltip\" title=\"Follow on LinkedIn\" aria-label=\"Follow on LinkedIn\" data-no-translation-title=\"\" data-no-translation-aria-label=\"\"><i class=\"icon-linkedin\" ><\/i><\/a><\/div>                 \n<p>Lorem ipsum dolor sit amet, consectetuer adipiscing elit, sed diam nonummy.<\/p>\n                <\/div>\n          <\/div>\n    <\/div>\n\n    \n    \n\t\t<\/div>\n\t\t\t\t\t<\/div>\n\n\t\n\n\t<div id=\"col-1568222057\" class=\"col medium-3 small-12 large-3\"  >\n\t\t\t\t<div class=\"col-inner\"  >\n\t\t\t\n\t\t\t\n    <div class=\"box has-hover has-hover box-text-bottom\" >\n\n                  <div class=\"box-image\" style=\"width:80%;\">\n           <div class=\"box-image-inner image-cover\" style=\"border-radius:100%;padding-top:100%;\">\n              <img width=\"400\" height=\"260\" src=\"https:\/\/houseofinsulators.com\/wp-content\/uploads\/2016\/08\/dummy-1.jpg\" class=\"attachment- size-\" alt=\"\" loading=\"lazy\" srcset=\"https:\/\/houseofinsulators.com\/wp-content\/uploads\/2016\/08\/dummy-1.jpg 400w, https:\/\/houseofinsulators.com\/wp-content\/uploads\/2016\/08\/dummy-1-300x195.jpg 300w, https:\/\/houseofinsulators.com\/wp-content\/uploads\/2016\/08\/dummy-1-16x10.jpg 16w\" sizes=\"(max-width: 400px) 100vw, 400px\" \/>                         <\/div>\n          <\/div>\n         \n          <div class=\"box-text text-center\" >\n                <div class=\"box-text-inner\">\n                  <h4 class=\"uppercase\">\n                    <span class=\"person-name\">Jane Gray<\/span><br\/>\n                    <span class=\"person-title is-small thin-font op-7\">\n                      Public Relations                    <\/span>\n                  <\/h4>\n                 <div class=\"social-icons follow-icons\" ><a href=\"#\" target=\"_blank\" data-label=\"Facebook\" rel=\"noopener noreferrer nofollow\" class=\"icon button circle is-outline facebook tooltip\" title=\"Follow on Facebook\" aria-label=\"Follow on Facebook\" data-no-translation-title=\"\" data-no-translation-aria-label=\"\"><i class=\"icon-facebook\" ><\/i><\/a><a href=\"#\" target=\"_blank\" data-label=\"Twitter\" rel=\"noopener noreferrer nofollow\" class=\"icon button circle is-outline  twitter tooltip\" title=\"Follow on Twitter\" aria-label=\"Follow on Twitter\" data-no-translation-title=\"\" data-no-translation-aria-label=\"\"><i class=\"icon-twitter\" ><\/i><\/a><a href=\"mailto:#\" data-label=\"E-mail\" rel=\"nofollow\" class=\"icon button circle is-outline  email tooltip\" title=\"Send us an email\" aria-label=\"Send us an email\" data-no-translation-title=\"\" data-no-translation-aria-label=\"\"><i class=\"icon-envelop\" ><\/i><\/a><a href=\"#\" target=\"_blank\" rel=\"noopener noreferrer nofollow\"  data-label=\"Pinterest\"  class=\"icon button circle is-outline  pinterest tooltip\" title=\"Follow on Pinterest\" aria-label=\"Follow on Pinterest\" data-no-translation-title=\"\" data-no-translation-aria-label=\"\"><i class=\"icon-pinterest\" ><\/i><\/a><a href=\"#\" target=\"_blank\" rel=\"noopener noreferrer nofollow\" data-label=\"LinkedIn\" class=\"icon button circle is-outline  linkedin tooltip\" title=\"Follow on LinkedIn\" aria-label=\"Follow on LinkedIn\" data-no-translation-title=\"\" data-no-translation-aria-label=\"\"><i class=\"icon-linkedin\" ><\/i><\/a><\/div>                 \n<p>Lorem ipsum dolor sit amet, consectetuer adipiscing elit, sed diam nonummy.<\/p>\n                <\/div>\n          <\/div>\n    <\/div>\n\n    \n    \n\t\t<\/div>\n\t\t\t\t\t<\/div>\n\n\t\n\n\t<div id=\"col-1576035953\" class=\"col medium-3 small-12 large-3\"  >\n\t\t\t\t<div class=\"col-inner\"  >\n\t\t\t\n\t\t\t\n    <div class=\"box has-hover has-hover box-text-bottom\" >\n\n                  <div class=\"box-image\" style=\"width:80%;\">\n           <div class=\"box-image-inner image-cover\" style=\"border-radius:100%;padding-top:100%;\">\n              <img width=\"400\" height=\"260\" src=\"https:\/\/houseofinsulators.com\/wp-content\/uploads\/2016\/08\/dummy-1.jpg\" class=\"attachment- size-\" alt=\"\" loading=\"lazy\" srcset=\"https:\/\/houseofinsulators.com\/wp-content\/uploads\/2016\/08\/dummy-1.jpg 400w, https:\/\/houseofinsulators.com\/wp-content\/uploads\/2016\/08\/dummy-1-300x195.jpg 300w, https:\/\/houseofinsulators.com\/wp-content\/uploads\/2016\/08\/dummy-1-16x10.jpg 16w\" sizes=\"(max-width: 400px) 100vw, 400px\" \/>                         <\/div>\n          <\/div>\n         \n          <div class=\"box-text text-center\" >\n                <div class=\"box-text-inner\">\n                  <h4 class=\"uppercase\">\n                    <span class=\"person-name\">July Wood<\/span><br\/>\n                    <span class=\"person-title is-small thin-font op-7\">\n                      Customer Support                    <\/span>\n                  <\/h4>\n                 <div class=\"social-icons follow-icons\" ><a href=\"#\" target=\"_blank\" data-label=\"Facebook\" rel=\"noopener noreferrer nofollow\" class=\"icon button circle is-outline facebook tooltip\" title=\"Follow on Facebook\" aria-label=\"Follow on Facebook\" data-no-translation-title=\"\" data-no-translation-aria-label=\"\"><i class=\"icon-facebook\" ><\/i><\/a><a href=\"#\" target=\"_blank\" data-label=\"Twitter\" rel=\"noopener noreferrer nofollow\" class=\"icon button circle is-outline  twitter tooltip\" title=\"Follow on Twitter\" aria-label=\"Follow on Twitter\" data-no-translation-title=\"\" data-no-translation-aria-label=\"\"><i class=\"icon-twitter\" ><\/i><\/a><a href=\"mailto:#\" data-label=\"E-mail\" rel=\"nofollow\" class=\"icon button circle is-outline  email tooltip\" title=\"Send us an email\" aria-label=\"Send us an email\" data-no-translation-title=\"\" data-no-translation-aria-label=\"\"><i class=\"icon-envelop\" ><\/i><\/a><a href=\"#\" target=\"_blank\" rel=\"noopener noreferrer nofollow\"  data-label=\"Pinterest\"  class=\"icon button circle is-outline  pinterest tooltip\" title=\"Follow on Pinterest\" aria-label=\"Follow on Pinterest\" data-no-translation-title=\"\" data-no-translation-aria-label=\"\"><i class=\"icon-pinterest\" ><\/i><\/a><a href=\"#\" target=\"_blank\" rel=\"noopener noreferrer nofollow\" data-label=\"LinkedIn\" class=\"icon button circle is-outline  linkedin tooltip\" title=\"Follow on LinkedIn\" aria-label=\"Follow on LinkedIn\" data-no-translation-title=\"\" data-no-translation-aria-label=\"\"><i class=\"icon-linkedin\" ><\/i><\/a><\/div>                 \n<p>Lorem ipsum dolor sit amet, consectetuer adipiscing elit, sed diam nonummy.<\/p>\n                <\/div>\n          <\/div>\n    <\/div>\n\n    \n    \n\t\t<\/div>\n\t\t\t\t\t<\/div>\n\n\t\n<\/div>","protected":false},"excerpt":{"rendered":"","protected":false},"author":1,"featured_media":75,"parent":110,"menu_order":0,"comment_status":"closed","ping_status":"closed","template":"page-transparent-header-light.php","meta":[],"yoast_head":"<!-- This site is optimized with the Yoast SEO plugin v19.9 - https:\/\/yoast.com\/wordpress\/plugins\/seo\/ -->\n<title>About | House of Insulators<\/title>\n<meta name=\"robots\" content=\"index, follow, max-snippet:-1, max-image-preview:large, max-video-preview:-1\" \/>\n<link rel=\"canonical\" href=\"https:\/\/houseofinsulators.com\/cs\/elements\/pages\/about\/\" \/>\n<meta property=\"og:locale\" content=\"cs_CZ\" \/>\n<meta property=\"og:type\" content=\"article\" \/>\n<meta property=\"og:title\" content=\"About | House of Insulators\" \/>\n<meta property=\"og:url\" content=\"https:\/\/houseofinsulators.com\/cs\/elements\/pages\/about\/\" \/>\n<meta property=\"og:site_name\" content=\"House of Insulators\" \/>\n<meta property=\"article:modified_time\" content=\"2021-05-04T12:09:23+00:00\" \/>\n<meta property=\"og:image\" content=\"https:\/\/houseofinsulators.com\/wp-content\/uploads\/2016\/08\/dummy-1.jpg\" \/>\n\t<meta property=\"og:image:width\" content=\"400\" \/>\n\t<meta property=\"og:image:height\" content=\"260\" \/>\n\t<meta property=\"og:image:type\" content=\"image\/jpeg\" \/>\n<meta name=\"twitter:card\" content=\"summary_large_image\" \/>\n<meta name=\"twitter:label1\" content=\"Odhadovan\u00e1 doba \u010dten\u00ed\" \/>\n\t<meta name=\"twitter:data1\" content=\"1 minuta\" \/>\n<script type=\"application\/ld+json\" class=\"yoast-schema-graph\">{\"@context\":\"https:\/\/schema.org\",\"@graph\":[{\"@type\":\"WebPage\",\"@id\":\"https:\/\/houseofinsulators.com\/elements\/pages\/about\/\",\"url\":\"https:\/\/houseofinsulators.com\/elements\/pages\/about\/\",\"name\":\"About | House of Insulators\",\"isPartOf\":{\"@id\":\"https:\/\/houseofinsulators.com\/#website\"},\"datePublished\":\"2013-08-11T19:06:15+00:00\",\"dateModified\":\"2021-05-04T12:09:23+00:00\",\"breadcrumb\":{\"@id\":\"https:\/\/houseofinsulators.com\/elements\/pages\/about\/#breadcrumb\"},\"inLanguage\":\"cs\",\"potentialAction\":[{\"@type\":\"ReadAction\",\"target\":[\"https:\/\/houseofinsulators.com\/elements\/pages\/about\/\"]}]},{\"@type\":\"BreadcrumbList\",\"@id\":\"https:\/\/houseofinsulators.com\/elements\/pages\/about\/#breadcrumb\",\"itemListElement\":[{\"@type\":\"ListItem\",\"position\":1,\"name\":\"Home\",\"item\":\"https:\/\/houseofinsulators.com\/\"},{\"@type\":\"ListItem\",\"position\":2,\"name\":\"Elements\",\"item\":\"https:\/\/houseofinsulators.com\/elements\/\"},{\"@type\":\"ListItem\",\"position\":3,\"name\":\"Pages\",\"item\":\"https:\/\/houseofinsulators.com\/elements\/pages\/\"},{\"@type\":\"ListItem\",\"position\":4,\"name\":\"About\"}]},{\"@type\":\"WebSite\",\"@id\":\"https:\/\/houseofinsulators.com\/#website\",\"url\":\"https:\/\/houseofinsulators.com\/\",\"name\":\"House of Insulators\",\"description\":\"Electrostatic Precipitator Insulators (ESP insulators), Shaft insulators, Wall bushings, Insulators for substation, Support insulators for ESP\",\"publisher\":{\"@id\":\"https:\/\/houseofinsulators.com\/#organization\"},\"alternateName\":\"ESPI Insulators\",\"potentialAction\":[{\"@type\":\"SearchAction\",\"target\":{\"@type\":\"EntryPoint\",\"urlTemplate\":\"https:\/\/houseofinsulators.com\/?s={search_term_string}\"},\"query-input\":\"required name=search_term_string\"}],\"inLanguage\":\"cs\"},{\"@type\":\"Organization\",\"@id\":\"https:\/\/houseofinsulators.com\/#organization\",\"name\":\"ESPI Europe\",\"alternateName\":\"ESPI\",\"url\":\"https:\/\/houseofinsulators.com\/\",\"logo\":{\"@type\":\"ImageObject\",\"inLanguage\":\"cs\",\"@id\":\"https:\/\/houseofinsulators.com\/#\/schema\/logo\/image\/\",\"url\":\"https:\/\/houseofinsulators.com\/wp-content\/uploads\/2021\/05\/espi-logo.jpg\",\"contentUrl\":\"https:\/\/houseofinsulators.com\/wp-content\/uploads\/2021\/05\/espi-logo.jpg\",\"width\":424,\"height\":228,\"caption\":\"ESPI Europe\"},\"image\":{\"@id\":\"https:\/\/houseofinsulators.com\/#\/schema\/logo\/image\/\"},\"sameAs\":[\"https:\/\/www.linkedin.com\/company\/espi-europe\"]}]}<\/script>\n<!-- \/ Yoast SEO plugin. -->","yoast_head_json":{"title":"About | House of Insulators","robots":{"index":"index","follow":"follow","max-snippet":"max-snippet:-1","max-image-preview":"max-image-preview:large","max-video-preview":"max-video-preview:-1"},"canonical":"https:\/\/houseofinsulators.com\/cs\/elements\/pages\/about\/","og_locale":"cs_CZ","og_type":"article","og_title":"About | House of Insulators","og_url":"https:\/\/houseofinsulators.com\/cs\/elements\/pages\/about\/","og_site_name":"House of Insulators","article_modified_time":"2021-05-04T12:09:23+00:00","og_image":[{"width":400,"height":260,"url":"https:\/\/houseofinsulators.com\/wp-content\/uploads\/2016\/08\/dummy-1.jpg","type":"image\/jpeg"}],"twitter_card":"summary_large_image","twitter_misc":{"Odhadovan\u00e1 doba \u010dten\u00ed":"1 minuta"},"schema":{"@context":"https:\/\/schema.org","@graph":[{"@type":"WebPage","@id":"https:\/\/houseofinsulators.com\/elements\/pages\/about\/","url":"https:\/\/houseofinsulators.com\/elements\/pages\/about\/","name":"About | House of Insulators","isPartOf":{"@id":"https:\/\/houseofinsulators.com\/#website"},"datePublished":"2013-08-11T19:06:15+00:00","dateModified":"2021-05-04T12:09:23+00:00","breadcrumb":{"@id":"https:\/\/houseofinsulators.com\/elements\/pages\/about\/#breadcrumb"},"inLanguage":"cs","potentialAction":[{"@type":"ReadAction","target":["https:\/\/houseofinsulators.com\/elements\/pages\/about\/"]}]},{"@type":"BreadcrumbList","@id":"https:\/\/houseofinsulators.com\/elements\/pages\/about\/#breadcrumb","itemListElement":[{"@type":"ListItem","position":1,"name":"Home","item":"https:\/\/houseofinsulators.com\/"},{"@type":"ListItem","position":2,"name":"Elements","item":"https:\/\/houseofinsulators.com\/elements\/"},{"@type":"ListItem","position":3,"name":"Pages","item":"https:\/\/houseofinsulators.com\/elements\/pages\/"},{"@type":"ListItem","position":4,"name":"About"}]},{"@type":"WebSite","@id":"https:\/\/houseofinsulators.com\/#website","url":"https:\/\/houseofinsulators.com\/","name":"House of Insulators","description":"Electrostatic Precipitator Insulators (ESP insulators), Shaft insulators, Wall bushings, Insulators for substation, Support insulators for ESP","publisher":{"@id":"https:\/\/houseofinsulators.com\/#organization"},"alternateName":"ESPI Insulators","potentialAction":[{"@type":"SearchAction","target":{"@type":"EntryPoint","urlTemplate":"https:\/\/houseofinsulators.com\/?s={search_term_string}"},"query-input":"required name=search_term_string"}],"inLanguage":"cs"},{"@type":"Organization","@id":"https:\/\/houseofinsulators.com\/#organization","name":"ESPI Europe","alternateName":"ESPI","url":"https:\/\/houseofinsulators.com\/","logo":{"@type":"ImageObject","inLanguage":"cs","@id":"https:\/\/houseofinsulators.com\/#\/schema\/logo\/image\/","url":"https:\/\/houseofinsulators.com\/wp-content\/uploads\/2021\/05\/espi-logo.jpg","contentUrl":"https:\/\/houseofinsulators.com\/wp-content\/uploads\/2021\/05\/espi-logo.jpg","width":424,"height":228,"caption":"ESPI Europe"},"image":{"@id":"https:\/\/houseofinsulators.com\/#\/schema\/logo\/image\/"},"sameAs":["https:\/\/www.linkedin.com\/company\/espi-europe"]}]}},"_links":{"self":[{"href":"https:\/\/houseofinsulators.com\/cs\/wp-json\/wp\/v2\/pages\/153"}],"collection":[{"href":"https:\/\/houseofinsulators.com\/cs\/wp-json\/wp\/v2\/pages"}],"about":[{"href":"https:\/\/houseofinsulators.com\/cs\/wp-json\/wp\/v2\/types\/page"}],"author":[{"embeddable":true,"href":"https:\/\/houseofinsulators.com\/cs\/wp-json\/wp\/v2\/users\/1"}],"replies":[{"embeddable":true,"href":"https:\/\/houseofinsulators.com\/cs\/wp-json\/wp\/v2\/comments?post=153"}],"version-history":[{"count":1,"href":"https:\/\/houseofinsulators.com\/cs\/wp-json\/wp\/v2\/pages\/153\/revisions"}],"predecessor-version":[{"id":215,"href":"https:\/\/houseofinsulators.com\/cs\/wp-json\/wp\/v2\/pages\/153\/revisions\/215"}],"up":[{"embeddable":true,"href":"https:\/\/houseofinsulators.com\/cs\/wp-json\/wp\/v2\/pages\/110"}],"wp:featuredmedia":[{"embeddable":true,"href":"https:\/\/houseofinsulators.com\/cs\/wp-json\/wp\/v2\/media\/75"}],"wp:attachment":[{"href":"https:\/\/houseofinsulators.com\/cs\/wp-json\/wp\/v2\/media?parent=153"}],"curies":[{"name":"wp","href":"https:\/\/api.w.org\/{rel}","templated":true}]}}