{"id":3,"date":"2021-05-04T10:40:58","date_gmt":"2021-05-04T10:40:58","guid":{"rendered":"http:\/\/houseofinsulators.com\/?page_id=3"},"modified":"2022-09-14T13:40:57","modified_gmt":"2022-09-14T13:40:57","slug":"privacy-policy","status":"publish","type":"page","link":"https:\/\/houseofinsulators.com\/cs\/obchod\/privacy-policy\/","title":{"rendered":"Z\u00e1sady ochrany osobn\u00edch \u00fadaj\u016f"},"content":{"rendered":"<h2>Who we are<\/h2>\n\n<p><strong class=\"privacy-policy-tutorial\">Suggested text: <\/strong>Our website address is: http:\/\/houseofinsulators.com.<\/p>\n\n<h2>Comments<\/h2>\n\n<p><strong class=\"privacy-policy-tutorial\">Suggested text: <\/strong>When visitors leave comments on the site we collect the data shown in the comments form, and also the visitor\u2019s IP address and browser user agent string to help spam detection.<\/p>\n\n<p>An anonymized string created from your email address (also called a hash) may be provided to the Gravatar service to see if you are using it. The Gravatar service privacy policy is available here: https:\/\/automattic.com\/privacy\/. After approval of your comment, your profile picture is visible to the public in the context of your comment.<\/p>\n\n<h2>Media<\/h2>\n\n<p><strong class=\"privacy-policy-tutorial\">Suggested text: <\/strong>If you upload images to the website, you should avoid uploading images with embedded location data (EXIF GPS) included. Visitors to the website can download and extract any location data from images on the website.<\/p>\n\n<h2>Cookies<\/h2>\n\n<p><strong class=\"privacy-policy-tutorial\">Suggested text: <\/strong>If you leave a comment on our site you may opt-in to saving your name, email address and website in cookies. These are for your convenience so that you do not have to fill in your details again when you leave another comment. These cookies will last for one year.<\/p>\n\n<p>If you visit our login page, we will set a temporary cookie to determine if your browser accepts cookies. This cookie contains no personal data and is discarded when you close your browser.<\/p>\n\n<p>When you log in, we will also set up several cookies to save your login information and your screen display choices. Login cookies last for two days, and screen options cookies last for a year. If you select &#8220;Remember Me&#8221;, your login will persist for two weeks. If you log out of your account, the login cookies will be removed.<\/p>\n\n<p>If you edit or publish an article, an additional cookie will be saved in your browser. This cookie includes no personal data and simply indicates the post ID of the article you just edited. It expires after 1 day.<\/p>\n\n<h2>Embedded content from other websites<\/h2>\n\n<p><strong class=\"privacy-policy-tutorial\">Suggested text: <\/strong>Articles on this site may include embedded content (e.g. videos, images, articles, etc.). Embedded content from other websites behaves in the exact same way as if the visitor has visited the other website.<\/p>\n\n<p>These websites may collect data about you, use cookies, embed additional third-party tracking, and monitor your interaction with that embedded content, including tracking your interaction with the embedded content if you have an account and are logged in to that website.<\/p>\n\n<h2>Who we share your data with<\/h2>\n\n<p><strong class=\"privacy-policy-tutorial\">Suggested text: <\/strong>If you request a password reset, your IP address will be included in the reset email.<\/p>\n\n<h2>How long we retain your data<\/h2>\n\n<p><strong class=\"privacy-policy-tutorial\">Suggested text: <\/strong>If you leave a comment, the comment and its metadata are retained indefinitely. This is so we can recognize and approve any follow-up comments automatically instead of holding them in a moderation queue.<\/p>\n\n<p>For users that register on our website (if any), we also store the personal information they provide in their user profile. All users can see, edit, or delete their personal information at any time (except they cannot change their username). Website administrators can also see and edit that information.<\/p>\n\n<h2>What rights you have over your data<\/h2>\n\n<p><strong class=\"privacy-policy-tutorial\">Suggested text: <\/strong>If you have an account on this site, or have left comments, you can request to receive an exported file of the personal data we hold about you, including any data you have provided to us. You can also request that we erase any personal data we hold about you. This does not include any data we are obliged to keep for administrative, legal, or security purposes.<\/p>\n\n<h2>Where we send your data<\/h2>\n\n<p><strong class=\"privacy-policy-tutorial\">Suggested text: <\/strong>Visitor comments may be checked through an automated spam detection service.<\/p>\n\n<p><p><\/p>\n<p id=\"matomo_opted_out_intro\" style=\"display:none;\">Opt-out complete; your visits to this website will not be recorded by the Web Analytics tool. Note that if you clear your cookies, delete the opt-out cookie, or if you change computers or Web browsers, you will need to perform the opt-out procedure again.<\/p><p id=\"matomo_opted_in_intro\" >You may choose to prevent this website from aggregating and analyzing the actions you take here. Doing so will protect your privacy, but will also prevent the owner from learning from your actions and creating a better experience for you and other users.<\/p><form action=\"\">\n        <input type=\"checkbox\" id=\"matomo_optout_checkbox\" checked=\"checked\"\/>\n        <label for=\"matomo_optout_checkbox\"><strong>\n        <span id=\"matomo_opted_in_label\" >You are not opted out. Uncheck this box to opt-out.<\/span>\n\t\t<span id=\"matomo_opted_out_label\" style=\"display:none;\">You are currently opted out. Check this box to opt-in.<\/span>\n        <\/strong><\/label><input type=\"hidden\" name=\"trp-form-language\" value=\"cs\"\/><\/form><noscript><p><strong style=\"color: #ff0000;\">This opt out feature requires JavaScript.<\/strong><\/p><\/noscript><p id=\"matomo_outout_err_cookies\" style=\"display: none;\"><strong>The tracking opt-out feature requires cookies to be enabled.<\/strong><\/p>\n\n\n\n<h2>Who we are<\/h2>\n<p>Our website address is: https:\/\/houseofinsulators.com<\/p>\n<h2>What personal data we collect and why we collect it<\/h2>\n<h3>Comments<\/h3>\n<p>When visitors leave comments on the site we collect the data shown in the comments form, and also the visitor\u2019s IP address and browser user agent string to help spam detection.<\/p>\n<p>An anonymized string created from your email address (also called a hash) may be provided to the Gravatar service to see if you are using it. The Gravatar service privacy policy is available here: https:\/\/automattic.com\/privacy\/. After approval of your comment, your profile picture is visible to the public in the context of your comment.<\/p>\n<h3>Media<\/h3>\n<p>If you upload images to the website, you should avoid uploading images with embedded location data (EXIF GPS) included. Visitors to the website can download and extract any location data from images on the website.<\/p>\n<h3>Contact forms<\/h3>\n<h3>Cookies<\/h3>\n<p>If you leave a comment on our site you may opt-in to saving your name, email address and website in cookies. These are for your convenience so that you do not have to fill in your details again when you leave another comment. These cookies will last for one year.<\/p>\n<p>If you visit our login page, we will set a temporary cookie to determine if your browser accepts cookies. This cookie contains no personal data and is discarded when you close your browser.<\/p>\n<p>When you log in, we will also set up several cookies to save your login information and your screen display choices. Login cookies last for two days, and screen options cookies last for a year. If you select \u201eRemember Me\u201c, your login will persist for two weeks. If you log out of your account, the login cookies will be removed.<\/p>\n<p>If you edit or publish an article, an additional cookie will be saved in your browser. This cookie includes no personal data and simply indicates the post ID of the article you just edited. It expires after 1 day.<\/p>\n<h3>Embedded content from other websites<\/h3>\n<p>Articles on this site may include embedded content (e.g. videos, images, articles, etc.). Embedded content from other websites behaves in the exact same way as if the visitor has visited the other website.<\/p>\n<p>These websites may collect data about you, use cookies, embed additional third-party tracking, and monitor your interaction with that embedded content, including tracking your interaction with the embedded content if you have an account and are logged in to that website.<\/p>\n<h3>Analytics<\/h3>\n<h2>Who we share your data with<\/h2>\n<h2>How long we retain your data<\/h2>\n<p>If you leave a comment, the comment and its metadata are retained indefinitely. This is so we can recognize and approve any follow-up comments automatically instead of holding them in a moderation queue.<\/p>\n<p>For users that register on our website (if any), we also store the personal information they provide in their user profile. All users can see, edit, or delete their personal information at any time (except they cannot change their username). Website administrators can also see and edit that information.<\/p>\n<h2>What rights you have over your data<\/h2>\n<p>If you have an account on this site, or have left comments, you can request to receive an exported file of the personal data we hold about you, including any data you have provided to us. You can also request that we erase any personal data we hold about you. This does not include any data we are obliged to keep for administrative, legal, or security purposes.<\/p>\n<h2>Where we send your data<\/h2>\n<p>Visitor comments may be checked through an automated spam detection service.<\/p>\n<h2>Your contact information<\/h2>\n<h2>Additional information<\/h2>\n<p id=\"matomo_opted_in_intro\">M\u016f\u017eete se rozhodnout zabr\u00e1nit tomuto webu v agregaci a anal\u00fdze akc\u00ed, kter\u00e9 zde provedete. T\u00edm ochr\u00e1n\u00edte sv\u00e9 soukrom\u00ed, ale tak\u00e9 zabr\u00e1n\u00ed majiteli, aby se pou\u010dil z va\u0161ich akc\u00ed a vytvo\u0159il lep\u0161\u00ed z\u00e1\u017eitek pro v\u00e1s a ostatn\u00ed u\u017eivatele.<\/p>\n<form action=\"\"><input id=\"matomo_optout_checkbox\" checked=\"checked\" type=\"checkbox\" \/><label for=\"matomo_optout_checkbox\"><strong><span id=\"matomo_opted_in_label\">Nejste vylou\u010deni. Zru\u0161te za\u0161krtnut\u00ed tohoto pol\u00ed\u010dka pro odhl\u00e1\u0161en\u00ed.<\/span><\/strong><\/label><input type=\"hidden\" name=\"trp-form-language\" value=\"cs\"\/><\/form>\n<h3>How we protect your data<\/h3>\n<h3>What data breach procedures we have in place<\/h3>\n<h3>What third parties we receive data from<\/h3>\n<h3>What automated decision making and\/or profiling we do with user data<\/h3>\n<h3>Industry regulatory disclosure requirements<\/h3>","protected":false},"excerpt":{"rendered":"<p>Who we are Suggested text: Our website address is: http:\/\/houseofinsulators.com. Comments Suggested text: When visitors leave comments on the site we collect the data shown in the comments form, and also the visitor\u2019s IP address and browser user agent string to help spam detection. An anonymized string created from your email address (also called a [&#8230;]","protected":false},"author":1,"featured_media":0,"parent":6,"menu_order":0,"comment_status":"closed","ping_status":"open","template":"","meta":[],"yoast_head":"<!-- This site is optimized with the Yoast SEO plugin v19.9 - https:\/\/yoast.com\/wordpress\/plugins\/seo\/ -->\n<title>Privacy Policy | House of Insulators<\/title>\n<meta name=\"robots\" content=\"index, follow, max-snippet:-1, max-image-preview:large, max-video-preview:-1\" \/>\n<link rel=\"canonical\" href=\"https:\/\/houseofinsulators.com\/cs\/obchod\/privacy-policy\/\" \/>\n<meta property=\"og:locale\" content=\"cs_CZ\" \/>\n<meta property=\"og:type\" content=\"article\" \/>\n<meta property=\"og:title\" content=\"Privacy Policy | House of Insulators\" \/>\n<meta property=\"og:description\" content=\"Who we are Suggested text: Our website address is: http:\/\/houseofinsulators.com. Comments Suggested text: When visitors leave comments on the site we collect the data shown in the comments form, and also the visitor\u2019s IP address and browser user agent string to help spam detection. An anonymized string created from your email address (also called a [...]\" \/>\n<meta property=\"og:url\" content=\"https:\/\/houseofinsulators.com\/cs\/obchod\/privacy-policy\/\" \/>\n<meta property=\"og:site_name\" content=\"House of Insulators\" \/>\n<meta property=\"article:modified_time\" content=\"2022-09-14T13:40:57+00:00\" \/>\n<meta name=\"twitter:card\" content=\"summary_large_image\" \/>\n<meta name=\"twitter:label1\" content=\"Odhadovan\u00e1 doba \u010dten\u00ed\" \/>\n\t<meta name=\"twitter:data1\" content=\"7 minut\" \/>\n<script type=\"application\/ld+json\" class=\"yoast-schema-graph\">{\"@context\":\"https:\/\/schema.org\",\"@graph\":[{\"@type\":\"WebPage\",\"@id\":\"https:\/\/houseofinsulators.com\/obchod\/privacy-policy\/\",\"url\":\"https:\/\/houseofinsulators.com\/obchod\/privacy-policy\/\",\"name\":\"Privacy Policy | House of Insulators\",\"isPartOf\":{\"@id\":\"https:\/\/houseofinsulators.com\/#website\"},\"datePublished\":\"2021-05-04T10:40:58+00:00\",\"dateModified\":\"2022-09-14T13:40:57+00:00\",\"breadcrumb\":{\"@id\":\"https:\/\/houseofinsulators.com\/obchod\/privacy-policy\/#breadcrumb\"},\"inLanguage\":\"cs\",\"potentialAction\":[{\"@type\":\"ReadAction\",\"target\":[\"https:\/\/houseofinsulators.com\/obchod\/privacy-policy\/\"]}]},{\"@type\":\"BreadcrumbList\",\"@id\":\"https:\/\/houseofinsulators.com\/obchod\/privacy-policy\/#breadcrumb\",\"itemListElement\":[{\"@type\":\"ListItem\",\"position\":1,\"name\":\"Home\",\"item\":\"https:\/\/houseofinsulators.com\/\"},{\"@type\":\"ListItem\",\"position\":2,\"name\":\"Obchod\",\"item\":\"https:\/\/houseofinsulators.com\/obchod\/\"},{\"@type\":\"ListItem\",\"position\":3,\"name\":\"Privacy Policy\"}]},{\"@type\":\"WebSite\",\"@id\":\"https:\/\/houseofinsulators.com\/#website\",\"url\":\"https:\/\/houseofinsulators.com\/\",\"name\":\"House of Insulators\",\"description\":\"Electrostatic Precipitator Insulators (ESP insulators), Shaft insulators, Wall bushings, Insulators for substation, Support insulators for ESP\",\"publisher\":{\"@id\":\"https:\/\/houseofinsulators.com\/#organization\"},\"alternateName\":\"ESPI Insulators\",\"potentialAction\":[{\"@type\":\"SearchAction\",\"target\":{\"@type\":\"EntryPoint\",\"urlTemplate\":\"https:\/\/houseofinsulators.com\/?s={search_term_string}\"},\"query-input\":\"required name=search_term_string\"}],\"inLanguage\":\"cs\"},{\"@type\":\"Organization\",\"@id\":\"https:\/\/houseofinsulators.com\/#organization\",\"name\":\"ESPI Europe\",\"alternateName\":\"ESPI\",\"url\":\"https:\/\/houseofinsulators.com\/\",\"logo\":{\"@type\":\"ImageObject\",\"inLanguage\":\"cs\",\"@id\":\"https:\/\/houseofinsulators.com\/#\/schema\/logo\/image\/\",\"url\":\"https:\/\/houseofinsulators.com\/wp-content\/uploads\/2021\/05\/espi-logo.jpg\",\"contentUrl\":\"https:\/\/houseofinsulators.com\/wp-content\/uploads\/2021\/05\/espi-logo.jpg\",\"width\":424,\"height\":228,\"caption\":\"ESPI Europe\"},\"image\":{\"@id\":\"https:\/\/houseofinsulators.com\/#\/schema\/logo\/image\/\"},\"sameAs\":[\"https:\/\/www.linkedin.com\/company\/espi-europe\"]}]}<\/script>\n<!-- \/ Yoast SEO plugin. -->","yoast_head_json":{"title":"Privacy Policy | House of Insulators","robots":{"index":"index","follow":"follow","max-snippet":"max-snippet:-1","max-image-preview":"max-image-preview:large","max-video-preview":"max-video-preview:-1"},"canonical":"https:\/\/houseofinsulators.com\/cs\/obchod\/privacy-policy\/","og_locale":"cs_CZ","og_type":"article","og_title":"Privacy Policy | House of Insulators","og_description":"Who we are Suggested text: Our website address is: http:\/\/houseofinsulators.com. Comments Suggested text: When visitors leave comments on the site we collect the data shown in the comments form, and also the visitor\u2019s IP address and browser user agent string to help spam detection. An anonymized string created from your email address (also called a [...]","og_url":"https:\/\/houseofinsulators.com\/cs\/obchod\/privacy-policy\/","og_site_name":"House of Insulators","article_modified_time":"2022-09-14T13:40:57+00:00","twitter_card":"summary_large_image","twitter_misc":{"Odhadovan\u00e1 doba \u010dten\u00ed":"7 minut"},"schema":{"@context":"https:\/\/schema.org","@graph":[{"@type":"WebPage","@id":"https:\/\/houseofinsulators.com\/obchod\/privacy-policy\/","url":"https:\/\/houseofinsulators.com\/obchod\/privacy-policy\/","name":"Privacy Policy | House of Insulators","isPartOf":{"@id":"https:\/\/houseofinsulators.com\/#website"},"datePublished":"2021-05-04T10:40:58+00:00","dateModified":"2022-09-14T13:40:57+00:00","breadcrumb":{"@id":"https:\/\/houseofinsulators.com\/obchod\/privacy-policy\/#breadcrumb"},"inLanguage":"cs","potentialAction":[{"@type":"ReadAction","target":["https:\/\/houseofinsulators.com\/obchod\/privacy-policy\/"]}]},{"@type":"BreadcrumbList","@id":"https:\/\/houseofinsulators.com\/obchod\/privacy-policy\/#breadcrumb","itemListElement":[{"@type":"ListItem","position":1,"name":"Home","item":"https:\/\/houseofinsulators.com\/"},{"@type":"ListItem","position":2,"name":"Obchod","item":"https:\/\/houseofinsulators.com\/obchod\/"},{"@type":"ListItem","position":3,"name":"Privacy Policy"}]},{"@type":"WebSite","@id":"https:\/\/houseofinsulators.com\/#website","url":"https:\/\/houseofinsulators.com\/","name":"House of Insulators","description":"Electrostatic Precipitator Insulators (ESP insulators), Shaft insulators, Wall bushings, Insulators for substation, Support insulators for ESP","publisher":{"@id":"https:\/\/houseofinsulators.com\/#organization"},"alternateName":"ESPI Insulators","potentialAction":[{"@type":"SearchAction","target":{"@type":"EntryPoint","urlTemplate":"https:\/\/houseofinsulators.com\/?s={search_term_string}"},"query-input":"required name=search_term_string"}],"inLanguage":"cs"},{"@type":"Organization","@id":"https:\/\/houseofinsulators.com\/#organization","name":"ESPI Europe","alternateName":"ESPI","url":"https:\/\/houseofinsulators.com\/","logo":{"@type":"ImageObject","inLanguage":"cs","@id":"https:\/\/houseofinsulators.com\/#\/schema\/logo\/image\/","url":"https:\/\/houseofinsulators.com\/wp-content\/uploads\/2021\/05\/espi-logo.jpg","contentUrl":"https:\/\/houseofinsulators.com\/wp-content\/uploads\/2021\/05\/espi-logo.jpg","width":424,"height":228,"caption":"ESPI Europe"},"image":{"@id":"https:\/\/houseofinsulators.com\/#\/schema\/logo\/image\/"},"sameAs":["https:\/\/www.linkedin.com\/company\/espi-europe"]}]}},"_links":{"self":[{"href":"https:\/\/houseofinsulators.com\/cs\/wp-json\/wp\/v2\/pages\/3"}],"collection":[{"href":"https:\/\/houseofinsulators.com\/cs\/wp-json\/wp\/v2\/pages"}],"about":[{"href":"https:\/\/houseofinsulators.com\/cs\/wp-json\/wp\/v2\/types\/page"}],"author":[{"embeddable":true,"href":"https:\/\/houseofinsulators.com\/cs\/wp-json\/wp\/v2\/users\/1"}],"replies":[{"embeddable":true,"href":"https:\/\/houseofinsulators.com\/cs\/wp-json\/wp\/v2\/comments?post=3"}],"version-history":[{"count":2,"href":"https:\/\/houseofinsulators.com\/cs\/wp-json\/wp\/v2\/pages\/3\/revisions"}],"predecessor-version":[{"id":502,"href":"https:\/\/houseofinsulators.com\/cs\/wp-json\/wp\/v2\/pages\/3\/revisions\/502"}],"up":[{"embeddable":true,"href":"https:\/\/houseofinsulators.com\/cs\/wp-json\/wp\/v2\/pages\/6"}],"wp:attachment":[{"href":"https:\/\/houseofinsulators.com\/cs\/wp-json\/wp\/v2\/media?parent=3"}],"curies":[{"name":"wp","href":"https:\/\/api.w.org\/{rel}","templated":true}]}}