{"id":421,"date":"2021-05-13T13:02:05","date_gmt":"2021-05-13T13:02:05","guid":{"rendered":"http:\/\/houseofinsulators.com\/?page_id=421"},"modified":"2021-05-14T11:17:03","modified_gmt":"2021-05-14T11:17:03","slug":"pruchodky","status":"publish","type":"page","link":"https:\/\/houseofinsulators.com\/cs\/pruchodky\/","title":{"rendered":"Pr\u016fchodky &#8211; porcel\u00e1n"},"content":{"rendered":"<div class=\"wp-container-3 wp-block-group\"><div class=\"wp-block-group__inner-container\">\n<div class=\"wp-container-2 wp-block-columns\">\n<div class=\"wp-container-1 wp-block-column\" style=\"flex-basis:100%\"><div data-block-name=\"woocommerce\/product-category\" data-columns=\"5\" data-rows=\"1\" data-align-buttons=\"true\" data-categories=\"[59]\" data-content-visibility=\"{&quot;title&quot;:true,&quot;price&quot;:false,&quot;rating&quot;:false,&quot;button&quot;:false}\" data-orderby=\"menu_order\" class=\"wc-block-grid wp-block-product-category wc-block-product-category has-5-columns has-aligned-buttons\"><ul class=\"wc-block-grid__products\"><li class=\"wc-block-grid__product\">\n\t\t\t\t<a href=\"https:\/\/houseofinsulators.com\/cs\/produkt\/transformer-bushing-30nf630\/\" class=\"wc-block-grid__product-link\">\n\t\t\t\t\t<div class=\"wc-block-grid__product-image\"><img width=\"300\" height=\"300\" src=\"https:\/\/houseofinsulators.com\/wp-content\/uploads\/2023\/02\/111-30nf630-300x300.jpeg\" class=\"attachment-woocommerce_thumbnail size-woocommerce_thumbnail\" alt=\"bushing-30nf630\" loading=\"lazy\" srcset=\"https:\/\/houseofinsulators.com\/wp-content\/uploads\/2023\/02\/111-30nf630-300x300.jpeg 300w, https:\/\/houseofinsulators.com\/wp-content\/uploads\/2023\/02\/111-30nf630-280x280.jpeg 280w, https:\/\/houseofinsulators.com\/wp-content\/uploads\/2023\/02\/111-30nf630-100x100.jpeg 100w\" sizes=\"(max-width: 300px) 100vw, 300px\" \/><\/div>\n\t\t\t\t\t<div class=\"wc-block-grid__product-title\">Transform\u00e1torov\u00e1 pr\u016fchodka 30NF630<\/div>\n\t\t\t\t<\/a>\n\t\t\t\t\n\t\t\t\t\n\t\t\t\t\n\t\t\t\t\n\t\t\t<\/li><li class=\"wc-block-grid__product\">\n\t\t\t\t<a href=\"https:\/\/houseofinsulators.com\/cs\/produkt\/transformer_bushing_10nf250\/\" class=\"wc-block-grid__product-link\">\n\t\t\t\t\t<div class=\"wc-block-grid__product-image\"><img width=\"300\" height=\"300\" src=\"https:\/\/houseofinsulators.com\/wp-content\/uploads\/2013\/08\/10NF250-300x300.jpg\" class=\"attachment-woocommerce_thumbnail size-woocommerce_thumbnail\" alt=\"pr\u016fchodka 10NF250\" loading=\"lazy\" srcset=\"https:\/\/houseofinsulators.com\/wp-content\/uploads\/2013\/08\/10NF250-300x300.jpg 300w, https:\/\/houseofinsulators.com\/wp-content\/uploads\/2013\/08\/10NF250-400x400.jpg 400w, https:\/\/houseofinsulators.com\/wp-content\/uploads\/2013\/08\/10NF250-280x280.jpg 280w, https:\/\/houseofinsulators.com\/wp-content\/uploads\/2013\/08\/10NF250-12x12.jpg 12w, https:\/\/houseofinsulators.com\/wp-content\/uploads\/2013\/08\/10NF250-600x600.jpg 600w, https:\/\/houseofinsulators.com\/wp-content\/uploads\/2013\/08\/10NF250-100x100.jpg 100w, https:\/\/houseofinsulators.com\/wp-content\/uploads\/2013\/08\/10NF250.jpg 709w\" sizes=\"(max-width: 300px) 100vw, 300px\" \/><\/div>\n\t\t\t\t\t<div class=\"wc-block-grid__product-title\">Pr\u016fchodka transform\u00e1torov\u00e1 10NF250<\/div>\n\t\t\t\t<\/a>\n\t\t\t\t\n\t\t\t\t\n\t\t\t\t\n\t\t\t\t\n\t\t\t<\/li><li class=\"wc-block-grid__product\">\n\t\t\t\t<a href=\"https:\/\/houseofinsulators.com\/cs\/produkt\/pruchodka-transformatorova-10nf3150\/\" class=\"wc-block-grid__product-link\">\n\t\t\t\t\t<div class=\"wc-block-grid__product-image\"><img width=\"300\" height=\"300\" src=\"https:\/\/houseofinsulators.com\/wp-content\/uploads\/2013\/08\/10NF3150-300x300.jpg\" class=\"attachment-woocommerce_thumbnail size-woocommerce_thumbnail\" alt=\"10NF3150\" loading=\"lazy\" srcset=\"https:\/\/houseofinsulators.com\/wp-content\/uploads\/2013\/08\/10NF3150-300x300.jpg 300w, https:\/\/houseofinsulators.com\/wp-content\/uploads\/2013\/08\/10NF3150-280x280.jpg 280w, https:\/\/houseofinsulators.com\/wp-content\/uploads\/2013\/08\/10NF3150-11x12.jpg 11w, https:\/\/houseofinsulators.com\/wp-content\/uploads\/2013\/08\/10NF3150-100x100.jpg 100w\" sizes=\"(max-width: 300px) 100vw, 300px\" \/><\/div>\n\t\t\t\t\t<div class=\"wc-block-grid__product-title\">Pr\u016fchodka transform\u00e1torov\u00e1 10NF3150<\/div>\n\t\t\t\t<\/a>\n\t\t\t\t\n\t\t\t\t\n\t\t\t\t\n\t\t\t\t\n\t\t\t<\/li><li class=\"wc-block-grid__product\">\n\t\t\t\t<a href=\"https:\/\/houseofinsulators.com\/cs\/produkt\/pruchodka-transformatorova-20nf250\/\" class=\"wc-block-grid__product-link\">\n\t\t\t\t\t<div class=\"wc-block-grid__product-image\"><img width=\"300\" height=\"300\" src=\"https:\/\/houseofinsulators.com\/wp-content\/uploads\/2013\/08\/20NF250-300x300.jpg\" class=\"attachment-woocommerce_thumbnail size-woocommerce_thumbnail\" alt=\"20NF250\" loading=\"lazy\" srcset=\"https:\/\/houseofinsulators.com\/wp-content\/uploads\/2013\/08\/20NF250-300x300.jpg 300w, https:\/\/houseofinsulators.com\/wp-content\/uploads\/2013\/08\/20NF250-400x400.jpg 400w, https:\/\/houseofinsulators.com\/wp-content\/uploads\/2013\/08\/20NF250-280x280.jpg 280w, https:\/\/houseofinsulators.com\/wp-content\/uploads\/2013\/08\/20NF250-12x12.jpg 12w, https:\/\/houseofinsulators.com\/wp-content\/uploads\/2013\/08\/20NF250-600x600.jpg 600w, https:\/\/houseofinsulators.com\/wp-content\/uploads\/2013\/08\/20NF250-100x100.jpg 100w, https:\/\/houseofinsulators.com\/wp-content\/uploads\/2013\/08\/20NF250.jpg 709w\" sizes=\"(max-width: 300px) 100vw, 300px\" \/><\/div>\n\t\t\t\t\t<div class=\"wc-block-grid__product-title\">Pr\u016fchodka transform\u00e1torov\u00e1 20NF250<\/div>\n\t\t\t\t<\/a>\n\t\t\t\t\n\t\t\t\t\n\t\t\t\t\n\t\t\t\t\n\t\t\t<\/li><li class=\"wc-block-grid__product\">\n\t\t\t\t<a href=\"https:\/\/houseofinsulators.com\/cs\/produkt\/pruchodka-transformatorova-20nf3150\/\" class=\"wc-block-grid__product-link\">\n\t\t\t\t\t<div class=\"wc-block-grid__product-image\"><img width=\"300\" height=\"300\" src=\"https:\/\/houseofinsulators.com\/wp-content\/uploads\/2013\/08\/20NF3150-300x300.jpg\" class=\"attachment-woocommerce_thumbnail size-woocommerce_thumbnail\" alt=\"20NF3150\" loading=\"lazy\" srcset=\"https:\/\/houseofinsulators.com\/wp-content\/uploads\/2013\/08\/20NF3150-300x300.jpg 300w, https:\/\/houseofinsulators.com\/wp-content\/uploads\/2013\/08\/20NF3150-280x280.jpg 280w, https:\/\/houseofinsulators.com\/wp-content\/uploads\/2013\/08\/20NF3150-11x12.jpg 11w, https:\/\/houseofinsulators.com\/wp-content\/uploads\/2013\/08\/20NF3150-100x100.jpg 100w\" sizes=\"(max-width: 300px) 100vw, 300px\" \/><\/div>\n\t\t\t\t\t<div class=\"wc-block-grid__product-title\">Pr\u016fchodka transform\u00e1torov\u00e1 20NF3150<\/div>\n\t\t\t\t<\/a>\n\t\t\t\t\n\t\t\t\t\n\t\t\t\t\n\t\t\t\t\n\t\t\t<\/li><\/ul><\/div><\/div>\n<\/div>\n<\/div><\/div>\n\n\n\n\n  <div class=\"banner has-hover\" id=\"banner-126302367\">\n          <div class=\"banner-inner fill\">\n        <div class=\"banner-bg fill\" >\n            <div class=\"bg fill bg-fill\"><\/div>\n                        <div class=\"overlay\"><\/div>            \n                    <\/div>\n\t\t\n        <div class=\"banner-layers container\">\n            <div class=\"fill banner-link\"><\/div>            \n\n   <div id=\"text-box-110905556\" class=\"text-box banner-layer x50 md-x50 lg-x50 y50 md-y50 lg-y50 res-text\">\n              <div data-parallax=\"-1\" data-parallax-fade=\"true\">                  <div class=\"text-box-content text dark\">\n              \n              <div class=\"text-inner text-center\">\n                  \n\n<h6>Transform\u00e1torov\u00e9 pr\u016fchodky<\/h6>\n<h1>Izol\u00e1tory pro transform\u00e1torov\u00e9 pr\u016fchodky<br><\/h1>\n<p class=\"lead\">Ceny a dodac\u00ed term\u00edny na vy\u017e\u00e1d\u00e1n\u00ed<strong> <\/strong><\/p>\n\n              <\/div>\n           <\/div>\n              <\/div>              \n<style>\n#text-box-110905556 {\n  width: 75%;\n}\n#text-box-110905556 .text-box-content {\n  font-size: 100%;\n}\n@media (min-width:550px) {\n  #text-box-110905556 {\n    width: 100%;\n  }\n}\n<\/style>\n    <\/div>\n \n\n        <\/div>\n      <\/div>\n\n            \n<style>\n#banner-126302367 {\n  padding-top: 446px;\n}\n#banner-126302367 .bg.bg-loaded {\n  background-image: url(https:\/\/houseofinsulators.com\/wp-content\/uploads\/2016\/08\/dummy-2.jpg);\n}\n#banner-126302367 .overlay {\n  background-color: rgba(0, 0, 0, 0.61);\n}\n#banner-126302367 .bg {\n  background-position: 58% 26%;\n}\n#banner-126302367 .ux-shape-divider--top svg {\n  height: 150px;\n  --divider-top-width: 100%;\n}\n#banner-126302367 .ux-shape-divider--bottom svg {\n  height: 150px;\n  --divider-width: 100%;\n}\n<\/style>\n  <\/div>\n\n\n<div class=\"container section-title-container\" ><h3 class=\"section-title section-title-center\"><b><\/b><span class=\"section-title-main\" >Transform\u00e1torov\u00e9 pr\u016fchodky<\/span><b><\/b><\/h3><\/div>\n\n<div class=\"row row-large row-divided\"  id=\"row-967853218\">\n\n\n\t<div id=\"col-627567613\" class=\"col medium-4 small-6 large-4\"  >\n\t\t\t\t<div class=\"col-inner\"  >\n\t\t\t\n\t\t\t\n\n<h3> Pr\u016fchodky dle EN 50180<\/h3>\n<p>Typ 1 12 kV-250A\/P1\/P2<br>\nTyp 2 12 kV-250A\/P4, 24 kV-250A\/P2<br>\nTyp 3 24 kV-250A\/P3, 36 kV-250A\/P1<br>Typ 4 24 kV-250A\/P4, 36 kV-250A\/P3<br>\nTyp 5 36 kV-250A\/P4<br>\nTyp 6 12 kV-630A\/P3<br>\nTyp 7 12 kV-630A\/P4, 24 kV-630A\/P2<br>\nTyp 8 24 kV-630A\/P4, 36 kV-630A\/P2,<br>\nTyp 9 36 kV-250A\/P4<br>\nTyp21 12 kV-1250A\/P4<br>\nTyp 22 24 kV-1250A\/P3<br>\nTyp 23 24 kV-1250A\/P4, 36 kV-1250A\/P3<br>\nTyp 23 M 24 kV-1250A\/P4, 36 kV-1250A\/P3<br>\nTyp 24 36 kV-1250A\/P4<br>\nTyp 24 M 36 kV-1250A\/P4<br>\nTyp 25 12 kV 2000-3150A\/P4<br>\nTyp 26 24 kV 2000-3150A\/P3<br>\nTyp 27 24kV-2000A\/1350A\/P4, 36kV-2000A\/3150A\/P3<br>\nTyp 27 M 24kV-2000A\/3150A\/P4, 36kV-2000A\/3150A\/P3<br>\nTyp 28 36kV-2000-3150A\/P4<br>\nTyp 28 M 36kV-2000-3150A\/P4<br>\nTyp 29 52 kV 250A-3150A\/P1<br>\nTyp 30 52 kV 250A-3150A\/P3<br>\nTyp 31 52 kV 250A-3150A\/P4<\/p>\n<p>\n\n\t\t<\/div>\n\t\t\t\t\t<\/div>\n\n\t\n\n\t<div id=\"col-1166841677\" class=\"col medium-4 small-6 large-4\"  >\n\t\t\t\t<div class=\"col-inner\"  >\n\t\t\t\n\t\t\t\n\n<\/p><h3>Pr\u016fchodky dle DIN 42531<\/h3>\n<h4>10-30 kV 250A<\/h4>\n<p>Pr\u016fchodka 10NF250<br>\nPr\u016fchodka 20NF250<br>\nPr\u016fchodka 30NF250 <br>Pr\u016fchodka 10Ni250<br>\nPr\u016fchodka 20Ni250<br>\nPr\u016fchodka 30Ni250<\/p>\n\n\t\t<\/div>\n\t\t\t\t\t<\/div>\n\n\t\n\n\t<div id=\"col-1327093777\" class=\"col medium-4 small-12 large-4\"  >\n\t\t\t\t<div class=\"col-inner\"  >\n\t\t\t\n\t\t\t\n\n<h3>Pr\u016fchodky dle DIN 42532<\/h3>\n<h4>10-30 kV 630A<\/h4>\n<p>Pr\u016fchodka 10Ni630<br>\nPr\u016fchodka 10NF630<br>\nPr\u016fchodka 20NF630<br>\nPr\u016fchodka 30NF630 <br>\nPr\u016fchodka 10Ni250<br>\nPr\u016fchodka 20Ni250<br>\nPr\u016fchodka 30Ni250<\/p>\n\n\t\t<\/div>\n\t\t\t\t\t<\/div>\n\n\t\n\n<\/div>\n<div class=\"container section-title-container\" ><h3 class=\"section-title section-title-center\"><b><\/b><span class=\"section-title-main\" >Transform\u00e1torov\u00e9 pr\u016fchodky<\/span><b><\/b><\/h3><\/div>\n\n<div class=\"row row-large row-divided\"  id=\"row-985666822\">\n\n\n\t<div id=\"col-610290694\" class=\"col medium-4 small-6 large-4\"  >\n\t\t\t\t<div class=\"col-inner\"  >\n\t\t\t\n\t\t\t\n\n<h3>Pr\u016fchodky dle DIN 42533<\/h3>\n<h4>10-30 kV 1000A<\/h4>\n<p>Pr\u016fchodka 10NF1000<br>\nPr\u016fchodka 20NF1000<br>\nPr\u016fchodka 30NF1000<\/p>\n\n\t\t<\/div>\n\t\t\t\t\t<\/div>\n\n\t\n\n\t<div id=\"col-2133997930\" class=\"col medium-4 small-6 large-4\"  >\n\t\t\t\t<div class=\"col-inner\"  >\n\t\t\t\n\t\t\t\n\n<h3>Pr\u016fchodky dle DIN 42533<\/h3>\n<h4>10-30 kV 3000-4500A<\/h4>\n<p>Pr\u016fchodka 10 Nf 2000-3150A<br>\nPr\u016fchodka 10 Nf 4500A <br>\nPr\u016fchodka 20Nf 2000 -3150A <br>\nPr\u016fchodka 20Nf 4500A  <br>\nPr\u016fchodka 30Nf 3150A <br>\nPr\u016fchodka 30Nf 4500A<\/p>\n\n\t\t<\/div>\n\t\t\t\t\t<\/div>\n\n\t\n\n\t<div id=\"col-1218557847\" class=\"col medium-4 small-12 large-4\"  >\n\t\t\t\t<div class=\"col-inner\"  >\n\t\t\t\n\t\t\t\n\n<h3>Pr\u016fchodky dle DIN 42534<\/h3>\n\n\t\t<\/div>\n\t\t\t\t\t<\/div>\n\n\t\n\n<\/div>\n\n\n\n<p><\/p>","protected":false},"excerpt":{"rendered":"","protected":false},"author":1,"featured_media":0,"parent":0,"menu_order":0,"comment_status":"closed","ping_status":"closed","template":"","meta":[],"yoast_head":"<!-- This site is optimized with the Yoast SEO plugin v19.9 - https:\/\/yoast.com\/wordpress\/plugins\/seo\/ -->\n<title>Pr\u016fchodky - porcel\u00e1n | House of Insulators<\/title>\n<meta name=\"robots\" content=\"index, follow, max-snippet:-1, max-image-preview:large, max-video-preview:-1\" \/>\n<link rel=\"canonical\" href=\"https:\/\/houseofinsulators.com\/cs\/pruchodky\/\" \/>\n<meta property=\"og:locale\" content=\"cs_CZ\" \/>\n<meta property=\"og:type\" content=\"article\" \/>\n<meta property=\"og:title\" content=\"Pr\u016fchodky - porcel\u00e1n | House of Insulators\" \/>\n<meta property=\"og:url\" content=\"https:\/\/houseofinsulators.com\/cs\/pruchodky\/\" \/>\n<meta property=\"og:site_name\" content=\"House of Insulators\" \/>\n<meta property=\"article:modified_time\" content=\"2021-05-14T11:17:03+00:00\" \/>\n<meta name=\"twitter:card\" content=\"summary_large_image\" \/>\n<meta name=\"twitter:label1\" content=\"Odhadovan\u00e1 doba \u010dten\u00ed\" \/>\n\t<meta name=\"twitter:data1\" content=\"2 minuty\" \/>\n<script type=\"application\/ld+json\" class=\"yoast-schema-graph\">{\"@context\":\"https:\/\/schema.org\",\"@graph\":[{\"@type\":\"WebPage\",\"@id\":\"https:\/\/houseofinsulators.com\/pruchodky\/\",\"url\":\"https:\/\/houseofinsulators.com\/pruchodky\/\",\"name\":\"Pr\u016fchodky - porcel\u00e1n | House of Insulators\",\"isPartOf\":{\"@id\":\"https:\/\/houseofinsulators.com\/#website\"},\"datePublished\":\"2021-05-13T13:02:05+00:00\",\"dateModified\":\"2021-05-14T11:17:03+00:00\",\"breadcrumb\":{\"@id\":\"https:\/\/houseofinsulators.com\/pruchodky\/#breadcrumb\"},\"inLanguage\":\"cs\",\"potentialAction\":[{\"@type\":\"ReadAction\",\"target\":[\"https:\/\/houseofinsulators.com\/pruchodky\/\"]}]},{\"@type\":\"BreadcrumbList\",\"@id\":\"https:\/\/houseofinsulators.com\/pruchodky\/#breadcrumb\",\"itemListElement\":[{\"@type\":\"ListItem\",\"position\":1,\"name\":\"Home\",\"item\":\"https:\/\/houseofinsulators.com\/\"},{\"@type\":\"ListItem\",\"position\":2,\"name\":\"Pr\u016fchodky &#8211; porcel\u00e1n\"}]},{\"@type\":\"WebSite\",\"@id\":\"https:\/\/houseofinsulators.com\/#website\",\"url\":\"https:\/\/houseofinsulators.com\/\",\"name\":\"House of Insulators\",\"description\":\"Electrostatic Precipitator Insulators (ESP insulators), Shaft insulators, Wall bushings, Insulators for substation, Support insulators for ESP\",\"publisher\":{\"@id\":\"https:\/\/houseofinsulators.com\/#organization\"},\"alternateName\":\"ESPI Insulators\",\"potentialAction\":[{\"@type\":\"SearchAction\",\"target\":{\"@type\":\"EntryPoint\",\"urlTemplate\":\"https:\/\/houseofinsulators.com\/?s={search_term_string}\"},\"query-input\":\"required name=search_term_string\"}],\"inLanguage\":\"cs\"},{\"@type\":\"Organization\",\"@id\":\"https:\/\/houseofinsulators.com\/#organization\",\"name\":\"ESPI Europe\",\"alternateName\":\"ESPI\",\"url\":\"https:\/\/houseofinsulators.com\/\",\"logo\":{\"@type\":\"ImageObject\",\"inLanguage\":\"cs\",\"@id\":\"https:\/\/houseofinsulators.com\/#\/schema\/logo\/image\/\",\"url\":\"https:\/\/houseofinsulators.com\/wp-content\/uploads\/2021\/05\/espi-logo.jpg\",\"contentUrl\":\"https:\/\/houseofinsulators.com\/wp-content\/uploads\/2021\/05\/espi-logo.jpg\",\"width\":424,\"height\":228,\"caption\":\"ESPI Europe\"},\"image\":{\"@id\":\"https:\/\/houseofinsulators.com\/#\/schema\/logo\/image\/\"},\"sameAs\":[\"https:\/\/www.linkedin.com\/company\/espi-europe\"]}]}<\/script>\n<!-- \/ Yoast SEO plugin. -->","yoast_head_json":{"title":"Pr\u016fchodky - porcel\u00e1n | House of Insulators","robots":{"index":"index","follow":"follow","max-snippet":"max-snippet:-1","max-image-preview":"max-image-preview:large","max-video-preview":"max-video-preview:-1"},"canonical":"https:\/\/houseofinsulators.com\/cs\/pruchodky\/","og_locale":"cs_CZ","og_type":"article","og_title":"Pr\u016fchodky - porcel\u00e1n | House of Insulators","og_url":"https:\/\/houseofinsulators.com\/cs\/pruchodky\/","og_site_name":"House of Insulators","article_modified_time":"2021-05-14T11:17:03+00:00","twitter_card":"summary_large_image","twitter_misc":{"Odhadovan\u00e1 doba \u010dten\u00ed":"2 minuty"},"schema":{"@context":"https:\/\/schema.org","@graph":[{"@type":"WebPage","@id":"https:\/\/houseofinsulators.com\/pruchodky\/","url":"https:\/\/houseofinsulators.com\/pruchodky\/","name":"Pr\u016fchodky - porcel\u00e1n | House of Insulators","isPartOf":{"@id":"https:\/\/houseofinsulators.com\/#website"},"datePublished":"2021-05-13T13:02:05+00:00","dateModified":"2021-05-14T11:17:03+00:00","breadcrumb":{"@id":"https:\/\/houseofinsulators.com\/pruchodky\/#breadcrumb"},"inLanguage":"cs","potentialAction":[{"@type":"ReadAction","target":["https:\/\/houseofinsulators.com\/pruchodky\/"]}]},{"@type":"BreadcrumbList","@id":"https:\/\/houseofinsulators.com\/pruchodky\/#breadcrumb","itemListElement":[{"@type":"ListItem","position":1,"name":"Home","item":"https:\/\/houseofinsulators.com\/"},{"@type":"ListItem","position":2,"name":"Pr\u016fchodky &#8211; porcel\u00e1n"}]},{"@type":"WebSite","@id":"https:\/\/houseofinsulators.com\/#website","url":"https:\/\/houseofinsulators.com\/","name":"House of Insulators","description":"Electrostatic Precipitator Insulators (ESP insulators), Shaft insulators, Wall bushings, Insulators for substation, Support insulators for ESP","publisher":{"@id":"https:\/\/houseofinsulators.com\/#organization"},"alternateName":"ESPI Insulators","potentialAction":[{"@type":"SearchAction","target":{"@type":"EntryPoint","urlTemplate":"https:\/\/houseofinsulators.com\/?s={search_term_string}"},"query-input":"required name=search_term_string"}],"inLanguage":"cs"},{"@type":"Organization","@id":"https:\/\/houseofinsulators.com\/#organization","name":"ESPI Europe","alternateName":"ESPI","url":"https:\/\/houseofinsulators.com\/","logo":{"@type":"ImageObject","inLanguage":"cs","@id":"https:\/\/houseofinsulators.com\/#\/schema\/logo\/image\/","url":"https:\/\/houseofinsulators.com\/wp-content\/uploads\/2021\/05\/espi-logo.jpg","contentUrl":"https:\/\/houseofinsulators.com\/wp-content\/uploads\/2021\/05\/espi-logo.jpg","width":424,"height":228,"caption":"ESPI Europe"},"image":{"@id":"https:\/\/houseofinsulators.com\/#\/schema\/logo\/image\/"},"sameAs":["https:\/\/www.linkedin.com\/company\/espi-europe"]}]}},"_links":{"self":[{"href":"https:\/\/houseofinsulators.com\/cs\/wp-json\/wp\/v2\/pages\/421"}],"collection":[{"href":"https:\/\/houseofinsulators.com\/cs\/wp-json\/wp\/v2\/pages"}],"about":[{"href":"https:\/\/houseofinsulators.com\/cs\/wp-json\/wp\/v2\/types\/page"}],"author":[{"embeddable":true,"href":"https:\/\/houseofinsulators.com\/cs\/wp-json\/wp\/v2\/users\/1"}],"replies":[{"embeddable":true,"href":"https:\/\/houseofinsulators.com\/cs\/wp-json\/wp\/v2\/comments?post=421"}],"version-history":[{"count":23,"href":"https:\/\/houseofinsulators.com\/cs\/wp-json\/wp\/v2\/pages\/421\/revisions"}],"predecessor-version":[{"id":469,"href":"https:\/\/houseofinsulators.com\/cs\/wp-json\/wp\/v2\/pages\/421\/revisions\/469"}],"wp:attachment":[{"href":"https:\/\/houseofinsulators.com\/cs\/wp-json\/wp\/v2\/media?parent=421"}],"curies":[{"name":"wp","href":"https:\/\/api.w.org\/{rel}","templated":true}]}}