{"id":605,"date":"2022-10-15T21:27:50","date_gmt":"2022-10-15T21:27:50","guid":{"rendered":"https:\/\/houseofinsulators.com\/?page_id=605"},"modified":"2022-11-19T08:30:36","modified_gmt":"2022-11-19T08:30:36","slug":"multilingual-insulator-dictionary","status":"publish","type":"page","link":"https:\/\/houseofinsulators.com\/cs\/multilingual-insulator-dictionary\/","title":{"rendered":"Multilingual Insulator dictionary"},"content":{"rendered":"<div class=\"banner has-hover\" id=\"banner-1061294961\">\n          <div class=\"banner-inner fill\">\n        <div class=\"banner-bg fill\" >\n            <div class=\"bg fill bg-fill\"><\/div>\n                        <div class=\"overlay\"><\/div>            \n                    <\/div>\n\t\t\n        <div class=\"banner-layers container\">\n            <div class=\"fill banner-link\"><\/div>            \n\n   <div id=\"text-box-310331863\" class=\"text-box banner-layer x50 md-x50 lg-x50 y50 md-y50 lg-y50 res-text\">\n                                <div class=\"text-box-content text dark\">\n              \n              <div class=\"text-inner text-center\">\n                  \n\n<h1 class=\"uppercase\"><strong>multilingual dictionary of insulators <\/strong><\/h1>\n<p>Insulator manufacturers have a lot of terminus technicus in each language, which are not always avaiable by on-line translator. Feel free to use our dictionary made for you from House of Insulators. <\/p>\n\n              <\/div>\n           <\/div>\n                            \n<style>\n#text-box-310331863 {\n  width: 60%;\n}\n#text-box-310331863 .text-box-content {\n  font-size: 100%;\n}\n<\/style>\n    <\/div>\n \n\n        <\/div>\n      <\/div>\n\n            \n<style>\n#banner-1061294961 {\n  padding-top: 400px;\n}\n#banner-1061294961 .bg.bg-loaded {\n  background-image: url(https:\/\/houseofinsulators.com\/wp-content\/uploads\/2016\/08\/dummy-2.jpg);\n}\n#banner-1061294961 .overlay {\n  background-color: rgba(0, 0, 0, 0.66);\n}\n#banner-1061294961 .ux-shape-divider--top svg {\n  height: 150px;\n  --divider-top-width: 100%;\n}\n#banner-1061294961 .ux-shape-divider--bottom svg {\n  height: 150px;\n  --divider-width: 100%;\n}\n<\/style>\n  <\/div>\n\n\n\t<section class=\"section\" id=\"section_66200099\">\n\t\t<div class=\"bg section-bg fill bg-fill  bg-loaded\" >\n\n\t\t\t\n\t\t\t\n\t\t\t\n\n\t\t<\/div>\n\n\t\t\n\n\t\t<div class=\"section-content relative\">\n\t\t\t\n\n<div class=\"row\"  id=\"row-1366953139\">\n\n\n\t<div id=\"col-444640727\" class=\"col large-12\"  >\n\t\t\t\t<div class=\"col-inner\"  >\n\t\t\t\n\t\t\t\n\n<h2><strong>Insulator multi language dictionary EN \u2013 DE \u2013 CZ \u2013 FR \u2013 IT \u2013 RU<\/strong><\/h2>\n<p><strong>Insulator<\/strong> \u2013 Isolator \u2013 Izol\u00e1tor- Isolateur- Isolatore&nbsp; -\u0418\u0437\u043e\u043b\u044f\u0442\u043e\u0440<\/p>\n<p><strong>Ceramic insulator<\/strong> \u2013 Keramikisolator \u2013 Keramick\u00fd izol\u00e1tor- Isolateur&nbsp;en&nbsp;c\u00e9ramique\u2013 Isolatore in ceramica \u2013 \u0424\u0430\u0440\u0444\u043e\u0440\u043e\u0432\u044b\u0439 \u0438\u0437\u043e\u043b\u044f\u0442\u043e\u0440<\/p>\n<p><strong>Polymeric insulator<\/strong> \u2013 Verbundisolator \u2013 Polymern\u00ed izol\u00e1tor &#8211; Isolateur polym\u00e8re \u2013 Isolatore polimerico \u2013 \u041f\u043e\u043b\u0438\u043c\u0435\u0440\u043d\u044b\u0439 \u0438\u0437\u043e\u043b\u044f\u0442\u043e\u0440<\/p>\n<p><strong>Glass insulator<\/strong> \u2013 Glasisolator \u2013 Sklen\u011bn\u00fd izol\u00e1tor \u2013 Isolatuer en verre \u2013 Isolatore in vetro \u2013 \u0421\u0442\u0435\u043a\u043b\u044f\u043d\u043d\u044b\u0439 \u0438\u0437\u043e\u043b\u044f\u0442\u043e\u0440<\/p>\n<p><strong>Hollow insulator<\/strong> \u2013 Isolatork\u00f6rper \u2013 Pl\u00e1\u0161\u0165ov\u00fd izol\u00e1tor \u2013 Isolateur creux \u2013 Isolatore cavo \u2013 \u041f\u043e\u043b\u044b\u0439 \u0438\u0437\u043e\u043b\u044f\u0442\u043e\u0440<\/p>\n<p><strong>Solid core insulator<\/strong> \u2013 Volkernisolator \u2013 Plnoj\u00e1rov\u00fd izol\u00e1tor &#8211; Isolateur&nbsp;\u00e0&nbsp;noyau solide \u2013 Isolatore a nucleo pieno &#8211; \u0418\u0437\u043e\u043b\u044f\u0442\u043e\u0440 \u0441 \u0442\u0432\u0435\u0440\u0434\u044b\u043c \u0441\u0435\u0440\u0434\u0435\u0447\u043d\u0438\u043a\u043e\u043c<\/p>\n<p><strong>St\u011bnov\u00e1 pr\u016fchodka 36 kV \/ 630 A<\/strong> \u2013 Wandduchf\u00fchrung \u2013 St\u011bnov\u00e1 pr\u016fchodka \u2013 Travers\u00e9e murale \u2013 Passamuro \u2013 \u0421\u0442\u0435\u043d\u043e\u0432\u043e\u0439 \u043f\u0440\u043e\u0445\u043e\u0434\u043d\u043e\u0439 \u0438\u0437\u043e\u043b\u044f\u0442\u043e\u0440<\/p>\n<p><strong>Bushing insulator<\/strong> \u2013 Duchf\u00fchrung \u2013 Pr\u016fchodka \u2013 Travers\u00e9e \u2013 Isolatore passante \u2013 \u041f\u0440\u043e\u0445\u043e\u0434\u043d\u043e\u0439 \u0438\u0437\u043e\u043b\u044f\u0442\u043e\u0440<\/p>\n<p><strong>Support \/ post insulator<\/strong> \u2013 St\u00fctzizolator \u2013 Podp\u011brn\u00fd izol\u00e1tor \u2013 Isolateur support \u2013 Isolatore portante \u2013 \u041e\u043f\u043e\u0440\u043d\u044b\u0439 \u0438\u0437\u043e\u043b\u044f\u0442\u043e\u0440<\/p>\n<p><strong>Insulator for electrostatic precipitator<\/strong> \u2013 Isolator f\u00fcr Elektrofilter \u2013 Izol\u00e1tor pro elektrostatick\u00fd Odlu\u010dova\u010d &#8211; Isolateur&nbsp;de&nbsp;pr\u00e9cipitateurs \u00e9lectrostatiques &#8211; Isolatore&nbsp;&nbsp;per precipitatore elettrostatico \u2013 \u0418\u0437\u043e\u043b\u044f\u0442\u043e\u0440 \u0434\u043b\u044f \u044d\u043b\u0435\u043a\u0442\u0440\u043e\u0444\u0438\u043b\u044c\u0442\u0440\u043e\u0432<\/p>\n<p><strong>ESP insulator<\/strong> \u2013 ESP Isolator \u2013 Izol\u00e1tor pro elektrofiltr?<\/p>\n<p><strong>Transformer bushing insulator<\/strong> \u2013 Trafodurchf\u00fchrung \u2013 Transform\u00e1torov\u00e1 pr\u016fchodka \u2013 Travers\u00e9e de transformateur \u2013 Isolatore passante per trasformatori \u2013 \u041f\u0440\u043e\u0445\u043e\u0434\u043d\u044b\u0435 \u0438\u0437\u043e\u043b\u044f\u0442\u043e\u0440\u044b \u0434\u043b\u044f \u0442\u0440\u0430\u043d\u0441\u0444\u043e\u0440\u043c\u0430\u0442\u043e\u0440\u043e\u0432<\/p>\n<p><strong>Shaft \/ Rotary insulator<\/strong> \u2013 Drehizol\u00e1tor &#8211; Krutov\u00fd izol\u00e1tor \u2013 Isolateur pour arbre \u2013 Isolatore per albero \u2013 \u0418\u0437\u043e\u043b\u044f\u0442\u043e\u0440 \u0432\u0430\u043b\u0430<\/p>\n<p><strong>Resistance insulator<\/strong> \u2013 Widerstandsisolator &#8211; Izol\u00e1tor odpor\u016f<\/p>\n<p><strong>Railway insulator<\/strong> \u2013 Bahnisolator \u2013 Dr\u00e1hov\u00fd izol\u00e1tor &nbsp;&#8211; Isolateur de chemin de fer \u2013 Isolatore ferroviario \u2013 \u0416\u0435\u043b\u0435\u0437\u043d\u043e\u0434\u043e\u0440\u043e\u0436\u043d\u044b\u0439 \u0438\u0437\u043e\u043b\u044f\u0442\u043e\u0440<\/p>\n<p><strong>Power Transformer<\/strong> \u2013 Krafttransformator \u2013 Silov\u00fd Transform\u00e1tor \u2013 Transformateur de puissance \u2013 Trasformatore di potenza \u2013 C\u0438\u043b\u043e\u0432\u043e\u0439 \u0442\u0440\u0430\u043d\u0441\u0444\u043e\u0440\u043c\u0430\u0442\u043e\u0440<\/p>\n<p><strong>Distribution transformer<\/strong> \u2013 Distribuziontransformator &#8211; Distribu\u010dn\u00ed transform\u00e1tor \u2013 Trasformateur de distributione &#8211; Trasformatore di distribuzione \u2013 \u0420\u0430\u0441\u043f\u0440\u0435\u0434\u0435\u043b\u0438\u0442\u0435\u043b\u044c\u043d\u044b\u0439 \u0442\u0440\u0430\u043d\u0441\u0444\u043e\u0440\u043c\u0430\u0442\u043e\u0440<\/p>\n<p><strong>Surge arrester<\/strong> &#8211; \u00dcberspanungssbleiter \u2013 Svodi\u010d p\u0159ep\u011bt\u00ed &#8211; &nbsp;Coup-circuit de surtension &#8211; Scaricatore di sovratensione \u2013 \u041e\u0433\u0440\u0430\u043d\u0438\u0447\u0438\u0442\u0435\u043b\u044c \u043f\u0435\u0440\u0435\u043d\u0430\u043f\u0440\u044f\u0436\u0435\u043d\u0438\u044f<\/p>\n<p><strong>Cabel terminal<\/strong> &#8211; Kabelverschl\u00fcssel \u2013 Kabelov\u00e1 koncovka &#8211; Borne de c\u00e2ble \u2013 Terminale del cavo &nbsp;-\u041a\u0430\u0431\u0435\u043b\u044c\u043d\u044b\u0439 \u0441\u043e\u0435\u0434\u0438\u043d\u0438\u0442\u0435\u043b\u044c<\/p>\n<p><strong>Voltage<\/strong> \u2013 Spannung \u2013 Nap\u011bt\u00ed \u2013 Tension \u2013 Tensione &#8211; \u041d\u0430\u043f\u0440\u044f\u0436\u0435\u043d\u0438\u0435<\/p>\n<p><strong>Current<\/strong> \u2013 Strom \u2013 Proud \u2013 Courant \u2013 Corrente &#8211; \u0422\u043e\u043a<\/p>\n<p><strong>Minimum creepage distance according to pollution level IEC 60815<\/strong> \u2013 Minimaler Oberfl\u00e4chenpfad aufgrund von Umweltverschmutzung gem\u00e4\u00df IEC 60815 \u2013 Minim\u00e1ln\u00ed povrchov\u00e1 dr\u00e1ha vzhledem ke zne\u010dist\u011bn\u00ed prost\u0159ed\u00ed dle IEC 60815 \u2013 Ligne de fuite minimale selon le niveau de pollution IEC 60815 \u2013 Linea di fuga secondo il livello di inquinamentoIEC 60815 \u2013 \u0414\u043b\u0438\u043d\u0430 \u043f\u0443\u0442\u0438 \u0443\u0442\u0435\u0447\u043a\u0438 \u0432 \u0441\u043e\u043e\u0442\u0432\u0435\u0442\u0441\u0442\u0432\u0438\u0438 \u0441 \u0443\u0440\u043e\u0432\u043d\u0435\u043c \u0437\u0430\u0433\u0440\u044f\u0437\u043d\u0435\u043d\u0438\u044f \u041c\u042d\u041a 60815<\/p>\n<p><strong>Working voltage<\/strong> \u2013 Arbeitsspannung &#8211; Pracovn\u00ed nap\u011bt\u00ed \u2013 Tension de fonctionn\u00e9ment &#8211; &nbsp;Tensione di esercizio \u2013 \u0420\u0430\u0431\u043e\u0447\u0435\u0435 \u043d\u0430\u043f\u0440\u044f\u0436\u0435\u043d\u0438\u0435<\/p>\n<p><strong>Nominal voltage<\/strong> \u2013 Nominalspannung \u2013 Nomin\u00e1ln\u00ed nap\u011bt\u00ed\/Jmenovit\u00e9 nap\u011bt\u00ed \u2013 Tension nominale \u2013 Tensione nominale \u2013 \u041d\u043e\u043c\u0438\u043d\u0430\u043b\u044c\u043d\u043e\u0435 \u043d\u0430\u043f\u0440\u044f\u0436\u0435\u043d\u0438\u0435<\/p>\n<p><strong>Working temperature<\/strong> \u2013 Arbeitstemperatur &#8211; Pracovn\u00ed teplota \u2013 Temperature de fonctionn\u00e9ment \u2013 Temperatura di esercizio \u2013 \u0420\u0430\u0431\u043e\u0447\u0430\u044f \u0442\u0435\u043c\u043f\u0435\u0440\u0430\u0442\u0443\u0440\u0430<\/p>\n<p><strong>Lightning impulse withstand voltage<\/strong> \u2013 V\u00fddr\u017en\u00e9 atmosf\u00e9rick\u00e9 impulsn\u00ed nap\u011bt\u00ed \u2013 Tension de tenue aux chocs de foudre \u2013 Tensione di tenuta ad impulso \u2013 \u0412\u044b\u0434\u0435\u0440\u0436\u0438\u0432\u0430\u0435\u043c\u043e\u0435 \u043d\u0430\u043f\u0440\u044f\u0436\u0435\u043d\u0438\u0435 \u0433\u0440\u043e\u0437\u043e\u0432\u043e\u0433\u043e \u0438\u043c\u043f\u0443\u043b\u044c\u0441\u044f<\/p>\n<p><strong>Power frequency withstand voltage dry 50Hz<\/strong> \u2013 Zku\u0161ebn\u00ed st\u0159\u00eddav\u00e9 nap\u011bt\u00ed za sucha p\u0159i 50 Hz \u2013 Tension de tenue \u00e0 fr\u00e9quence industrielle&nbsp; \u00e0 sec \u2013 Tensione di tenuta a frequenza industriale a secco \u2013 \u0412\u044b\u0434\u0435\u0440\u0436\u0438\u0432\u0430\u0435\u043c\u043e\u0435 \u043d\u0430\u043f\u0440\u044f\u0436\u0435\u043d\u0438\u0435 \u043f\u0440\u043e\u043c\u044b\u0448\u043b\u0435\u043d\u043d\u043e\u0439 \u0447\u0430\u0441\u0442\u043e\u0442\u044b \u0432 \u0441\u0443\u0445\u043e\u043c \u0441\u043e\u0441\u0442\u043e\u044f\u043d\u0438\u0438<\/p>\n<p><strong>Minimum bending failing load<\/strong> \u2013 Minim\u00e1ln\u00ed poru\u0161uj\u00edc\u00ed s\u00edla v&nbsp;ohybu \u2013 Forse de rupture minimal en flexion \u2013 Carico minimale du rottura a flessione \u2013 \u041c\u0438\u043d\u0438\u043c\u0430\u043b\u044c\u043d\u043e\u0435 \u0443\u0441\u0438\u043b\u0438\u0435 \u0440\u0430\u0437\u0440\u044b\u0432\u0430 \u043f\u0440\u0438 \u0438\u0437\u0433\u0438\u0431\u0435<\/p>\n<p><strong>Mechanical tensile test<\/strong> \u2013 Zkou\u0161ka mechanick\u00e9 pevnosti v&nbsp;tahu \u2013 Essai de r\u00e9sistance a la traction m\u00e9canique \u2013 Prova di resistenza alla trazione meccanica \u2013 \u0418\u0441\u043f\u044b\u0442\u0430\u043d\u0438\u0435 \u043d\u0430 \u043c\u0435\u0445\u0430\u043d\u0438\u0447\u0435\u0441\u043a\u0443\u044e \u043f\u0440\u043e\u0447\u043d\u043e\u0441\u0442\u044c \u043d\u0430 \u0440\u0430\u0441\u0442\u044f\u0436\u0435\u043d\u0438\u0435<\/p>\n\n\t\t<\/div>\n\t\t\t\t\t<\/div>\n\n\t\n\n<\/div>\n\n  <div class=\"banner has-hover\" id=\"banner-1437862370\">\n          <div class=\"banner-inner fill\">\n        <div class=\"banner-bg fill\" >\n            <div class=\"bg fill bg-fill\"><\/div>\n                                    \n                    <\/div>\n\t\t\n        <div class=\"banner-layers container\">\n            <div class=\"fill banner-link\"><\/div>            \n\n   <div id=\"text-box-1754682236\" class=\"text-box banner-layer x50 md-x5 lg-x5 y50 md-y50 lg-y50 res-text\">\n                                <div class=\"text-box-content text dark\">\n              \n              <div class=\"text-inner text-center\">\n                  \n\n\t<div id=\"text-2268980822\" class=\"text\">\n\t\t\n\n<h3 class=\"uppercase\"><strong>Looking for ESP insulator?<\/strong><\/h3>\n<a href=\"https:\/\/houseofinsulators.com\/cs\/electrostatic-precipitator\/esp-insulators\/\" target=\"_self\" class=\"button white is-outline\"  >\n    <span>Visit our portfolio<\/span>\n  <\/a>\n\n\t\t\n<style>\n#text-2268980822 {\n  font-size: 0.75rem;\n  line-height: 3;\n  text-align: center;\n}\n<\/style>\n\t<\/div>\n\t\n\n              <\/div>\n           <\/div>\n                            \n<style>\n#text-box-1754682236 {\n  width: 76%;\n}\n#text-box-1754682236 .text-box-content {\n  font-size: 100%;\n}\n@media (min-width:550px) {\n  #text-box-1754682236 {\n    width: 92%;\n  }\n}\n<\/style>\n    <\/div>\n \n\n        <\/div>\n      <\/div>\n\n            \n<style>\n#banner-1437862370 {\n  padding-top: 100px;\n}\n#banner-1437862370 .bg.bg-loaded {\n  background-image: url(https:\/\/houseofinsulators.com\/wp-content\/uploads\/2016\/08\/dummy-2.jpg);\n}\n#banner-1437862370 .bg {\n  background-position: 100% 100%;\n}\n#banner-1437862370 .ux-shape-divider--top svg {\n  height: 150px;\n  --divider-top-width: 100%;\n}\n#banner-1437862370 .ux-shape-divider--bottom svg {\n  height: 150px;\n  --divider-width: 100%;\n}\n<\/style>\n  <\/div>\n\n\n\t\t<\/div>\n\n\t\t\n<style>\n#section_66200099 {\n  padding-top: 60px;\n  padding-bottom: 60px;\n}\n#section_66200099 .ux-shape-divider--top svg {\n  height: 150px;\n  --divider-top-width: 100%;\n}\n#section_66200099 .ux-shape-divider--bottom svg {\n  height: 150px;\n  --divider-width: 100%;\n}\n<\/style>\n\t<\/section>","protected":false},"excerpt":{"rendered":"","protected":false},"author":1,"featured_media":0,"parent":0,"menu_order":0,"comment_status":"closed","ping_status":"closed","template":"page-left-sidebar.php","meta":[],"yoast_head":"<!-- This site is optimized with the Yoast SEO plugin v19.9 - https:\/\/yoast.com\/wordpress\/plugins\/seo\/ -->\n<title>Multilingual Insulator dictionary from House of Insulators<\/title>\n<meta name=\"description\" content=\"Multilingual insulator dictionary made by insulator manufacturers. Learn correct technical words in each language.\" \/>\n<meta name=\"robots\" content=\"index, follow, max-snippet:-1, max-image-preview:large, max-video-preview:-1\" \/>\n<link rel=\"canonical\" href=\"https:\/\/houseofinsulators.com\/cs\/multilingual-insulator-dictionary\/\" \/>\n<meta property=\"og:locale\" content=\"cs_CZ\" \/>\n<meta property=\"og:type\" content=\"article\" \/>\n<meta property=\"og:title\" content=\"Multilingual Insulator dictionary from House of Insulators\" \/>\n<meta property=\"og:description\" content=\"Multilingual insulator dictionary made by insulator manufacturers. Learn correct technical words in each language.\" \/>\n<meta property=\"og:url\" content=\"https:\/\/houseofinsulators.com\/cs\/multilingual-insulator-dictionary\/\" \/>\n<meta property=\"og:site_name\" content=\"House of Insulators\" \/>\n<meta property=\"article:modified_time\" content=\"2022-11-19T08:30:36+00:00\" \/>\n<meta name=\"twitter:card\" content=\"summary_large_image\" \/>\n<meta name=\"twitter:label1\" content=\"Odhadovan\u00e1 doba \u010dten\u00ed\" \/>\n\t<meta name=\"twitter:data1\" content=\"3 minuty\" \/>\n<script type=\"application\/ld+json\" class=\"yoast-schema-graph\">{\"@context\":\"https:\/\/schema.org\",\"@graph\":[{\"@type\":\"WebPage\",\"@id\":\"https:\/\/houseofinsulators.com\/multilingual-insulator-dictionary\/\",\"url\":\"https:\/\/houseofinsulators.com\/multilingual-insulator-dictionary\/\",\"name\":\"Multilingual Insulator dictionary from House of Insulators\",\"isPartOf\":{\"@id\":\"https:\/\/houseofinsulators.com\/#website\"},\"datePublished\":\"2022-10-15T21:27:50+00:00\",\"dateModified\":\"2022-11-19T08:30:36+00:00\",\"description\":\"Multilingual insulator dictionary made by insulator manufacturers. Learn correct technical words in each language.\",\"breadcrumb\":{\"@id\":\"https:\/\/houseofinsulators.com\/multilingual-insulator-dictionary\/#breadcrumb\"},\"inLanguage\":\"cs\",\"potentialAction\":[{\"@type\":\"ReadAction\",\"target\":[\"https:\/\/houseofinsulators.com\/multilingual-insulator-dictionary\/\"]}]},{\"@type\":\"BreadcrumbList\",\"@id\":\"https:\/\/houseofinsulators.com\/multilingual-insulator-dictionary\/#breadcrumb\",\"itemListElement\":[{\"@type\":\"ListItem\",\"position\":1,\"name\":\"Home\",\"item\":\"https:\/\/houseofinsulators.com\/\"},{\"@type\":\"ListItem\",\"position\":2,\"name\":\"Multilingual Insulator dictionary\"}]},{\"@type\":\"WebSite\",\"@id\":\"https:\/\/houseofinsulators.com\/#website\",\"url\":\"https:\/\/houseofinsulators.com\/\",\"name\":\"House of Insulators\",\"description\":\"Electrostatic Precipitator Insulators (ESP insulators), Shaft insulators, Wall bushings, Insulators for substation, Support insulators for ESP\",\"publisher\":{\"@id\":\"https:\/\/houseofinsulators.com\/#organization\"},\"alternateName\":\"ESPI Insulators\",\"potentialAction\":[{\"@type\":\"SearchAction\",\"target\":{\"@type\":\"EntryPoint\",\"urlTemplate\":\"https:\/\/houseofinsulators.com\/?s={search_term_string}\"},\"query-input\":\"required name=search_term_string\"}],\"inLanguage\":\"cs\"},{\"@type\":\"Organization\",\"@id\":\"https:\/\/houseofinsulators.com\/#organization\",\"name\":\"ESPI Europe\",\"alternateName\":\"ESPI\",\"url\":\"https:\/\/houseofinsulators.com\/\",\"logo\":{\"@type\":\"ImageObject\",\"inLanguage\":\"cs\",\"@id\":\"https:\/\/houseofinsulators.com\/#\/schema\/logo\/image\/\",\"url\":\"https:\/\/houseofinsulators.com\/wp-content\/uploads\/2021\/05\/espi-logo.jpg\",\"contentUrl\":\"https:\/\/houseofinsulators.com\/wp-content\/uploads\/2021\/05\/espi-logo.jpg\",\"width\":424,\"height\":228,\"caption\":\"ESPI Europe\"},\"image\":{\"@id\":\"https:\/\/houseofinsulators.com\/#\/schema\/logo\/image\/\"},\"sameAs\":[\"https:\/\/www.linkedin.com\/company\/espi-europe\"]}]}<\/script>\n<!-- \/ Yoast SEO plugin. -->","yoast_head_json":{"title":"Multilingual Insulator dictionary from House of Insulators","description":"Multilingual insulator dictionary made by insulator manufacturers. Learn correct technical words in each language.","robots":{"index":"index","follow":"follow","max-snippet":"max-snippet:-1","max-image-preview":"max-image-preview:large","max-video-preview":"max-video-preview:-1"},"canonical":"https:\/\/houseofinsulators.com\/cs\/multilingual-insulator-dictionary\/","og_locale":"cs_CZ","og_type":"article","og_title":"Multilingual Insulator dictionary from House of Insulators","og_description":"Multilingual insulator dictionary made by insulator manufacturers. Learn correct technical words in each language.","og_url":"https:\/\/houseofinsulators.com\/cs\/multilingual-insulator-dictionary\/","og_site_name":"House of Insulators","article_modified_time":"2022-11-19T08:30:36+00:00","twitter_card":"summary_large_image","twitter_misc":{"Odhadovan\u00e1 doba \u010dten\u00ed":"3 minuty"},"schema":{"@context":"https:\/\/schema.org","@graph":[{"@type":"WebPage","@id":"https:\/\/houseofinsulators.com\/multilingual-insulator-dictionary\/","url":"https:\/\/houseofinsulators.com\/multilingual-insulator-dictionary\/","name":"Multilingual Insulator dictionary from House of Insulators","isPartOf":{"@id":"https:\/\/houseofinsulators.com\/#website"},"datePublished":"2022-10-15T21:27:50+00:00","dateModified":"2022-11-19T08:30:36+00:00","description":"Multilingual insulator dictionary made by insulator manufacturers. Learn correct technical words in each language.","breadcrumb":{"@id":"https:\/\/houseofinsulators.com\/multilingual-insulator-dictionary\/#breadcrumb"},"inLanguage":"cs","potentialAction":[{"@type":"ReadAction","target":["https:\/\/houseofinsulators.com\/multilingual-insulator-dictionary\/"]}]},{"@type":"BreadcrumbList","@id":"https:\/\/houseofinsulators.com\/multilingual-insulator-dictionary\/#breadcrumb","itemListElement":[{"@type":"ListItem","position":1,"name":"Home","item":"https:\/\/houseofinsulators.com\/"},{"@type":"ListItem","position":2,"name":"Multilingual Insulator dictionary"}]},{"@type":"WebSite","@id":"https:\/\/houseofinsulators.com\/#website","url":"https:\/\/houseofinsulators.com\/","name":"House of Insulators","description":"Electrostatic Precipitator Insulators (ESP insulators), Shaft insulators, Wall bushings, Insulators for substation, Support insulators for ESP","publisher":{"@id":"https:\/\/houseofinsulators.com\/#organization"},"alternateName":"ESPI Insulators","potentialAction":[{"@type":"SearchAction","target":{"@type":"EntryPoint","urlTemplate":"https:\/\/houseofinsulators.com\/?s={search_term_string}"},"query-input":"required name=search_term_string"}],"inLanguage":"cs"},{"@type":"Organization","@id":"https:\/\/houseofinsulators.com\/#organization","name":"ESPI Europe","alternateName":"ESPI","url":"https:\/\/houseofinsulators.com\/","logo":{"@type":"ImageObject","inLanguage":"cs","@id":"https:\/\/houseofinsulators.com\/#\/schema\/logo\/image\/","url":"https:\/\/houseofinsulators.com\/wp-content\/uploads\/2021\/05\/espi-logo.jpg","contentUrl":"https:\/\/houseofinsulators.com\/wp-content\/uploads\/2021\/05\/espi-logo.jpg","width":424,"height":228,"caption":"ESPI Europe"},"image":{"@id":"https:\/\/houseofinsulators.com\/#\/schema\/logo\/image\/"},"sameAs":["https:\/\/www.linkedin.com\/company\/espi-europe"]}]}},"_links":{"self":[{"href":"https:\/\/houseofinsulators.com\/cs\/wp-json\/wp\/v2\/pages\/605"}],"collection":[{"href":"https:\/\/houseofinsulators.com\/cs\/wp-json\/wp\/v2\/pages"}],"about":[{"href":"https:\/\/houseofinsulators.com\/cs\/wp-json\/wp\/v2\/types\/page"}],"author":[{"embeddable":true,"href":"https:\/\/houseofinsulators.com\/cs\/wp-json\/wp\/v2\/users\/1"}],"replies":[{"embeddable":true,"href":"https:\/\/houseofinsulators.com\/cs\/wp-json\/wp\/v2\/comments?post=605"}],"version-history":[{"count":12,"href":"https:\/\/houseofinsulators.com\/cs\/wp-json\/wp\/v2\/pages\/605\/revisions"}],"predecessor-version":[{"id":783,"href":"https:\/\/houseofinsulators.com\/cs\/wp-json\/wp\/v2\/pages\/605\/revisions\/783"}],"wp:attachment":[{"href":"https:\/\/houseofinsulators.com\/cs\/wp-json\/wp\/v2\/media?parent=605"}],"curies":[{"name":"wp","href":"https:\/\/api.w.org\/{rel}","templated":true}]}}