{"id":689,"date":"2022-10-28T09:08:30","date_gmt":"2022-10-28T09:08:30","guid":{"rendered":"https:\/\/houseofinsulators.com\/?page_id=689"},"modified":"2022-11-18T14:56:50","modified_gmt":"2022-11-18T14:56:50","slug":"insulator-for-electrostatic-precipitator","status":"publish","type":"page","link":"https:\/\/houseofinsulators.com\/cs\/insulator-for-electrostatic-precipitator\/","title":{"rendered":"Insulator for electrostatic precipitator"},"content":{"rendered":"<div class=\"banner has-hover\" id=\"banner-1189994987\">\n          <div class=\"banner-inner fill\">\n        <div class=\"banner-bg fill\" >\n            <div class=\"bg fill bg-fill\"><\/div>\n                        <div class=\"overlay\"><\/div>            \n                    <\/div>\n\t\t\n        <div class=\"banner-layers container\">\n            <div class=\"fill banner-link\"><\/div>            \n   <div id=\"text-box-945928385\" class=\"text-box banner-layer x50 md-x50 lg-x50 y50 md-y50 lg-y50 res-text\">\n                                <div class=\"text-box-content text dark\">\n              \n              <div class=\"text-inner text-center\">\n                  \n<h1 style=\"text-align: center;\">&nbsp;Insulators for Electrostatic precipitators (ESP)<\/h1>\n<h2 class=\"lead\">Prices and delivery time on request<\/h2>\n<p><\/br><\/p>\n<h3>ESPI Europe continues the long-standing tradition of electro porcelain supply in the Czech Republic.<\/h3>\n              <\/div>\n           <\/div>\n                            \n<style>\n#text-box-945928385 {\n  width: 100%;\n}\n#text-box-945928385 .text-box-content {\n  font-size: 100%;\n}\n<\/style>\n    <\/div>\n \n        <\/div>\n      <\/div>\n\n            \n<style>\n#banner-1189994987 {\n  padding-top: 446px;\n}\n#banner-1189994987 .bg.bg-loaded {\n  background-image: url(https:\/\/houseofinsulators.com\/wp-content\/uploads\/2016\/08\/dummy-2.jpg);\n}\n#banner-1189994987 .overlay {\n  background-color: rgba(0,0,0,.5);\n}\n#banner-1189994987 .bg {\n  background-position: 58% 26%;\n}\n#banner-1189994987 .ux-shape-divider--top svg {\n  height: 150px;\n  --divider-top-width: 100%;\n}\n#banner-1189994987 .ux-shape-divider--bottom svg {\n  height: 150px;\n  --divider-width: 100%;\n}\n<\/style>\n  <\/div>\n\n\n\t<section class=\"section\" id=\"section_574605508\">\n\t\t<div class=\"bg section-bg fill bg-fill  bg-loaded\" >\n\n\t\t\t\n\t\t\t<div class=\"section-bg-overlay absolute fill\"><\/div>\n\t\t\t\n\n\t\t<\/div>\n\n\t\t\n\n\t\t<div class=\"section-content relative\">\n\t\t\t\n<div class=\"row row-collapse row-full-width align-middle\"  id=\"row-1536108694\">\n\n\t<div id=\"col-2114038851\" class=\"col medium-6 small-12 large-6\"  >\n\t\t\t\t<div class=\"col-inner text-center\"  >\n\t\t\t\n\t\t\t\n<h2>For better air<\/h2>\n<p>An <a href=\"https:\/\/en.wikipedia.org\/wiki\/Electrostatic_precipitator\">electrostatic precipitator<\/a> is a filter that removes dust particles from contamined air using electricity. Coal power station, cement companies, chemical producers or car Li-ion batteries manufacturers produce huge volume of contamined air. In order prevent environment from entering CO2, SOx, dust, calcium oxide etc,&nbsp; we have to filter the gases and separate the dust particles.<\/p>\n\t\t<\/div>\n\t\t\t\t\n<style>\n#col-2114038851 > .col-inner {\n  padding: 10% 10% 10% 10%;\n  max-width: 520px;\n}\n<\/style>\n\t<\/div>\n\n\t\n\n\t<div id=\"col-471145728\" class=\"col medium-6 small-12 large-6\"  >\n\t\t\t\t<div class=\"col-inner\"  >\n\t\t\t\n\t\t\t\n\t<div class=\"img has-hover x md-x lg-x y md-y lg-y\" id=\"image_921716082\">\n\t\t\t\t\t\t\t\t<div class=\"img-inner dark\" >\n\t\t\t<img width=\"400\" height=\"400\" src=\"https:\/\/houseofinsulators.com\/wp-content\/uploads\/2022\/10\/ESP-insulators-for-electrostatic-precipitators-400x400.jpg\" class=\"attachment-medium size-medium\" alt=\"ESP insulator for electrostatic precipitator\" loading=\"lazy\" srcset=\"https:\/\/houseofinsulators.com\/wp-content\/uploads\/2022\/10\/ESP-insulators-for-electrostatic-precipitators-400x400.jpg 400w, https:\/\/houseofinsulators.com\/wp-content\/uploads\/2022\/10\/ESP-insulators-for-electrostatic-precipitators-800x800.jpg 800w, https:\/\/houseofinsulators.com\/wp-content\/uploads\/2022\/10\/ESP-insulators-for-electrostatic-precipitators-280x280.jpg 280w, https:\/\/houseofinsulators.com\/wp-content\/uploads\/2022\/10\/ESP-insulators-for-electrostatic-precipitators-768x768.jpg 768w, https:\/\/houseofinsulators.com\/wp-content\/uploads\/2022\/10\/ESP-insulators-for-electrostatic-precipitators-12x12.jpg 12w, https:\/\/houseofinsulators.com\/wp-content\/uploads\/2022\/10\/ESP-insulators-for-electrostatic-precipitators-300x300.jpg 300w, https:\/\/houseofinsulators.com\/wp-content\/uploads\/2022\/10\/ESP-insulators-for-electrostatic-precipitators-600x600.jpg 600w, https:\/\/houseofinsulators.com\/wp-content\/uploads\/2022\/10\/ESP-insulators-for-electrostatic-precipitators-100x100.jpg 100w, https:\/\/houseofinsulators.com\/wp-content\/uploads\/2022\/10\/ESP-insulators-for-electrostatic-precipitators.jpg 1000w\" sizes=\"(max-width: 400px) 100vw, 400px\" \/>\t\t\t\t\t\t\n\t\t\t\t\t<\/div>\n\t\t\t\t\t\t\t\t\n<style>\n#image_921716082 {\n  width: 100%;\n}\n<\/style>\n\t<\/div>\n\t\n\t\t<\/div>\n\t\t\t\t\t<\/div>\n\n\t\n<\/div>\n<h2>What is it Electrostatic precipitators (ESP)?<\/h2>\n<p>An electrostatic precipitator&nbsp;(filter) is a device that is used to separate ash from flue gases with the help of static electricity. The main component of the separator consists of a negatively charged electrode that polarizes the ash from the passing flue gas. The ash is subsequently captured on grounded positively charged plates (<a href=\"https:\/\/houseofinsulators.com\/wp-content\/uploads\/2022\/10\/02-discharge-electrodes-for-ESP.jpg\">electrodes<\/a>) and then mechanically collected in a trap.<\/p>\n<p>Conventional flue gas contains about 30 g of ash per 1 m\u00b3, thanks to the use of an electric precipitator, the content of solid particles is reduced to less than 0.1 g\/m\u00b3. The electrodes have a voltage of typically 40\u201370 kV, and the velocity of the flue gas in the separator chamber is about 1\u20132 m\/s.<\/p>\n<p>The first experimental use of solid particulate removal from flue gas dates back to 1824, however, the actual industrial use of electrostatics occurred with Frederick Gardner Cottrell&#8217;s 1907 patent.<\/p>\n<h2>Who is user of ESP?<\/h2>\n<p>Electrostatic precipitators are used in heavy industry, producing exhaust gas particles. Typical users of electrostatic filters are coal power plants, cement works, wooden works, chemical industry, steel workshops, gas industry, smelting plants, etc.<\/p>\n<h2>Why ESP needs insulators?<\/h2>\n<p>Conical or <a href=\"https:\/\/houseofinsulators.com\/cs\/electrostatic-precipitator\/esp_insulators\/\">cylindrical support insulators<\/a> are used in the electrostatic precipitator in order to support and insulate <a href=\"https:\/\/houseofinsulators.com\/wp-content\/uploads\/2022\/10\/01-collection-electrode-for-ESP.jpg\">collection electrodes<\/a> from the housing. The main mechanical demand on the support insulator is on axial pressure load. Usually, one ESP insulator loads up to 8 tons of electrodes, whereas our insulators are designed to carry max. 50 tons. There is a huge reserve of mechanical strength. The substantive electrical requirement of the insulator is to resist the electrical flashover on the surface of the insulator. For that reason is necessary to watch the insulator&#8217;s purity and protect the insulator from the dust sediments on the inside surface.&nbsp;Rapper insulators work like a hummer and their function is to remove collected dust from electrodes.&nbsp;<a href=\"https:\/\/houseofinsulators.com\/cs\/electrostatic-precipitator\/wall_bushings\/\">St\u011bnov\u00e1 pr\u016fchodka 36 kV \/ 630 A<\/a> is used on the electrical chamber to get the electricity wire from outside into the chamber.<\/p>\n<div>&nbsp;<\/div>\n\n  <div class=\"banner has-hover\" id=\"banner-1237878586\">\n          <div class=\"banner-inner fill\">\n        <div class=\"banner-bg fill\" >\n            <div class=\"bg fill bg-fill\"><\/div>\n                                    \n                    <\/div>\n\t\t\n        <div class=\"banner-layers container\">\n            <div class=\"fill banner-link\"><\/div>            \n   <div id=\"text-box-1707894710\" class=\"text-box banner-layer x50 md-x5 lg-x5 y50 md-y50 lg-y50 res-text\">\n                                <div class=\"text-box-content text dark\">\n              \n              <div class=\"text-inner text-center\">\n                  \n\t<div id=\"text-2085359124\" class=\"text\">\n\t\t\n<h3 class=\"uppercase\"><strong>Looking for ESP insulator?<\/strong><\/h3>\n<a href=\"https:\/\/houseofinsulators.com\/cs\/electrostatic-precipitator\/esp-insulators\/\" target=\"_self\" class=\"button white is-outline\"  >\n    <span>Visit our portfolio<\/span>\n  <\/a>\n\n\t\t\n<style>\n#text-2085359124 {\n  font-size: 0.75rem;\n  line-height: 3;\n  text-align: center;\n}\n<\/style>\n\t<\/div>\n\t\n              <\/div>\n           <\/div>\n                            \n<style>\n#text-box-1707894710 {\n  width: 76%;\n}\n#text-box-1707894710 .text-box-content {\n  font-size: 100%;\n}\n@media (min-width:550px) {\n  #text-box-1707894710 {\n    width: 92%;\n  }\n}\n<\/style>\n    <\/div>\n \n        <\/div>\n      <\/div>\n\n            \n<style>\n#banner-1237878586 {\n  padding-top: 100px;\n}\n#banner-1237878586 .bg.bg-loaded {\n  background-image: url(https:\/\/houseofinsulators.com\/wp-content\/uploads\/2016\/08\/dummy-2.jpg);\n}\n#banner-1237878586 .bg {\n  background-position: 100% 100%;\n}\n#banner-1237878586 .ux-shape-divider--top svg {\n  height: 150px;\n  --divider-top-width: 100%;\n}\n#banner-1237878586 .ux-shape-divider--bottom svg {\n  height: 150px;\n  --divider-width: 100%;\n}\n<\/style>\n  <\/div>\n\n\n\t\t<\/div>\n\n\t\t\n<style>\n#section_574605508 {\n  padding-top: 0px;\n  padding-bottom: 0px;\n  background-color: rgb(247, 247, 247);\n}\n#section_574605508 .section-bg-overlay {\n  background-color: rgba(255, 255, 255, 0.85);\n}\n#section_574605508 .ux-shape-divider--top svg {\n  height: 150px;\n  --divider-top-width: 100%;\n}\n#section_574605508 .ux-shape-divider--bottom svg {\n  height: 150px;\n  --divider-width: 100%;\n}\n<\/style>\n\t<\/section>","protected":false},"excerpt":{"rendered":"","protected":false},"author":1,"featured_media":0,"parent":0,"menu_order":0,"comment_status":"closed","ping_status":"closed","template":"","meta":[],"yoast_head":"<!-- This site is optimized with the Yoast SEO plugin v19.9 - https:\/\/yoast.com\/wordpress\/plugins\/seo\/ -->\n<title>Insulator for electrostatic precipitator | House of Insulators<\/title>\n<meta name=\"description\" content=\"ESPI is a leading manufacturer of insulators for electrostatic precipitators. Join our mission &quot;Making the air cleaner&quot;. Every day and minute\" \/>\n<meta name=\"robots\" content=\"index, follow, max-snippet:-1, max-image-preview:large, max-video-preview:-1\" \/>\n<link rel=\"canonical\" href=\"https:\/\/houseofinsulators.com\/cs\/insulator-for-electrostatic-precipitator\/\" \/>\n<meta property=\"og:locale\" content=\"cs_CZ\" \/>\n<meta property=\"og:type\" content=\"article\" \/>\n<meta property=\"og:title\" content=\"Insulator for electrostatic precipitator | House of Insulators\" \/>\n<meta property=\"og:description\" content=\"ESPI is a leading manufacturer of insulators for electrostatic precipitators. Join our mission &quot;Making the air cleaner&quot;. Every day and minute\" \/>\n<meta property=\"og:url\" content=\"https:\/\/houseofinsulators.com\/cs\/insulator-for-electrostatic-precipitator\/\" \/>\n<meta property=\"og:site_name\" content=\"House of Insulators\" \/>\n<meta property=\"article:modified_time\" content=\"2022-11-18T14:56:50+00:00\" \/>\n<meta name=\"twitter:card\" content=\"summary_large_image\" \/>\n<meta name=\"twitter:label1\" content=\"Odhadovan\u00e1 doba \u010dten\u00ed\" \/>\n\t<meta name=\"twitter:data1\" content=\"3 minuty\" \/>\n<script type=\"application\/ld+json\" class=\"yoast-schema-graph\">{\"@context\":\"https:\/\/schema.org\",\"@graph\":[{\"@type\":\"WebPage\",\"@id\":\"https:\/\/houseofinsulators.com\/insulator-for-electrostatic-precipitator\/\",\"url\":\"https:\/\/houseofinsulators.com\/insulator-for-electrostatic-precipitator\/\",\"name\":\"Insulator for electrostatic precipitator | House of Insulators\",\"isPartOf\":{\"@id\":\"https:\/\/houseofinsulators.com\/#website\"},\"datePublished\":\"2022-10-28T09:08:30+00:00\",\"dateModified\":\"2022-11-18T14:56:50+00:00\",\"description\":\"ESPI is a leading manufacturer of insulators for electrostatic precipitators. Join our mission \\\"Making the air cleaner\\\". Every day and minute\",\"breadcrumb\":{\"@id\":\"https:\/\/houseofinsulators.com\/insulator-for-electrostatic-precipitator\/#breadcrumb\"},\"inLanguage\":\"cs\",\"potentialAction\":[{\"@type\":\"ReadAction\",\"target\":[\"https:\/\/houseofinsulators.com\/insulator-for-electrostatic-precipitator\/\"]}]},{\"@type\":\"BreadcrumbList\",\"@id\":\"https:\/\/houseofinsulators.com\/insulator-for-electrostatic-precipitator\/#breadcrumb\",\"itemListElement\":[{\"@type\":\"ListItem\",\"position\":1,\"name\":\"Home\",\"item\":\"https:\/\/houseofinsulators.com\/\"},{\"@type\":\"ListItem\",\"position\":2,\"name\":\"Insulator for electrostatic precipitator\"}]},{\"@type\":\"WebSite\",\"@id\":\"https:\/\/houseofinsulators.com\/#website\",\"url\":\"https:\/\/houseofinsulators.com\/\",\"name\":\"House of Insulators\",\"description\":\"Electrostatic Precipitator Insulators (ESP insulators), Shaft insulators, Wall bushings, Insulators for substation, Support insulators for ESP\",\"publisher\":{\"@id\":\"https:\/\/houseofinsulators.com\/#organization\"},\"alternateName\":\"ESPI Insulators\",\"potentialAction\":[{\"@type\":\"SearchAction\",\"target\":{\"@type\":\"EntryPoint\",\"urlTemplate\":\"https:\/\/houseofinsulators.com\/?s={search_term_string}\"},\"query-input\":\"required name=search_term_string\"}],\"inLanguage\":\"cs\"},{\"@type\":\"Organization\",\"@id\":\"https:\/\/houseofinsulators.com\/#organization\",\"name\":\"ESPI Europe\",\"alternateName\":\"ESPI\",\"url\":\"https:\/\/houseofinsulators.com\/\",\"logo\":{\"@type\":\"ImageObject\",\"inLanguage\":\"cs\",\"@id\":\"https:\/\/houseofinsulators.com\/#\/schema\/logo\/image\/\",\"url\":\"https:\/\/houseofinsulators.com\/wp-content\/uploads\/2021\/05\/espi-logo.jpg\",\"contentUrl\":\"https:\/\/houseofinsulators.com\/wp-content\/uploads\/2021\/05\/espi-logo.jpg\",\"width\":424,\"height\":228,\"caption\":\"ESPI Europe\"},\"image\":{\"@id\":\"https:\/\/houseofinsulators.com\/#\/schema\/logo\/image\/\"},\"sameAs\":[\"https:\/\/www.linkedin.com\/company\/espi-europe\"]}]}<\/script>\n<!-- \/ Yoast SEO plugin. -->","yoast_head_json":{"title":"Insulator for electrostatic precipitator | House of Insulators","description":"ESPI is a leading manufacturer of insulators for electrostatic precipitators. Join our mission \"Making the air cleaner\". Every day and minute","robots":{"index":"index","follow":"follow","max-snippet":"max-snippet:-1","max-image-preview":"max-image-preview:large","max-video-preview":"max-video-preview:-1"},"canonical":"https:\/\/houseofinsulators.com\/cs\/insulator-for-electrostatic-precipitator\/","og_locale":"cs_CZ","og_type":"article","og_title":"Insulator for electrostatic precipitator | House of Insulators","og_description":"ESPI is a leading manufacturer of insulators for electrostatic precipitators. Join our mission \"Making the air cleaner\". Every day and minute","og_url":"https:\/\/houseofinsulators.com\/cs\/insulator-for-electrostatic-precipitator\/","og_site_name":"House of Insulators","article_modified_time":"2022-11-18T14:56:50+00:00","twitter_card":"summary_large_image","twitter_misc":{"Odhadovan\u00e1 doba \u010dten\u00ed":"3 minuty"},"schema":{"@context":"https:\/\/schema.org","@graph":[{"@type":"WebPage","@id":"https:\/\/houseofinsulators.com\/insulator-for-electrostatic-precipitator\/","url":"https:\/\/houseofinsulators.com\/insulator-for-electrostatic-precipitator\/","name":"Insulator for electrostatic precipitator | House of Insulators","isPartOf":{"@id":"https:\/\/houseofinsulators.com\/#website"},"datePublished":"2022-10-28T09:08:30+00:00","dateModified":"2022-11-18T14:56:50+00:00","description":"ESPI is a leading manufacturer of insulators for electrostatic precipitators. Join our mission \"Making the air cleaner\". Every day and minute","breadcrumb":{"@id":"https:\/\/houseofinsulators.com\/insulator-for-electrostatic-precipitator\/#breadcrumb"},"inLanguage":"cs","potentialAction":[{"@type":"ReadAction","target":["https:\/\/houseofinsulators.com\/insulator-for-electrostatic-precipitator\/"]}]},{"@type":"BreadcrumbList","@id":"https:\/\/houseofinsulators.com\/insulator-for-electrostatic-precipitator\/#breadcrumb","itemListElement":[{"@type":"ListItem","position":1,"name":"Home","item":"https:\/\/houseofinsulators.com\/"},{"@type":"ListItem","position":2,"name":"Insulator for electrostatic precipitator"}]},{"@type":"WebSite","@id":"https:\/\/houseofinsulators.com\/#website","url":"https:\/\/houseofinsulators.com\/","name":"House of Insulators","description":"Electrostatic Precipitator Insulators (ESP insulators), Shaft insulators, Wall bushings, Insulators for substation, Support insulators for ESP","publisher":{"@id":"https:\/\/houseofinsulators.com\/#organization"},"alternateName":"ESPI Insulators","potentialAction":[{"@type":"SearchAction","target":{"@type":"EntryPoint","urlTemplate":"https:\/\/houseofinsulators.com\/?s={search_term_string}"},"query-input":"required name=search_term_string"}],"inLanguage":"cs"},{"@type":"Organization","@id":"https:\/\/houseofinsulators.com\/#organization","name":"ESPI Europe","alternateName":"ESPI","url":"https:\/\/houseofinsulators.com\/","logo":{"@type":"ImageObject","inLanguage":"cs","@id":"https:\/\/houseofinsulators.com\/#\/schema\/logo\/image\/","url":"https:\/\/houseofinsulators.com\/wp-content\/uploads\/2021\/05\/espi-logo.jpg","contentUrl":"https:\/\/houseofinsulators.com\/wp-content\/uploads\/2021\/05\/espi-logo.jpg","width":424,"height":228,"caption":"ESPI Europe"},"image":{"@id":"https:\/\/houseofinsulators.com\/#\/schema\/logo\/image\/"},"sameAs":["https:\/\/www.linkedin.com\/company\/espi-europe"]}]}},"_links":{"self":[{"href":"https:\/\/houseofinsulators.com\/cs\/wp-json\/wp\/v2\/pages\/689"}],"collection":[{"href":"https:\/\/houseofinsulators.com\/cs\/wp-json\/wp\/v2\/pages"}],"about":[{"href":"https:\/\/houseofinsulators.com\/cs\/wp-json\/wp\/v2\/types\/page"}],"author":[{"embeddable":true,"href":"https:\/\/houseofinsulators.com\/cs\/wp-json\/wp\/v2\/users\/1"}],"replies":[{"embeddable":true,"href":"https:\/\/houseofinsulators.com\/cs\/wp-json\/wp\/v2\/comments?post=689"}],"version-history":[{"count":33,"href":"https:\/\/houseofinsulators.com\/cs\/wp-json\/wp\/v2\/pages\/689\/revisions"}],"predecessor-version":[{"id":771,"href":"https:\/\/houseofinsulators.com\/cs\/wp-json\/wp\/v2\/pages\/689\/revisions\/771"}],"wp:attachment":[{"href":"https:\/\/houseofinsulators.com\/cs\/wp-json\/wp\/v2\/media?parent=689"}],"curies":[{"name":"wp","href":"https:\/\/api.w.org\/{rel}","templated":true}]}}