{"id":756,"date":"2022-11-18T13:58:51","date_gmt":"2022-11-18T13:58:51","guid":{"rendered":"https:\/\/houseofinsulators.com\/?page_id=756"},"modified":"2022-11-19T08:40:29","modified_gmt":"2022-11-19T08:40:29","slug":"ppc-insulators-alternative-suppliers","status":"publish","type":"page","link":"https:\/\/houseofinsulators.com\/cs\/ppc-insulators-alternative-suppliers\/","title":{"rendered":"PPC Insulators alternative suppliers"},"content":{"rendered":"<div class=\"banner has-hover\" id=\"banner-863250547\">\n          <div class=\"banner-inner fill\">\n        <div class=\"banner-bg fill\" >\n            <div class=\"bg fill bg-fill\"><\/div>\n                        <div class=\"overlay\"><\/div>            \n                    <\/div>\n\t\t\n        <div class=\"banner-layers container\">\n            <div class=\"fill banner-link\"><\/div>            \n\n   <div id=\"text-box-1371026062\" class=\"text-box banner-layer x50 md-x50 lg-x50 y50 md-y50 lg-y50 res-text\">\n                                <div class=\"text-box-content text dark\">\n              \n              <div class=\"text-inner text-center\">\n                  \n\n<h1 style=\"text-align: center;\">&nbsp;PPC Insulators alternative suppliers<\/h1>\n<p>&nbsp;<\/p>\n<h3>&nbsp;<\/h3>\n\n\n              <\/div>\n           <\/div>\n                            \n<style>\n#text-box-1371026062 {\n  width: 100%;\n}\n#text-box-1371026062 .text-box-content {\n  font-size: 100%;\n}\n<\/style>\n    <\/div>\n \n\n        <\/div>\n      <\/div>\n\n            \n<style>\n#banner-863250547 {\n  padding-top: 446px;\n}\n#banner-863250547 .bg.bg-loaded {\n  background-image: url(https:\/\/houseofinsulators.com\/wp-content\/uploads\/2016\/08\/dummy-2.jpg);\n}\n#banner-863250547 .overlay {\n  background-color: rgba(0,0,0,.5);\n}\n#banner-863250547 .bg {\n  background-position: 58% 26%;\n}\n#banner-863250547 .ux-shape-divider--top svg {\n  height: 150px;\n  --divider-top-width: 100%;\n}\n#banner-863250547 .ux-shape-divider--bottom svg {\n  height: 150px;\n  --divider-width: 100%;\n}\n<\/style>\n  <\/div>\n\n\n\t<section class=\"section\" id=\"section_108283023\">\n\t\t<div class=\"bg section-bg fill bg-fill  bg-loaded\" >\n\n\t\t\t\n\t\t\t<div class=\"section-bg-overlay absolute fill\"><\/div>\n\t\t\t\n\n\t\t<\/div>\n\n\t\t\n\n\t\t<div class=\"section-content relative\">\n\t\t\t\n\n<div class=\"row row-collapse row-full-width align-middle\"  id=\"row-696670970\">\n\n\n\t<div id=\"col-396291586\" class=\"col medium-6 small-12 large-6\"  >\n\t\t\t\t<div class=\"col-inner text-center\"  >\n\t\t\t\n\t\t\t\n\n<h2>What alternative to European producer PPC Insulators does market offer?<\/h2>\n<p>PPC Insulators alternative suppliers are in focus. There are only few quality insulator manufacturers in Europe and major of them do not produce insulators for electrostatic precipitators.That was specialiy for&nbsp; IFO Ceramic in Sweden or EKS Sonneberg Germany, which were both closed recently. Many customers have lost their traditional relationship in porcelain delivery and now they are looking for <a href=\"https:\/\/houseofinsulators.com\/cs\/electrostatic-precipitator\/esp-insulators\/\">support insulator for ESP<\/a>, <a href=\"https:\/\/houseofinsulators.com\/cs\/electrostatic-precipitator\/bushing-insulators\/\">wall bushing<\/a> or <a href=\"https:\/\/houseofinsulators.com\/cs\/electrostatic-precipitator\/shaft-insulators\/\">shaft insulator<\/a>.<\/p>\n<p><a href=\"https:\/\/espi.cz\/\">ESPI<\/a> Europe is a good alternative supplier to German insulator manufacturer PPC Insulators. ESPI manufacturers insulators with the top European quality, however for <a href=\"mailto:info@espi.cz\">afordable price<\/a>.<\/p>\n<p>Lack of production capacities in EU has a consequence, that&nbsp; PPC Insulators as one of the top European ceramic producers focus now on post insulators, long-rod and hollow ceramic rather then insulators for elektrofilter, where the ordered quantity is mainly significantly lower or even in single pieces.<\/p>\n\n\t\t<\/div>\n\t\t\t\t\n<style>\n#col-396291586 > .col-inner {\n  padding: 10% 10% 10% 10%;\n  max-width: 520px;\n}\n<\/style>\n\t<\/div>\n\n\t\n\n\t<div id=\"col-1557335207\" class=\"col medium-6 small-12 large-6\"  >\n\t\t\t\t<div class=\"col-inner\"  >\n\t\t\t\n\t\t\t\n\n\t<div class=\"img has-hover x md-x lg-x y md-y lg-y\" id=\"image_258133643\">\n\t\t<a class=\"\" href=\"https:\/\/houseofinsulators.com\/cs\/electrostatic-precipitator\/esp-insulators\/\"  >\t\t\t\t\t\t<div class=\"img-inner dark\" >\n\t\t\t<img width=\"400\" height=\"400\" src=\"https:\/\/houseofinsulators.com\/wp-content\/uploads\/2022\/10\/ESP-insulators-for-electrostatic-precipitators-400x400.jpg\" class=\"attachment-medium size-medium\" alt=\"ESP insulator for electrostatic precipitator\" loading=\"lazy\" srcset=\"https:\/\/houseofinsulators.com\/wp-content\/uploads\/2022\/10\/ESP-insulators-for-electrostatic-precipitators-400x400.jpg 400w, https:\/\/houseofinsulators.com\/wp-content\/uploads\/2022\/10\/ESP-insulators-for-electrostatic-precipitators-800x800.jpg 800w, https:\/\/houseofinsulators.com\/wp-content\/uploads\/2022\/10\/ESP-insulators-for-electrostatic-precipitators-280x280.jpg 280w, https:\/\/houseofinsulators.com\/wp-content\/uploads\/2022\/10\/ESP-insulators-for-electrostatic-precipitators-768x768.jpg 768w, https:\/\/houseofinsulators.com\/wp-content\/uploads\/2022\/10\/ESP-insulators-for-electrostatic-precipitators-12x12.jpg 12w, https:\/\/houseofinsulators.com\/wp-content\/uploads\/2022\/10\/ESP-insulators-for-electrostatic-precipitators-300x300.jpg 300w, https:\/\/houseofinsulators.com\/wp-content\/uploads\/2022\/10\/ESP-insulators-for-electrostatic-precipitators-600x600.jpg 600w, https:\/\/houseofinsulators.com\/wp-content\/uploads\/2022\/10\/ESP-insulators-for-electrostatic-precipitators-100x100.jpg 100w, https:\/\/houseofinsulators.com\/wp-content\/uploads\/2022\/10\/ESP-insulators-for-electrostatic-precipitators.jpg 1000w\" sizes=\"(max-width: 400px) 100vw, 400px\" \/>\t\t\t\t\t\t\n\t\t\t\t\t<\/div>\n\t\t\t\t\t\t<\/a>\t\t\n<style>\n#image_258133643 {\n  width: 100%;\n}\n<\/style>\n\t<\/div>\n\t\n\n\n\t\t<\/div>\n\t\t\t\t\t<\/div>\n\n\t\n\n<\/div>\n<h2>What is ESPI insulator quality?<\/h2>\n<p>We in ESPI do test every production batch according to standard IEC 62&nbsp;155. Visual inspection, verification of dimension, temperature cycle test, DC withstand voltage test under high temperature and room temperature and porosty test are must. Additionaly to these test, we proceed standardly also compressive test under a load of 30 tons. All insulators are tested as shown above within the production batch. Insulators are packed in boxes from plywood, which conforms to fumigation standards for oversea delivery readyness. Customer can choose from grey and brown glaze of insulator surface. In some cases ESP insulator can work also without beeing glazed. This applies mainly for <a href=\"https:\/\/houseofinsulators.com\/cs\/electrostatic-precipitator\/high-alumina-insulators-for-ESP\/\">high alumina insulators<\/a>.<\/p>\n<p><span style=\"color: #333333;\"><span style=\"font-size: 23.04px;\">Why ESPI insulators?<\/span><\/span><\/p>\n<p>ESPI offers technically and from the point of quality similar ceramic insulator for ESP electrostatic precipitator as German producer PPC insulators Sonneberg, moreover for afordable price and delivery conditions. &nbsp;At present time we have annual capacity of 20&nbsp;000 conical support insulators. Futhermore we can offer high runners in smaller quantity then minimum order volume or deliver from a stock in few weeks.<\/p>\n<div>&nbsp;<\/div>\n\n  <div class=\"banner has-hover\" id=\"banner-438849358\">\n          <div class=\"banner-inner fill\">\n        <div class=\"banner-bg fill\" >\n            <div class=\"bg fill bg-fill\"><\/div>\n                                    \n                    <\/div>\n\t\t\n        <div class=\"banner-layers container\">\n            <div class=\"fill banner-link\"><\/div>            \n\n   <div id=\"text-box-717455430\" class=\"text-box banner-layer x50 md-x5 lg-x5 y50 md-y50 lg-y50 res-text\">\n                                <div class=\"text-box-content text dark\">\n              \n              <div class=\"text-inner text-center\">\n                  \n\n\t<div id=\"text-163679755\" class=\"text\">\n\t\t\n\n<h3 class=\"uppercase\"><strong>Looking for ESP insulator?<\/strong><\/h3>\n<a href=\"https:\/\/houseofinsulators.com\/cs\/electrostatic-precipitator\/esp-insulators\/\" target=\"_self\" class=\"button white is-outline\"  >\n    <span>Visit our portfolio<\/span>\n  <\/a>\n\n\t\t\n<style>\n#text-163679755 {\n  font-size: 0.75rem;\n  line-height: 3;\n  text-align: center;\n}\n<\/style>\n\t<\/div>\n\t\n\n              <\/div>\n           <\/div>\n                            \n<style>\n#text-box-717455430 {\n  width: 76%;\n}\n#text-box-717455430 .text-box-content {\n  font-size: 100%;\n}\n@media (min-width:550px) {\n  #text-box-717455430 {\n    width: 92%;\n  }\n}\n<\/style>\n    <\/div>\n \n\n        <\/div>\n      <\/div>\n\n            \n<style>\n#banner-438849358 {\n  padding-top: 100px;\n}\n#banner-438849358 .bg.bg-loaded {\n  background-image: url(https:\/\/houseofinsulators.com\/wp-content\/uploads\/2016\/08\/dummy-2.jpg);\n}\n#banner-438849358 .bg {\n  background-position: 100% 100%;\n}\n#banner-438849358 .ux-shape-divider--top svg {\n  height: 150px;\n  --divider-top-width: 100%;\n}\n#banner-438849358 .ux-shape-divider--bottom svg {\n  height: 150px;\n  --divider-width: 100%;\n}\n<\/style>\n  <\/div>\n\n\n\n\t\t<\/div>\n\n\t\t\n<style>\n#section_108283023 {\n  padding-top: 0px;\n  padding-bottom: 0px;\n  background-color: rgb(247, 247, 247);\n}\n#section_108283023 .section-bg-overlay {\n  background-color: rgba(255, 255, 255, 0.85);\n}\n#section_108283023 .ux-shape-divider--top svg {\n  height: 150px;\n  --divider-top-width: 100%;\n}\n#section_108283023 .ux-shape-divider--bottom svg {\n  height: 150px;\n  --divider-width: 100%;\n}\n<\/style>\n\t<\/section>","protected":false},"excerpt":{"rendered":"","protected":false},"author":1,"featured_media":0,"parent":0,"menu_order":0,"comment_status":"closed","ping_status":"closed","template":"","meta":[],"yoast_head":"<!-- This site is optimized with the Yoast SEO plugin v19.9 - https:\/\/yoast.com\/wordpress\/plugins\/seo\/ -->\n<title>PPC PPC Insulators alternative suppliers<\/title>\n<meta name=\"description\" content=\"ESP Insulator from ESPI is a good alternative to PPC Insulators. ESPI is the first supplier, that offers top quality, for an affordable price\" \/>\n<meta name=\"robots\" content=\"index, follow, max-snippet:-1, max-image-preview:large, max-video-preview:-1\" \/>\n<link rel=\"canonical\" href=\"https:\/\/houseofinsulators.com\/cs\/ppc-insulators-alternative-suppliers\/\" \/>\n<meta property=\"og:locale\" content=\"cs_CZ\" \/>\n<meta property=\"og:type\" content=\"article\" \/>\n<meta property=\"og:title\" content=\"PPC PPC Insulators alternative suppliers\" \/>\n<meta property=\"og:description\" content=\"ESP Insulator from ESPI is a good alternative to PPC Insulators. ESPI is the first supplier, that offers top quality, for an affordable price\" \/>\n<meta property=\"og:url\" content=\"https:\/\/houseofinsulators.com\/cs\/ppc-insulators-alternative-suppliers\/\" \/>\n<meta property=\"og:site_name\" content=\"House of Insulators\" \/>\n<meta property=\"article:modified_time\" content=\"2022-11-19T08:40:29+00:00\" \/>\n<meta name=\"twitter:card\" content=\"summary_large_image\" \/>\n<meta name=\"twitter:label1\" content=\"Odhadovan\u00e1 doba \u010dten\u00ed\" \/>\n\t<meta name=\"twitter:data1\" content=\"2 minuty\" \/>\n<script type=\"application\/ld+json\" class=\"yoast-schema-graph\">{\"@context\":\"https:\/\/schema.org\",\"@graph\":[{\"@type\":\"WebPage\",\"@id\":\"https:\/\/houseofinsulators.com\/ppc-insulators-alternative-suppliers\/\",\"url\":\"https:\/\/houseofinsulators.com\/ppc-insulators-alternative-suppliers\/\",\"name\":\"PPC PPC Insulators alternative suppliers\",\"isPartOf\":{\"@id\":\"https:\/\/houseofinsulators.com\/#website\"},\"datePublished\":\"2022-11-18T13:58:51+00:00\",\"dateModified\":\"2022-11-19T08:40:29+00:00\",\"description\":\"ESP Insulator from ESPI is a good alternative to PPC Insulators. ESPI is the first supplier, that offers top quality, for an affordable price\",\"breadcrumb\":{\"@id\":\"https:\/\/houseofinsulators.com\/ppc-insulators-alternative-suppliers\/#breadcrumb\"},\"inLanguage\":\"cs\",\"potentialAction\":[{\"@type\":\"ReadAction\",\"target\":[\"https:\/\/houseofinsulators.com\/ppc-insulators-alternative-suppliers\/\"]}]},{\"@type\":\"BreadcrumbList\",\"@id\":\"https:\/\/houseofinsulators.com\/ppc-insulators-alternative-suppliers\/#breadcrumb\",\"itemListElement\":[{\"@type\":\"ListItem\",\"position\":1,\"name\":\"Home\",\"item\":\"https:\/\/houseofinsulators.com\/\"},{\"@type\":\"ListItem\",\"position\":2,\"name\":\"PPC Insulators alternative suppliers\"}]},{\"@type\":\"WebSite\",\"@id\":\"https:\/\/houseofinsulators.com\/#website\",\"url\":\"https:\/\/houseofinsulators.com\/\",\"name\":\"House of Insulators\",\"description\":\"Electrostatic Precipitator Insulators (ESP insulators), Shaft insulators, Wall bushings, Insulators for substation, Support insulators for ESP\",\"publisher\":{\"@id\":\"https:\/\/houseofinsulators.com\/#organization\"},\"alternateName\":\"ESPI Insulators\",\"potentialAction\":[{\"@type\":\"SearchAction\",\"target\":{\"@type\":\"EntryPoint\",\"urlTemplate\":\"https:\/\/houseofinsulators.com\/?s={search_term_string}\"},\"query-input\":\"required name=search_term_string\"}],\"inLanguage\":\"cs\"},{\"@type\":\"Organization\",\"@id\":\"https:\/\/houseofinsulators.com\/#organization\",\"name\":\"ESPI Europe\",\"alternateName\":\"ESPI\",\"url\":\"https:\/\/houseofinsulators.com\/\",\"logo\":{\"@type\":\"ImageObject\",\"inLanguage\":\"cs\",\"@id\":\"https:\/\/houseofinsulators.com\/#\/schema\/logo\/image\/\",\"url\":\"https:\/\/houseofinsulators.com\/wp-content\/uploads\/2021\/05\/espi-logo.jpg\",\"contentUrl\":\"https:\/\/houseofinsulators.com\/wp-content\/uploads\/2021\/05\/espi-logo.jpg\",\"width\":424,\"height\":228,\"caption\":\"ESPI Europe\"},\"image\":{\"@id\":\"https:\/\/houseofinsulators.com\/#\/schema\/logo\/image\/\"},\"sameAs\":[\"https:\/\/www.linkedin.com\/company\/espi-europe\"]}]}<\/script>\n<!-- \/ Yoast SEO plugin. -->","yoast_head_json":{"title":"PPC PPC Insulators alternative suppliers","description":"ESP Insulator from ESPI is a good alternative to PPC Insulators. ESPI is the first supplier, that offers top quality, for an affordable price","robots":{"index":"index","follow":"follow","max-snippet":"max-snippet:-1","max-image-preview":"max-image-preview:large","max-video-preview":"max-video-preview:-1"},"canonical":"https:\/\/houseofinsulators.com\/cs\/ppc-insulators-alternative-suppliers\/","og_locale":"cs_CZ","og_type":"article","og_title":"PPC PPC Insulators alternative suppliers","og_description":"ESP Insulator from ESPI is a good alternative to PPC Insulators. ESPI is the first supplier, that offers top quality, for an affordable price","og_url":"https:\/\/houseofinsulators.com\/cs\/ppc-insulators-alternative-suppliers\/","og_site_name":"House of Insulators","article_modified_time":"2022-11-19T08:40:29+00:00","twitter_card":"summary_large_image","twitter_misc":{"Odhadovan\u00e1 doba \u010dten\u00ed":"2 minuty"},"schema":{"@context":"https:\/\/schema.org","@graph":[{"@type":"WebPage","@id":"https:\/\/houseofinsulators.com\/ppc-insulators-alternative-suppliers\/","url":"https:\/\/houseofinsulators.com\/ppc-insulators-alternative-suppliers\/","name":"PPC PPC Insulators alternative suppliers","isPartOf":{"@id":"https:\/\/houseofinsulators.com\/#website"},"datePublished":"2022-11-18T13:58:51+00:00","dateModified":"2022-11-19T08:40:29+00:00","description":"ESP Insulator from ESPI is a good alternative to PPC Insulators. ESPI is the first supplier, that offers top quality, for an affordable price","breadcrumb":{"@id":"https:\/\/houseofinsulators.com\/ppc-insulators-alternative-suppliers\/#breadcrumb"},"inLanguage":"cs","potentialAction":[{"@type":"ReadAction","target":["https:\/\/houseofinsulators.com\/ppc-insulators-alternative-suppliers\/"]}]},{"@type":"BreadcrumbList","@id":"https:\/\/houseofinsulators.com\/ppc-insulators-alternative-suppliers\/#breadcrumb","itemListElement":[{"@type":"ListItem","position":1,"name":"Home","item":"https:\/\/houseofinsulators.com\/"},{"@type":"ListItem","position":2,"name":"PPC Insulators alternative suppliers"}]},{"@type":"WebSite","@id":"https:\/\/houseofinsulators.com\/#website","url":"https:\/\/houseofinsulators.com\/","name":"House of Insulators","description":"Electrostatic Precipitator Insulators (ESP insulators), Shaft insulators, Wall bushings, Insulators for substation, Support insulators for ESP","publisher":{"@id":"https:\/\/houseofinsulators.com\/#organization"},"alternateName":"ESPI Insulators","potentialAction":[{"@type":"SearchAction","target":{"@type":"EntryPoint","urlTemplate":"https:\/\/houseofinsulators.com\/?s={search_term_string}"},"query-input":"required name=search_term_string"}],"inLanguage":"cs"},{"@type":"Organization","@id":"https:\/\/houseofinsulators.com\/#organization","name":"ESPI Europe","alternateName":"ESPI","url":"https:\/\/houseofinsulators.com\/","logo":{"@type":"ImageObject","inLanguage":"cs","@id":"https:\/\/houseofinsulators.com\/#\/schema\/logo\/image\/","url":"https:\/\/houseofinsulators.com\/wp-content\/uploads\/2021\/05\/espi-logo.jpg","contentUrl":"https:\/\/houseofinsulators.com\/wp-content\/uploads\/2021\/05\/espi-logo.jpg","width":424,"height":228,"caption":"ESPI Europe"},"image":{"@id":"https:\/\/houseofinsulators.com\/#\/schema\/logo\/image\/"},"sameAs":["https:\/\/www.linkedin.com\/company\/espi-europe"]}]}},"_links":{"self":[{"href":"https:\/\/houseofinsulators.com\/cs\/wp-json\/wp\/v2\/pages\/756"}],"collection":[{"href":"https:\/\/houseofinsulators.com\/cs\/wp-json\/wp\/v2\/pages"}],"about":[{"href":"https:\/\/houseofinsulators.com\/cs\/wp-json\/wp\/v2\/types\/page"}],"author":[{"embeddable":true,"href":"https:\/\/houseofinsulators.com\/cs\/wp-json\/wp\/v2\/users\/1"}],"replies":[{"embeddable":true,"href":"https:\/\/houseofinsulators.com\/cs\/wp-json\/wp\/v2\/comments?post=756"}],"version-history":[{"count":12,"href":"https:\/\/houseofinsulators.com\/cs\/wp-json\/wp\/v2\/pages\/756\/revisions"}],"predecessor-version":[{"id":785,"href":"https:\/\/houseofinsulators.com\/cs\/wp-json\/wp\/v2\/pages\/756\/revisions\/785"}],"wp:attachment":[{"href":"https:\/\/houseofinsulators.com\/cs\/wp-json\/wp\/v2\/media?parent=756"}],"curies":[{"name":"wp","href":"https:\/\/api.w.org\/{rel}","templated":true}]}}