{"id":493,"date":"2021-05-17T07:28:45","date_gmt":"2021-05-17T07:28:45","guid":{"rendered":"http:\/\/houseofinsulators.com\/?post_type=product&#038;p=493"},"modified":"2021-05-17T07:36:31","modified_gmt":"2021-05-17T07:36:31","slug":"raschigovy-krouzky","status":"publish","type":"product","link":"https:\/\/houseofinsulators.com\/cs\/produkt\/raschigovy-krouzky\/","title":{"rendered":"Ra\u0161ikovy krou\u017eky"},"content":{"rendered":"<div class=\"newsAnotation boxRow\">\n<div class=\"newsContent\">\n<p class=\"newsContentShort\">Keramika je jedn\u00edm z typick\u00fdch materi\u00e1l\u016f, ze kter\u00fdch jsou Raschigovy krou\u017eky vyr\u00e1b\u011bny. Vyr\u00e1b\u00edme je z materi\u00e1l\u016f, kter\u00e9 se chemicky nem\u011bn\u00ed \u00fa\u010dinkem v kolon\u011b se nach\u00e1zej\u00edc\u00ed sm\u011bsi.<\/p>\n<div class=\"userHTMLContent boxFlow\">\n<p>Charakteristick\u00fd rozm\u011br krou\u017ek\u016f vol\u00ed u\u017eivatel s ohledem na pr\u016fm\u011br kolony a po\u010det p\u0159erozd\u011blovac\u00edch p\u0159ep\u00e1\u017eek. Kolona velk\u00e9ho pr\u016fm\u011bru vy\u017eaduje velk\u00e9 Raschigovy krou\u017eky. Kapaln\u00e1 f\u00e1ze m\u00e1 v kolon\u011b tendenci pohybovat se sp\u00ed\u0161e po okraji ne\u017e st\u0159edem n\u00e1pln\u011b. \u010c\u00edm men\u0161\u00ed krou\u017eky se pou\u017eij\u00ed, t\u00edm d\u0159\u00edve se kapaln\u00e1 f\u00e1ze p\u0159i sv\u00e9m toku dol\u016f kolonou dostane k okraji (vnit\u0159n\u00edm obvodu) kolony, zat\u00edmco st\u0159ed z\u016fstane &#8220;such\u00fd&#8221;. Aby se tomuto ne\u017e\u00e1douc\u00edmu jevu p\u0159ede\u0161lo, je pot\u0159eba volit n\u00e1pl\u0148 s dostate\u010dn\u00fdm charakteristick\u00fdm rozm\u011brem a dostate\u010dn\u00e9 mno\u017estv\u00ed p\u0159erozd\u011blovac\u00edch p\u0159ep\u00e1\u017eek.<\/p>\n<p>Nepol\u00e9van\u00e1 Metoda frak\u010dn\u00ed destilace organick\u00fdch l\u00e1tek v kolon\u011b s keramick\u00fdmi krou\u017eky byla poprv\u00e9 navr\u017eena N\u011bmeck\u00fdm chemick\u00fdm in\u017een\u00fdrem a pr\u016fmysln\u00edkem Frydrichem Raschigem v roce 1890. V sou\u010dasn\u00e9 dob\u011b se na trhu objevuj\u00ed i jin\u00e9 typy krou\u017ek\u016f, nap\u0159\u00edklad Pallov\u00e9 krou\u017eky \u010di krou\u017eky Berla. Ale Raschigovy krou\u017eky maj\u00ed z\u00e1sadn\u00ed v\u00fdhodu, \u017ee jsou n\u00edzkon\u00e1kladov\u00e9 a pom\u011brn\u011b snadno a rychle se daj\u00ed vyrobit.\u00a0 Pr\u00e1v\u011b proto jsou Raschigovy krou\u017eky nepostradateln\u00fdm pomocn\u00edkem v ka\u017ed\u00e9m technologick\u00e9m procesu, kde se pou\u017e\u00edvaj\u00ed kolony.<\/p>\n<\/div>\n<\/div>\n<\/div>","protected":false},"excerpt":{"rendered":"<p class=\"productDescritionShort\">Raschigovy krou\u017eky nab\u00edz\u00edme v rozm\u011brech (mm): 20&#215;20, 25&#215;25, 35&#215;35, 50&#215;50, 80&#215;80, 100&#215;100. Minim\u00e1ln\u00ed objednac\u00ed mno\u017estv\u00ed 1 cbm.<\/p>\n<div class=\"productPricing\"><\/div>","protected":false},"featured_media":488,"comment_status":"closed","ping_status":"closed","template":"","meta":[],"product_cat":[86],"product_tag":[87],"yoast_head":"<!-- This site is optimized with the Yoast SEO plugin v19.9 - https:\/\/yoast.com\/wordpress\/plugins\/seo\/ -->\n<title>Raschigovy krou\u017eky | House of Insulators<\/title>\n<meta name=\"description\" content=\"House of Insulators Raschigovy krou\u017eky\" \/>\n<meta name=\"robots\" content=\"index, follow, max-snippet:-1, max-image-preview:large, max-video-preview:-1\" \/>\n<link rel=\"canonical\" href=\"https:\/\/houseofinsulators.com\/cs\/produkt\/raschigovy-krouzky\/\" \/>\n<meta property=\"og:locale\" content=\"cs_CZ\" \/>\n<meta property=\"og:type\" content=\"article\" \/>\n<meta property=\"og:title\" content=\"Raschigovy krou\u017eky | House of Insulators\" \/>\n<meta property=\"og:description\" content=\"House of Insulators Raschigovy krou\u017eky\" \/>\n<meta property=\"og:url\" content=\"https:\/\/houseofinsulators.com\/cs\/produkt\/raschigovy-krouzky\/\" \/>\n<meta property=\"og:site_name\" content=\"House of Insulators\" \/>\n<meta property=\"article:modified_time\" content=\"2021-05-17T07:36:31+00:00\" \/>\n<meta property=\"og:image\" content=\"https:\/\/houseofinsulators.com\/wp-content\/uploads\/2021\/05\/ceramic-raschig-rings.jpg\" \/>\n\t<meta property=\"og:image:width\" content=\"358\" \/>\n\t<meta property=\"og:image:height\" content=\"358\" \/>\n\t<meta property=\"og:image:type\" content=\"image\/jpeg\" \/>\n<meta name=\"twitter:card\" content=\"summary_large_image\" \/>\n<meta name=\"twitter:label1\" content=\"Odhadovan\u00e1 doba \u010dten\u00ed\" \/>\n\t<meta name=\"twitter:data1\" content=\"1 minuta\" \/>\n<script type=\"application\/ld+json\" class=\"yoast-schema-graph\">{\"@context\":\"https:\/\/schema.org\",\"@graph\":[{\"@type\":\"WebPage\",\"@id\":\"https:\/\/houseofinsulators.com\/product\/raschigovy-krouzky\/\",\"url\":\"https:\/\/houseofinsulators.com\/product\/raschigovy-krouzky\/\",\"name\":\"Raschigovy krou\u017eky | House of Insulators\",\"isPartOf\":{\"@id\":\"https:\/\/houseofinsulators.com\/#website\"},\"datePublished\":\"2021-05-17T07:28:45+00:00\",\"dateModified\":\"2021-05-17T07:36:31+00:00\",\"description\":\"House of Insulators Raschigovy krou\u017eky\",\"breadcrumb\":{\"@id\":\"https:\/\/houseofinsulators.com\/product\/raschigovy-krouzky\/#breadcrumb\"},\"inLanguage\":\"cs\",\"potentialAction\":[{\"@type\":\"ReadAction\",\"target\":[\"https:\/\/houseofinsulators.com\/product\/raschigovy-krouzky\/\"]}]},{\"@type\":\"BreadcrumbList\",\"@id\":\"https:\/\/houseofinsulators.com\/product\/raschigovy-krouzky\/#breadcrumb\",\"itemListElement\":[{\"@type\":\"ListItem\",\"position\":1,\"name\":\"Home\",\"item\":\"https:\/\/houseofinsulators.com\/\"},{\"@type\":\"ListItem\",\"position\":2,\"name\":\"Shop\",\"item\":\"https:\/\/houseofinsulators.com\/shop\/\"},{\"@type\":\"ListItem\",\"position\":3,\"name\":\"Raschigovy krou\u017eky\"}]},{\"@type\":\"WebSite\",\"@id\":\"https:\/\/houseofinsulators.com\/#website\",\"url\":\"https:\/\/houseofinsulators.com\/\",\"name\":\"House of Insulators\",\"description\":\"Electrostatic Precipitator Insulators (ESP insulators), Shaft insulators, Wall bushings, Insulators for substation, Support insulators for ESP\",\"publisher\":{\"@id\":\"https:\/\/houseofinsulators.com\/#organization\"},\"alternateName\":\"ESPI Insulators\",\"potentialAction\":[{\"@type\":\"SearchAction\",\"target\":{\"@type\":\"EntryPoint\",\"urlTemplate\":\"https:\/\/houseofinsulators.com\/?s={search_term_string}\"},\"query-input\":\"required name=search_term_string\"}],\"inLanguage\":\"cs\"},{\"@type\":\"Organization\",\"@id\":\"https:\/\/houseofinsulators.com\/#organization\",\"name\":\"ESPI Europe\",\"alternateName\":\"ESPI\",\"url\":\"https:\/\/houseofinsulators.com\/\",\"logo\":{\"@type\":\"ImageObject\",\"inLanguage\":\"cs\",\"@id\":\"https:\/\/houseofinsulators.com\/#\/schema\/logo\/image\/\",\"url\":\"https:\/\/houseofinsulators.com\/wp-content\/uploads\/2021\/05\/espi-logo.jpg\",\"contentUrl\":\"https:\/\/houseofinsulators.com\/wp-content\/uploads\/2021\/05\/espi-logo.jpg\",\"width\":424,\"height\":228,\"caption\":\"ESPI Europe\"},\"image\":{\"@id\":\"https:\/\/houseofinsulators.com\/#\/schema\/logo\/image\/\"},\"sameAs\":[\"https:\/\/www.linkedin.com\/company\/espi-europe\"]}]}<\/script>\n<!-- \/ Yoast SEO plugin. -->","yoast_head_json":{"title":"Raschigovy krou\u017eky | House of Insulators","description":"House of Insulators Raschigovy krou\u017eky","robots":{"index":"index","follow":"follow","max-snippet":"max-snippet:-1","max-image-preview":"max-image-preview:large","max-video-preview":"max-video-preview:-1"},"canonical":"https:\/\/houseofinsulators.com\/cs\/produkt\/raschigovy-krouzky\/","og_locale":"cs_CZ","og_type":"article","og_title":"Raschigovy krou\u017eky | House of Insulators","og_description":"House of Insulators Raschigovy krou\u017eky","og_url":"https:\/\/houseofinsulators.com\/cs\/produkt\/raschigovy-krouzky\/","og_site_name":"House of Insulators","article_modified_time":"2021-05-17T07:36:31+00:00","og_image":[{"width":358,"height":358,"url":"https:\/\/houseofinsulators.com\/wp-content\/uploads\/2021\/05\/ceramic-raschig-rings.jpg","type":"image\/jpeg"}],"twitter_card":"summary_large_image","twitter_misc":{"Odhadovan\u00e1 doba \u010dten\u00ed":"1 minuta"},"schema":{"@context":"https:\/\/schema.org","@graph":[{"@type":"WebPage","@id":"https:\/\/houseofinsulators.com\/product\/raschigovy-krouzky\/","url":"https:\/\/houseofinsulators.com\/product\/raschigovy-krouzky\/","name":"Raschigovy krou\u017eky | House of Insulators","isPartOf":{"@id":"https:\/\/houseofinsulators.com\/#website"},"datePublished":"2021-05-17T07:28:45+00:00","dateModified":"2021-05-17T07:36:31+00:00","description":"House of Insulators Raschigovy krou\u017eky","breadcrumb":{"@id":"https:\/\/houseofinsulators.com\/product\/raschigovy-krouzky\/#breadcrumb"},"inLanguage":"cs","potentialAction":[{"@type":"ReadAction","target":["https:\/\/houseofinsulators.com\/product\/raschigovy-krouzky\/"]}]},{"@type":"BreadcrumbList","@id":"https:\/\/houseofinsulators.com\/product\/raschigovy-krouzky\/#breadcrumb","itemListElement":[{"@type":"ListItem","position":1,"name":"Home","item":"https:\/\/houseofinsulators.com\/"},{"@type":"ListItem","position":2,"name":"Shop","item":"https:\/\/houseofinsulators.com\/shop\/"},{"@type":"ListItem","position":3,"name":"Raschigovy krou\u017eky"}]},{"@type":"WebSite","@id":"https:\/\/houseofinsulators.com\/#website","url":"https:\/\/houseofinsulators.com\/","name":"House of Insulators","description":"Electrostatic Precipitator Insulators (ESP insulators), Shaft insulators, Wall bushings, Insulators for substation, Support insulators for ESP","publisher":{"@id":"https:\/\/houseofinsulators.com\/#organization"},"alternateName":"ESPI Insulators","potentialAction":[{"@type":"SearchAction","target":{"@type":"EntryPoint","urlTemplate":"https:\/\/houseofinsulators.com\/?s={search_term_string}"},"query-input":"required name=search_term_string"}],"inLanguage":"cs"},{"@type":"Organization","@id":"https:\/\/houseofinsulators.com\/#organization","name":"ESPI Europe","alternateName":"ESPI","url":"https:\/\/houseofinsulators.com\/","logo":{"@type":"ImageObject","inLanguage":"cs","@id":"https:\/\/houseofinsulators.com\/#\/schema\/logo\/image\/","url":"https:\/\/houseofinsulators.com\/wp-content\/uploads\/2021\/05\/espi-logo.jpg","contentUrl":"https:\/\/houseofinsulators.com\/wp-content\/uploads\/2021\/05\/espi-logo.jpg","width":424,"height":228,"caption":"ESPI Europe"},"image":{"@id":"https:\/\/houseofinsulators.com\/#\/schema\/logo\/image\/"},"sameAs":["https:\/\/www.linkedin.com\/company\/espi-europe"]}]}},"_links":{"self":[{"href":"https:\/\/houseofinsulators.com\/cs\/wp-json\/wp\/v2\/product\/493"}],"collection":[{"href":"https:\/\/houseofinsulators.com\/cs\/wp-json\/wp\/v2\/product"}],"about":[{"href":"https:\/\/houseofinsulators.com\/cs\/wp-json\/wp\/v2\/types\/product"}],"replies":[{"embeddable":true,"href":"https:\/\/houseofinsulators.com\/cs\/wp-json\/wp\/v2\/comments?post=493"}],"wp:featuredmedia":[{"embeddable":true,"href":"https:\/\/houseofinsulators.com\/cs\/wp-json\/wp\/v2\/media\/488"}],"wp:attachment":[{"href":"https:\/\/houseofinsulators.com\/cs\/wp-json\/wp\/v2\/media?parent=493"}],"wp:term":[{"taxonomy":"product_cat","embeddable":true,"href":"https:\/\/houseofinsulators.com\/cs\/wp-json\/wp\/v2\/product_cat?post=493"},{"taxonomy":"product_tag","embeddable":true,"href":"https:\/\/houseofinsulators.com\/cs\/wp-json\/wp\/v2\/product_tag?post=493"}],"curies":[{"name":"wp","href":"https:\/\/api.w.org\/{rel}","templated":true}]}}