{"id":541,"date":"2022-10-03T12:16:35","date_gmt":"2022-10-03T12:16:35","guid":{"rendered":"https:\/\/houseofinsulators.com\/?post_type=product&#038;p=541"},"modified":"2022-10-12T08:32:20","modified_gmt":"2022-10-12T08:32:20","slug":"esp-insulator-100-kv-espi-500-430-265","status":"publish","type":"product","link":"https:\/\/houseofinsulators.com\/cs\/produkt\/esp-insulator-100-kv-espi-500-430-265\/","title":{"rendered":"ESP insulator 100 kV ESPI-500-430-265"},"content":{"rendered":"<p>Hollow ceramic support ESP insulator for electrostatic precipitator.<\/p>\n<p>Insulator for ESP<\/p>\n<p>The ESP insulator is glazed white or brown on surfaces inside and outside with both ends grounded.<\/p>\n<p>Conforms IEC 62 155<\/p>\n<p>Material Ceramic: (72\uff5e120kV, \u2264400\u2103, \u2265500kN)<\/p>\n<p>Izol\u00e1tory pro elektrofiltry<\/p>\n<p>Izol\u00e1tory pro elektrostatick\u00e9 filtry<\/p>\n<p>Izol\u00e1tory pro elektrostatick\u00e9 odlu\u010dova\u010de<\/p>\n<p>Izol\u00e1tory pro elektroodlu\u010dova\u010de<\/p>\n<p>&nbsp;<\/p>","protected":false},"excerpt":{"rendered":"<p>Price and delivery time on request.<\/p>\n<p>&nbsp;<\/p>","protected":false},"featured_media":543,"comment_status":"closed","ping_status":"closed","template":"","meta":[],"product_cat":[22,85],"product_tag":[92,93,89,104,94,97,95,96],"yoast_head":"<!-- This site is optimized with the Yoast SEO plugin v19.9 - https:\/\/yoast.com\/wordpress\/plugins\/seo\/ -->\n<title>ESP insulator 100 kV ESPI-500-430-265 | House of Insulators<\/title>\n<meta name=\"description\" content=\"House of Insulators ESP insulator 100 kV ESPI-500-430-265\" \/>\n<meta name=\"robots\" content=\"index, follow, max-snippet:-1, max-image-preview:large, max-video-preview:-1\" \/>\n<link rel=\"canonical\" href=\"https:\/\/houseofinsulators.com\/cs\/produkt\/esp-insulator-100-kv-espi-500-430-265\/\" \/>\n<meta property=\"og:locale\" content=\"cs_CZ\" \/>\n<meta property=\"og:type\" content=\"article\" \/>\n<meta property=\"og:title\" content=\"ESP insulator 100 kV ESPI-500-430-265 | House of Insulators\" \/>\n<meta property=\"og:description\" content=\"House of Insulators ESP insulator 100 kV ESPI-500-430-265\" \/>\n<meta property=\"og:url\" content=\"https:\/\/houseofinsulators.com\/cs\/produkt\/esp-insulator-100-kv-espi-500-430-265\/\" \/>\n<meta property=\"og:site_name\" content=\"House of Insulators\" \/>\n<meta property=\"article:modified_time\" content=\"2022-10-12T08:32:20+00:00\" \/>\n<meta property=\"og:image\" content=\"https:\/\/houseofinsulators.com\/wp-content\/uploads\/2022\/10\/ESP-insulator-conical-100-kV-500-430-365_ESPI.jpg\" \/>\n\t<meta property=\"og:image:width\" content=\"1000\" \/>\n\t<meta property=\"og:image:height\" content=\"1000\" \/>\n\t<meta property=\"og:image:type\" content=\"image\/jpeg\" \/>\n<meta name=\"twitter:card\" content=\"summary_large_image\" \/>\n<script type=\"application\/ld+json\" class=\"yoast-schema-graph\">{\"@context\":\"https:\/\/schema.org\",\"@graph\":[{\"@type\":\"WebPage\",\"@id\":\"https:\/\/houseofinsulators.com\/product\/esp-insulator-100-kv-espi-500-430-265\/\",\"url\":\"https:\/\/houseofinsulators.com\/product\/esp-insulator-100-kv-espi-500-430-265\/\",\"name\":\"ESP insulator 100 kV ESPI-500-430-265 | House of Insulators\",\"isPartOf\":{\"@id\":\"https:\/\/houseofinsulators.com\/#website\"},\"datePublished\":\"2022-10-03T12:16:35+00:00\",\"dateModified\":\"2022-10-12T08:32:20+00:00\",\"description\":\"House of Insulators ESP insulator 100 kV ESPI-500-430-265\",\"breadcrumb\":{\"@id\":\"https:\/\/houseofinsulators.com\/product\/esp-insulator-100-kv-espi-500-430-265\/#breadcrumb\"},\"inLanguage\":\"cs\",\"potentialAction\":[{\"@type\":\"ReadAction\",\"target\":[\"https:\/\/houseofinsulators.com\/product\/esp-insulator-100-kv-espi-500-430-265\/\"]}]},{\"@type\":\"BreadcrumbList\",\"@id\":\"https:\/\/houseofinsulators.com\/product\/esp-insulator-100-kv-espi-500-430-265\/#breadcrumb\",\"itemListElement\":[{\"@type\":\"ListItem\",\"position\":1,\"name\":\"Home\",\"item\":\"https:\/\/houseofinsulators.com\/\"},{\"@type\":\"ListItem\",\"position\":2,\"name\":\"Shop\",\"item\":\"https:\/\/houseofinsulators.com\/shop\/\"},{\"@type\":\"ListItem\",\"position\":3,\"name\":\"ESP insulator 100 kV ESPI-500-430-265\"}]},{\"@type\":\"WebSite\",\"@id\":\"https:\/\/houseofinsulators.com\/#website\",\"url\":\"https:\/\/houseofinsulators.com\/\",\"name\":\"House of Insulators\",\"description\":\"Electrostatic Precipitator Insulators (ESP insulators), Shaft insulators, Wall bushings, Insulators for substation, Support insulators for ESP\",\"publisher\":{\"@id\":\"https:\/\/houseofinsulators.com\/#organization\"},\"alternateName\":\"ESPI Insulators\",\"potentialAction\":[{\"@type\":\"SearchAction\",\"target\":{\"@type\":\"EntryPoint\",\"urlTemplate\":\"https:\/\/houseofinsulators.com\/?s={search_term_string}\"},\"query-input\":\"required name=search_term_string\"}],\"inLanguage\":\"cs\"},{\"@type\":\"Organization\",\"@id\":\"https:\/\/houseofinsulators.com\/#organization\",\"name\":\"ESPI Europe\",\"alternateName\":\"ESPI\",\"url\":\"https:\/\/houseofinsulators.com\/\",\"logo\":{\"@type\":\"ImageObject\",\"inLanguage\":\"cs\",\"@id\":\"https:\/\/houseofinsulators.com\/#\/schema\/logo\/image\/\",\"url\":\"https:\/\/houseofinsulators.com\/wp-content\/uploads\/2021\/05\/espi-logo.jpg\",\"contentUrl\":\"https:\/\/houseofinsulators.com\/wp-content\/uploads\/2021\/05\/espi-logo.jpg\",\"width\":424,\"height\":228,\"caption\":\"ESPI Europe\"},\"image\":{\"@id\":\"https:\/\/houseofinsulators.com\/#\/schema\/logo\/image\/\"},\"sameAs\":[\"https:\/\/www.linkedin.com\/company\/espi-europe\"]}]}<\/script>\n<!-- \/ Yoast SEO plugin. -->","yoast_head_json":{"title":"ESP insulator 100 kV ESPI-500-430-265 | House of Insulators","description":"House of Insulators ESP insulator 100 kV ESPI-500-430-265","robots":{"index":"index","follow":"follow","max-snippet":"max-snippet:-1","max-image-preview":"max-image-preview:large","max-video-preview":"max-video-preview:-1"},"canonical":"https:\/\/houseofinsulators.com\/cs\/produkt\/esp-insulator-100-kv-espi-500-430-265\/","og_locale":"cs_CZ","og_type":"article","og_title":"ESP insulator 100 kV ESPI-500-430-265 | House of Insulators","og_description":"House of Insulators ESP insulator 100 kV ESPI-500-430-265","og_url":"https:\/\/houseofinsulators.com\/cs\/produkt\/esp-insulator-100-kv-espi-500-430-265\/","og_site_name":"House of Insulators","article_modified_time":"2022-10-12T08:32:20+00:00","og_image":[{"width":1000,"height":1000,"url":"https:\/\/houseofinsulators.com\/wp-content\/uploads\/2022\/10\/ESP-insulator-conical-100-kV-500-430-365_ESPI.jpg","type":"image\/jpeg"}],"twitter_card":"summary_large_image","schema":{"@context":"https:\/\/schema.org","@graph":[{"@type":"WebPage","@id":"https:\/\/houseofinsulators.com\/product\/esp-insulator-100-kv-espi-500-430-265\/","url":"https:\/\/houseofinsulators.com\/product\/esp-insulator-100-kv-espi-500-430-265\/","name":"ESP insulator 100 kV ESPI-500-430-265 | House of Insulators","isPartOf":{"@id":"https:\/\/houseofinsulators.com\/#website"},"datePublished":"2022-10-03T12:16:35+00:00","dateModified":"2022-10-12T08:32:20+00:00","description":"House of Insulators ESP insulator 100 kV ESPI-500-430-265","breadcrumb":{"@id":"https:\/\/houseofinsulators.com\/product\/esp-insulator-100-kv-espi-500-430-265\/#breadcrumb"},"inLanguage":"cs","potentialAction":[{"@type":"ReadAction","target":["https:\/\/houseofinsulators.com\/product\/esp-insulator-100-kv-espi-500-430-265\/"]}]},{"@type":"BreadcrumbList","@id":"https:\/\/houseofinsulators.com\/product\/esp-insulator-100-kv-espi-500-430-265\/#breadcrumb","itemListElement":[{"@type":"ListItem","position":1,"name":"Home","item":"https:\/\/houseofinsulators.com\/"},{"@type":"ListItem","position":2,"name":"Shop","item":"https:\/\/houseofinsulators.com\/shop\/"},{"@type":"ListItem","position":3,"name":"ESP insulator 100 kV ESPI-500-430-265"}]},{"@type":"WebSite","@id":"https:\/\/houseofinsulators.com\/#website","url":"https:\/\/houseofinsulators.com\/","name":"House of Insulators","description":"Electrostatic Precipitator Insulators (ESP insulators), Shaft insulators, Wall bushings, Insulators for substation, Support insulators for ESP","publisher":{"@id":"https:\/\/houseofinsulators.com\/#organization"},"alternateName":"ESPI Insulators","potentialAction":[{"@type":"SearchAction","target":{"@type":"EntryPoint","urlTemplate":"https:\/\/houseofinsulators.com\/?s={search_term_string}"},"query-input":"required name=search_term_string"}],"inLanguage":"cs"},{"@type":"Organization","@id":"https:\/\/houseofinsulators.com\/#organization","name":"ESPI Europe","alternateName":"ESPI","url":"https:\/\/houseofinsulators.com\/","logo":{"@type":"ImageObject","inLanguage":"cs","@id":"https:\/\/houseofinsulators.com\/#\/schema\/logo\/image\/","url":"https:\/\/houseofinsulators.com\/wp-content\/uploads\/2021\/05\/espi-logo.jpg","contentUrl":"https:\/\/houseofinsulators.com\/wp-content\/uploads\/2021\/05\/espi-logo.jpg","width":424,"height":228,"caption":"ESPI Europe"},"image":{"@id":"https:\/\/houseofinsulators.com\/#\/schema\/logo\/image\/"},"sameAs":["https:\/\/www.linkedin.com\/company\/espi-europe"]}]}},"_links":{"self":[{"href":"https:\/\/houseofinsulators.com\/cs\/wp-json\/wp\/v2\/product\/541"}],"collection":[{"href":"https:\/\/houseofinsulators.com\/cs\/wp-json\/wp\/v2\/product"}],"about":[{"href":"https:\/\/houseofinsulators.com\/cs\/wp-json\/wp\/v2\/types\/product"}],"replies":[{"embeddable":true,"href":"https:\/\/houseofinsulators.com\/cs\/wp-json\/wp\/v2\/comments?post=541"}],"wp:featuredmedia":[{"embeddable":true,"href":"https:\/\/houseofinsulators.com\/cs\/wp-json\/wp\/v2\/media\/543"}],"wp:attachment":[{"href":"https:\/\/houseofinsulators.com\/cs\/wp-json\/wp\/v2\/media?parent=541"}],"wp:term":[{"taxonomy":"product_cat","embeddable":true,"href":"https:\/\/houseofinsulators.com\/cs\/wp-json\/wp\/v2\/product_cat?post=541"},{"taxonomy":"product_tag","embeddable":true,"href":"https:\/\/houseofinsulators.com\/cs\/wp-json\/wp\/v2\/product_tag?post=541"}],"curies":[{"name":"wp","href":"https:\/\/api.w.org\/{rel}","templated":true}]}}