{"id":566,"date":"2022-10-05T08:46:15","date_gmt":"2022-10-05T08:46:15","guid":{"rendered":"https:\/\/houseofinsulators.com\/?post_type=product&#038;p=566"},"modified":"2022-11-09T08:57:59","modified_gmt":"2022-11-09T08:57:59","slug":"support-esp-insulator-500-370-270","status":"publish","type":"product","link":"https:\/\/houseofinsulators.com\/cs\/produkt\/support-esp-insulator-500-370-270\/","title":{"rendered":"Support ESP insulator, 500-370-270"},"content":{"rendered":"<p>Hollow ceramic support ESP insulator for electrostatic precipitator.<\/p>\n<p>Material Ceramic: (72\uff5e120kV, \u2264400\u2103, \u2265500kN)<\/p>\n<p>Glazed color white or brown.<\/p>\n<p>Glazed on surfaces inside and outside with both ends grounded.<\/p>\n<p>Tests according to standard IEC 62 155.<\/p>\n<p>Read more <a href=\"https:\/\/en.wikipedia.org\/wiki\/Electrostatic_precipitator\">information<\/a> about industrial dust particle separation and how to help the environment from entering CO2, SOx, dust, calcium oxide etc.<\/p>\n<p>Read more <a href=\"https:\/\/houseofinsulators.com\/cs\/electrostatic-precipitators\/\">information<\/a> about ESP insulators in electrostatic precipitators.<\/p>\n<p>Porcelain insulator on the stock in CZ &#8211; 440 01 Louny. 5 days delivery within European countries.<\/p>\n<p>&nbsp;<\/p>\n<p>&nbsp;<\/p>\n<p>&nbsp;<\/p>","protected":false},"excerpt":{"rendered":"<p>Price and delivery time on request.<\/p>\n<p>&nbsp;<\/p>","protected":false},"featured_media":567,"comment_status":"closed","ping_status":"closed","template":"","meta":[],"product_cat":[22],"product_tag":[92,93,89,94,97,95,96],"yoast_head":"<!-- This site is optimized with the Yoast SEO plugin v19.9 - https:\/\/yoast.com\/wordpress\/plugins\/seo\/ -->\n<title>Support ESP insulator, 500-370-270 from ESPI Europe<\/title>\n<meta name=\"description\" content=\"European quality from Prague | Insulator for electrostatic precipitator (ESP) from House of Insulators. 5 days delivery within Europe.\" \/>\n<meta name=\"robots\" content=\"index, follow, max-snippet:-1, max-image-preview:large, max-video-preview:-1\" \/>\n<link rel=\"canonical\" href=\"https:\/\/houseofinsulators.com\/cs\/produkt\/support-esp-insulator-500-370-270\/\" \/>\n<meta property=\"og:locale\" content=\"cs_CZ\" \/>\n<meta property=\"og:type\" content=\"article\" \/>\n<meta property=\"og:title\" content=\"Support ESP insulator, 500-370-270 from ESPI Europe\" \/>\n<meta property=\"og:description\" content=\"European quality from Prague | Insulator for electrostatic precipitator (ESP) from House of Insulators. 5 days delivery within Europe.\" \/>\n<meta property=\"og:url\" content=\"https:\/\/houseofinsulators.com\/cs\/produkt\/support-esp-insulator-500-370-270\/\" \/>\n<meta property=\"og:site_name\" content=\"House of Insulators\" \/>\n<meta property=\"article:modified_time\" content=\"2022-11-09T08:57:59+00:00\" \/>\n<meta property=\"og:image\" content=\"https:\/\/houseofinsulators.com\/wp-content\/uploads\/2022\/10\/ESP-insulator-conical-80kV-500-370-270_ESPI.jpg\" \/>\n\t<meta property=\"og:image:width\" content=\"1000\" \/>\n\t<meta property=\"og:image:height\" content=\"1000\" \/>\n\t<meta property=\"og:image:type\" content=\"image\/jpeg\" \/>\n<meta name=\"twitter:card\" content=\"summary_large_image\" \/>\n<meta name=\"twitter:label1\" content=\"Odhadovan\u00e1 doba \u010dten\u00ed\" \/>\n\t<meta name=\"twitter:data1\" content=\"1 minuta\" \/>\n<script type=\"application\/ld+json\" class=\"yoast-schema-graph\">{\"@context\":\"https:\/\/schema.org\",\"@graph\":[{\"@type\":\"WebPage\",\"@id\":\"https:\/\/houseofinsulators.com\/product\/support-esp-insulator-500-370-270\/\",\"url\":\"https:\/\/houseofinsulators.com\/product\/support-esp-insulator-500-370-270\/\",\"name\":\"Support ESP insulator, 500-370-270 from ESPI Europe\",\"isPartOf\":{\"@id\":\"https:\/\/houseofinsulators.com\/#website\"},\"datePublished\":\"2022-10-05T08:46:15+00:00\",\"dateModified\":\"2022-11-09T08:57:59+00:00\",\"description\":\"European quality from Prague | Insulator for electrostatic precipitator (ESP) from House of Insulators. 5 days delivery within Europe.\",\"breadcrumb\":{\"@id\":\"https:\/\/houseofinsulators.com\/product\/support-esp-insulator-500-370-270\/#breadcrumb\"},\"inLanguage\":\"cs\",\"potentialAction\":[{\"@type\":\"ReadAction\",\"target\":[\"https:\/\/houseofinsulators.com\/product\/support-esp-insulator-500-370-270\/\"]}]},{\"@type\":\"BreadcrumbList\",\"@id\":\"https:\/\/houseofinsulators.com\/product\/support-esp-insulator-500-370-270\/#breadcrumb\",\"itemListElement\":[{\"@type\":\"ListItem\",\"position\":1,\"name\":\"Home\",\"item\":\"https:\/\/houseofinsulators.com\/\"},{\"@type\":\"ListItem\",\"position\":2,\"name\":\"Shop\",\"item\":\"https:\/\/houseofinsulators.com\/shop\/\"},{\"@type\":\"ListItem\",\"position\":3,\"name\":\"Support ESP insulator, 500-370-270\"}]},{\"@type\":\"WebSite\",\"@id\":\"https:\/\/houseofinsulators.com\/#website\",\"url\":\"https:\/\/houseofinsulators.com\/\",\"name\":\"House of Insulators\",\"description\":\"Electrostatic Precipitator Insulators (ESP insulators), Shaft insulators, Wall bushings, Insulators for substation, Support insulators for ESP\",\"publisher\":{\"@id\":\"https:\/\/houseofinsulators.com\/#organization\"},\"alternateName\":\"ESPI Insulators\",\"potentialAction\":[{\"@type\":\"SearchAction\",\"target\":{\"@type\":\"EntryPoint\",\"urlTemplate\":\"https:\/\/houseofinsulators.com\/?s={search_term_string}\"},\"query-input\":\"required name=search_term_string\"}],\"inLanguage\":\"cs\"},{\"@type\":\"Organization\",\"@id\":\"https:\/\/houseofinsulators.com\/#organization\",\"name\":\"ESPI Europe\",\"alternateName\":\"ESPI\",\"url\":\"https:\/\/houseofinsulators.com\/\",\"logo\":{\"@type\":\"ImageObject\",\"inLanguage\":\"cs\",\"@id\":\"https:\/\/houseofinsulators.com\/#\/schema\/logo\/image\/\",\"url\":\"https:\/\/houseofinsulators.com\/wp-content\/uploads\/2021\/05\/espi-logo.jpg\",\"contentUrl\":\"https:\/\/houseofinsulators.com\/wp-content\/uploads\/2021\/05\/espi-logo.jpg\",\"width\":424,\"height\":228,\"caption\":\"ESPI Europe\"},\"image\":{\"@id\":\"https:\/\/houseofinsulators.com\/#\/schema\/logo\/image\/\"},\"sameAs\":[\"https:\/\/www.linkedin.com\/company\/espi-europe\"]}]}<\/script>\n<!-- \/ Yoast SEO plugin. -->","yoast_head_json":{"title":"Support ESP insulator, 500-370-270 from ESPI Europe","description":"European quality from Prague | Insulator for electrostatic precipitator (ESP) from House of Insulators. 5 days delivery within Europe.","robots":{"index":"index","follow":"follow","max-snippet":"max-snippet:-1","max-image-preview":"max-image-preview:large","max-video-preview":"max-video-preview:-1"},"canonical":"https:\/\/houseofinsulators.com\/cs\/produkt\/support-esp-insulator-500-370-270\/","og_locale":"cs_CZ","og_type":"article","og_title":"Support ESP insulator, 500-370-270 from ESPI Europe","og_description":"European quality from Prague | Insulator for electrostatic precipitator (ESP) from House of Insulators. 5 days delivery within Europe.","og_url":"https:\/\/houseofinsulators.com\/cs\/produkt\/support-esp-insulator-500-370-270\/","og_site_name":"House of Insulators","article_modified_time":"2022-11-09T08:57:59+00:00","og_image":[{"width":1000,"height":1000,"url":"https:\/\/houseofinsulators.com\/wp-content\/uploads\/2022\/10\/ESP-insulator-conical-80kV-500-370-270_ESPI.jpg","type":"image\/jpeg"}],"twitter_card":"summary_large_image","twitter_misc":{"Odhadovan\u00e1 doba \u010dten\u00ed":"1 minuta"},"schema":{"@context":"https:\/\/schema.org","@graph":[{"@type":"WebPage","@id":"https:\/\/houseofinsulators.com\/product\/support-esp-insulator-500-370-270\/","url":"https:\/\/houseofinsulators.com\/product\/support-esp-insulator-500-370-270\/","name":"Support ESP insulator, 500-370-270 from ESPI Europe","isPartOf":{"@id":"https:\/\/houseofinsulators.com\/#website"},"datePublished":"2022-10-05T08:46:15+00:00","dateModified":"2022-11-09T08:57:59+00:00","description":"European quality from Prague | Insulator for electrostatic precipitator (ESP) from House of Insulators. 5 days delivery within Europe.","breadcrumb":{"@id":"https:\/\/houseofinsulators.com\/product\/support-esp-insulator-500-370-270\/#breadcrumb"},"inLanguage":"cs","potentialAction":[{"@type":"ReadAction","target":["https:\/\/houseofinsulators.com\/product\/support-esp-insulator-500-370-270\/"]}]},{"@type":"BreadcrumbList","@id":"https:\/\/houseofinsulators.com\/product\/support-esp-insulator-500-370-270\/#breadcrumb","itemListElement":[{"@type":"ListItem","position":1,"name":"Home","item":"https:\/\/houseofinsulators.com\/"},{"@type":"ListItem","position":2,"name":"Shop","item":"https:\/\/houseofinsulators.com\/shop\/"},{"@type":"ListItem","position":3,"name":"Support ESP insulator, 500-370-270"}]},{"@type":"WebSite","@id":"https:\/\/houseofinsulators.com\/#website","url":"https:\/\/houseofinsulators.com\/","name":"House of Insulators","description":"Electrostatic Precipitator Insulators (ESP insulators), Shaft insulators, Wall bushings, Insulators for substation, Support insulators for ESP","publisher":{"@id":"https:\/\/houseofinsulators.com\/#organization"},"alternateName":"ESPI Insulators","potentialAction":[{"@type":"SearchAction","target":{"@type":"EntryPoint","urlTemplate":"https:\/\/houseofinsulators.com\/?s={search_term_string}"},"query-input":"required name=search_term_string"}],"inLanguage":"cs"},{"@type":"Organization","@id":"https:\/\/houseofinsulators.com\/#organization","name":"ESPI Europe","alternateName":"ESPI","url":"https:\/\/houseofinsulators.com\/","logo":{"@type":"ImageObject","inLanguage":"cs","@id":"https:\/\/houseofinsulators.com\/#\/schema\/logo\/image\/","url":"https:\/\/houseofinsulators.com\/wp-content\/uploads\/2021\/05\/espi-logo.jpg","contentUrl":"https:\/\/houseofinsulators.com\/wp-content\/uploads\/2021\/05\/espi-logo.jpg","width":424,"height":228,"caption":"ESPI Europe"},"image":{"@id":"https:\/\/houseofinsulators.com\/#\/schema\/logo\/image\/"},"sameAs":["https:\/\/www.linkedin.com\/company\/espi-europe"]}]}},"_links":{"self":[{"href":"https:\/\/houseofinsulators.com\/cs\/wp-json\/wp\/v2\/product\/566"}],"collection":[{"href":"https:\/\/houseofinsulators.com\/cs\/wp-json\/wp\/v2\/product"}],"about":[{"href":"https:\/\/houseofinsulators.com\/cs\/wp-json\/wp\/v2\/types\/product"}],"replies":[{"embeddable":true,"href":"https:\/\/houseofinsulators.com\/cs\/wp-json\/wp\/v2\/comments?post=566"}],"wp:featuredmedia":[{"embeddable":true,"href":"https:\/\/houseofinsulators.com\/cs\/wp-json\/wp\/v2\/media\/567"}],"wp:attachment":[{"href":"https:\/\/houseofinsulators.com\/cs\/wp-json\/wp\/v2\/media?parent=566"}],"wp:term":[{"taxonomy":"product_cat","embeddable":true,"href":"https:\/\/houseofinsulators.com\/cs\/wp-json\/wp\/v2\/product_cat?post=566"},{"taxonomy":"product_tag","embeddable":true,"href":"https:\/\/houseofinsulators.com\/cs\/wp-json\/wp\/v2\/product_tag?post=566"}],"curies":[{"name":"wp","href":"https:\/\/api.w.org\/{rel}","templated":true}]}}