{"id":722,"date":"2022-11-09T08:58:09","date_gmt":"2022-11-09T08:58:09","guid":{"rendered":"https:\/\/houseofinsulators.com\/?post_type=product&#038;p=722"},"modified":"2022-11-09T11:36:46","modified_gmt":"2022-11-09T11:36:46","slug":"insulator-for-electrostatic-precipitator-esp","status":"publish","type":"product","link":"https:\/\/houseofinsulators.com\/cs\/produkt\/insulator-for-electrostatic-precipitator-esp\/","title":{"rendered":"Insulator for electrostatic precipitator (ESP) 500-370-270 (on stock)"},"content":{"rendered":"<p>Hollow ceramic support ESP insulator for electrostatic precipitator.<\/p>\n<p>Material Ceramic: (72\uff5e120kV, \u2264400\u2103, \u2265500kN)<\/p>\n<p>Glazed color white or brown. The standard color is grey, on customer request we can produce in brown color too.<\/p>\n<p>Glazed on surfaces inside and outside with both ends grounded.<\/p>\n<p>The top and Bottom parts of the insulator are grounded.<\/p>\n<p>Tests according to standard IEC 62 155 for:<\/p>\n<div>Routine tests:<\/div>\n<div>1 Visual Inspection, IEC 62155-2003 art. 10.3<\/div>\n<div>2 Verification of Dimension, IEC 62155-2003 art 7.1<\/div>\n<div><\/div>\n<div>Sample tests:<\/div>\n<div>3Temperature Cycle Test, IEC 62155-2003 art. 7.3<\/div>\n<div>4DC Withstand Voltage Test, IEC 62155-2003 art. 10.4<\/div>\n<div>5 Compressive Test, 30T at 20\u2103 (not requested from IEC 62155)<\/div>\n<div>6 Porosity Test, IEC 62155-2003 art. 7.4<\/div>\n<p>Insulators on stock were tested as shown above within the production batch.<\/p>\n<p>Packing: wooden cases from plywood. Conform fumigation standards &#8211; overseas delivery ready<\/p>\n<p>Weight 34\/48 kg ntto\/btto<\/p>\n<p>At the present time, porcelain insulators are kept in stock in CZ &#8211; 440 01 Louny. We need 5 days delivery within European countries.<\/p>\n<p>We keep small quantities of this type for fast unexpected cases. As for project series like 20 pcs. and more we produce on contract.\u00a0 Standard production time is approximately 1 month and transport time is 3-4 months.<\/p>\n<p>We can also manufacture any insulator for an electrostatic precipitator (ESP) according to your documentation. Do not hesitate to contact us, if this type does not suit you 100%.<\/p>\n<p>Production technology for this kind of support insulator is a wet process. We do not need new tooling for new production.<\/p>\n<p>Read more <a href=\"https:\/\/en.wikipedia.org\/wiki\/Electrostatic_precipitator\">information<\/a> about industrial dust particle separation and how to help the environment from entering CO2, SOx, dust, calcium oxide etc.<\/p>\n<p>Read more <a href=\"https:\/\/houseofinsulators.com\/cs\/electrostatic-precipitators\/\">information<\/a> about ESP insulators in electrostatic precipitators.<\/p>\n<p>&nbsp;<\/p>\n<p>&nbsp;<\/p>\n<p>&nbsp;<\/p>","protected":false},"excerpt":{"rendered":"<p>Price and delivery time on request.<\/p>\n<p>&nbsp;<\/p>","protected":false},"featured_media":358,"comment_status":"closed","ping_status":"closed","template":"","meta":[],"product_cat":[22],"product_tag":[92,93,89,94,97,95,96],"yoast_head":"<!-- This site is optimized with the Yoast SEO plugin v19.9 - https:\/\/yoast.com\/wordpress\/plugins\/seo\/ -->\n<title>Insulator for electrostatic precipitator (ESP) 500-370-270 (on stock)<\/title>\n<meta name=\"description\" content=\"European quality from Prague. Material on the stock. 5 days delivery within Europe. And much more insulator for electrostatic precipitator (ESP).\" \/>\n<meta name=\"robots\" content=\"index, follow, max-snippet:-1, max-image-preview:large, max-video-preview:-1\" \/>\n<link rel=\"canonical\" href=\"https:\/\/houseofinsulators.com\/cs\/produkt\/insulator-for-electrostatic-precipitator-esp\/\" \/>\n<meta property=\"og:locale\" content=\"cs_CZ\" \/>\n<meta property=\"og:type\" content=\"article\" \/>\n<meta property=\"og:title\" content=\"Insulator for electrostatic precipitator (ESP) 500-370-270 (on stock)\" \/>\n<meta property=\"og:description\" content=\"European quality from Prague. Material on the stock. 5 days delivery within Europe. And much more insulator for electrostatic precipitator (ESP).\" \/>\n<meta property=\"og:url\" content=\"https:\/\/houseofinsulators.com\/cs\/produkt\/insulator-for-electrostatic-precipitator-esp\/\" \/>\n<meta property=\"og:site_name\" content=\"House of Insulators\" \/>\n<meta property=\"article:modified_time\" content=\"2022-11-09T11:36:46+00:00\" \/>\n<meta property=\"og:image\" content=\"https:\/\/houseofinsulators.com\/wp-content\/uploads\/2021\/05\/012.jpg\" \/>\n\t<meta property=\"og:image:width\" content=\"1080\" \/>\n\t<meta property=\"og:image:height\" content=\"1440\" \/>\n\t<meta property=\"og:image:type\" content=\"image\/jpeg\" \/>\n<meta name=\"twitter:card\" content=\"summary_large_image\" \/>\n<meta name=\"twitter:label1\" content=\"Odhadovan\u00e1 doba \u010dten\u00ed\" \/>\n\t<meta name=\"twitter:data1\" content=\"2 minuty\" \/>\n<script type=\"application\/ld+json\" class=\"yoast-schema-graph\">{\"@context\":\"https:\/\/schema.org\",\"@graph\":[{\"@type\":\"WebPage\",\"@id\":\"https:\/\/houseofinsulators.com\/product\/insulator-for-electrostatic-precipitator-esp\/\",\"url\":\"https:\/\/houseofinsulators.com\/product\/insulator-for-electrostatic-precipitator-esp\/\",\"name\":\"Insulator for electrostatic precipitator (ESP) 500-370-270 (on stock)\",\"isPartOf\":{\"@id\":\"https:\/\/houseofinsulators.com\/#website\"},\"datePublished\":\"2022-11-09T08:58:09+00:00\",\"dateModified\":\"2022-11-09T11:36:46+00:00\",\"description\":\"European quality from Prague. Material on the stock. 5 days delivery within Europe. And much more insulator for electrostatic precipitator (ESP).\",\"breadcrumb\":{\"@id\":\"https:\/\/houseofinsulators.com\/product\/insulator-for-electrostatic-precipitator-esp\/#breadcrumb\"},\"inLanguage\":\"cs\",\"potentialAction\":[{\"@type\":\"ReadAction\",\"target\":[\"https:\/\/houseofinsulators.com\/product\/insulator-for-electrostatic-precipitator-esp\/\"]}]},{\"@type\":\"BreadcrumbList\",\"@id\":\"https:\/\/houseofinsulators.com\/product\/insulator-for-electrostatic-precipitator-esp\/#breadcrumb\",\"itemListElement\":[{\"@type\":\"ListItem\",\"position\":1,\"name\":\"Home\",\"item\":\"https:\/\/houseofinsulators.com\/\"},{\"@type\":\"ListItem\",\"position\":2,\"name\":\"Shop\",\"item\":\"https:\/\/houseofinsulators.com\/shop\/\"},{\"@type\":\"ListItem\",\"position\":3,\"name\":\"Insulator for electrostatic precipitator (ESP) 500-370-270 (on stock)\"}]},{\"@type\":\"WebSite\",\"@id\":\"https:\/\/houseofinsulators.com\/#website\",\"url\":\"https:\/\/houseofinsulators.com\/\",\"name\":\"House of Insulators\",\"description\":\"Electrostatic Precipitator Insulators (ESP insulators), Shaft insulators, Wall bushings, Insulators for substation, Support insulators for ESP\",\"publisher\":{\"@id\":\"https:\/\/houseofinsulators.com\/#organization\"},\"alternateName\":\"ESPI Insulators\",\"potentialAction\":[{\"@type\":\"SearchAction\",\"target\":{\"@type\":\"EntryPoint\",\"urlTemplate\":\"https:\/\/houseofinsulators.com\/?s={search_term_string}\"},\"query-input\":\"required name=search_term_string\"}],\"inLanguage\":\"cs\"},{\"@type\":\"Organization\",\"@id\":\"https:\/\/houseofinsulators.com\/#organization\",\"name\":\"ESPI Europe\",\"alternateName\":\"ESPI\",\"url\":\"https:\/\/houseofinsulators.com\/\",\"logo\":{\"@type\":\"ImageObject\",\"inLanguage\":\"cs\",\"@id\":\"https:\/\/houseofinsulators.com\/#\/schema\/logo\/image\/\",\"url\":\"https:\/\/houseofinsulators.com\/wp-content\/uploads\/2021\/05\/espi-logo.jpg\",\"contentUrl\":\"https:\/\/houseofinsulators.com\/wp-content\/uploads\/2021\/05\/espi-logo.jpg\",\"width\":424,\"height\":228,\"caption\":\"ESPI Europe\"},\"image\":{\"@id\":\"https:\/\/houseofinsulators.com\/#\/schema\/logo\/image\/\"},\"sameAs\":[\"https:\/\/www.linkedin.com\/company\/espi-europe\"]}]}<\/script>\n<!-- \/ Yoast SEO plugin. -->","yoast_head_json":{"title":"Insulator for electrostatic precipitator (ESP) 500-370-270 (on stock)","description":"European quality from Prague. Material on the stock. 5 days delivery within Europe. And much more insulator for electrostatic precipitator (ESP).","robots":{"index":"index","follow":"follow","max-snippet":"max-snippet:-1","max-image-preview":"max-image-preview:large","max-video-preview":"max-video-preview:-1"},"canonical":"https:\/\/houseofinsulators.com\/cs\/produkt\/insulator-for-electrostatic-precipitator-esp\/","og_locale":"cs_CZ","og_type":"article","og_title":"Insulator for electrostatic precipitator (ESP) 500-370-270 (on stock)","og_description":"European quality from Prague. Material on the stock. 5 days delivery within Europe. And much more insulator for electrostatic precipitator (ESP).","og_url":"https:\/\/houseofinsulators.com\/cs\/produkt\/insulator-for-electrostatic-precipitator-esp\/","og_site_name":"House of Insulators","article_modified_time":"2022-11-09T11:36:46+00:00","og_image":[{"width":1080,"height":1440,"url":"https:\/\/houseofinsulators.com\/wp-content\/uploads\/2021\/05\/012.jpg","type":"image\/jpeg"}],"twitter_card":"summary_large_image","twitter_misc":{"Odhadovan\u00e1 doba \u010dten\u00ed":"2 minuty"},"schema":{"@context":"https:\/\/schema.org","@graph":[{"@type":"WebPage","@id":"https:\/\/houseofinsulators.com\/product\/insulator-for-electrostatic-precipitator-esp\/","url":"https:\/\/houseofinsulators.com\/product\/insulator-for-electrostatic-precipitator-esp\/","name":"Insulator for electrostatic precipitator (ESP) 500-370-270 (on stock)","isPartOf":{"@id":"https:\/\/houseofinsulators.com\/#website"},"datePublished":"2022-11-09T08:58:09+00:00","dateModified":"2022-11-09T11:36:46+00:00","description":"European quality from Prague. Material on the stock. 5 days delivery within Europe. And much more insulator for electrostatic precipitator (ESP).","breadcrumb":{"@id":"https:\/\/houseofinsulators.com\/product\/insulator-for-electrostatic-precipitator-esp\/#breadcrumb"},"inLanguage":"cs","potentialAction":[{"@type":"ReadAction","target":["https:\/\/houseofinsulators.com\/product\/insulator-for-electrostatic-precipitator-esp\/"]}]},{"@type":"BreadcrumbList","@id":"https:\/\/houseofinsulators.com\/product\/insulator-for-electrostatic-precipitator-esp\/#breadcrumb","itemListElement":[{"@type":"ListItem","position":1,"name":"Home","item":"https:\/\/houseofinsulators.com\/"},{"@type":"ListItem","position":2,"name":"Shop","item":"https:\/\/houseofinsulators.com\/shop\/"},{"@type":"ListItem","position":3,"name":"Insulator for electrostatic precipitator (ESP) 500-370-270 (on stock)"}]},{"@type":"WebSite","@id":"https:\/\/houseofinsulators.com\/#website","url":"https:\/\/houseofinsulators.com\/","name":"House of Insulators","description":"Electrostatic Precipitator Insulators (ESP insulators), Shaft insulators, Wall bushings, Insulators for substation, Support insulators for ESP","publisher":{"@id":"https:\/\/houseofinsulators.com\/#organization"},"alternateName":"ESPI Insulators","potentialAction":[{"@type":"SearchAction","target":{"@type":"EntryPoint","urlTemplate":"https:\/\/houseofinsulators.com\/?s={search_term_string}"},"query-input":"required name=search_term_string"}],"inLanguage":"cs"},{"@type":"Organization","@id":"https:\/\/houseofinsulators.com\/#organization","name":"ESPI Europe","alternateName":"ESPI","url":"https:\/\/houseofinsulators.com\/","logo":{"@type":"ImageObject","inLanguage":"cs","@id":"https:\/\/houseofinsulators.com\/#\/schema\/logo\/image\/","url":"https:\/\/houseofinsulators.com\/wp-content\/uploads\/2021\/05\/espi-logo.jpg","contentUrl":"https:\/\/houseofinsulators.com\/wp-content\/uploads\/2021\/05\/espi-logo.jpg","width":424,"height":228,"caption":"ESPI Europe"},"image":{"@id":"https:\/\/houseofinsulators.com\/#\/schema\/logo\/image\/"},"sameAs":["https:\/\/www.linkedin.com\/company\/espi-europe"]}]}},"_links":{"self":[{"href":"https:\/\/houseofinsulators.com\/cs\/wp-json\/wp\/v2\/product\/722"}],"collection":[{"href":"https:\/\/houseofinsulators.com\/cs\/wp-json\/wp\/v2\/product"}],"about":[{"href":"https:\/\/houseofinsulators.com\/cs\/wp-json\/wp\/v2\/types\/product"}],"replies":[{"embeddable":true,"href":"https:\/\/houseofinsulators.com\/cs\/wp-json\/wp\/v2\/comments?post=722"}],"wp:featuredmedia":[{"embeddable":true,"href":"https:\/\/houseofinsulators.com\/cs\/wp-json\/wp\/v2\/media\/358"}],"wp:attachment":[{"href":"https:\/\/houseofinsulators.com\/cs\/wp-json\/wp\/v2\/media?parent=722"}],"wp:term":[{"taxonomy":"product_cat","embeddable":true,"href":"https:\/\/houseofinsulators.com\/cs\/wp-json\/wp\/v2\/product_cat?post=722"},{"taxonomy":"product_tag","embeddable":true,"href":"https:\/\/houseofinsulators.com\/cs\/wp-json\/wp\/v2\/product_tag?post=722"}],"curies":[{"name":"wp","href":"https:\/\/api.w.org\/{rel}","templated":true}]}}