{"id":797,"date":"2023-02-15T06:57:53","date_gmt":"2023-02-15T06:57:53","guid":{"rendered":"https:\/\/houseofinsulators.com\/?post_type=product&#038;p=797"},"modified":"2023-02-15T07:36:09","modified_gmt":"2023-02-15T07:36:09","slug":"transformer-bushing-36kv-1250a","status":"publish","type":"product","link":"https:\/\/houseofinsulators.com\/cs\/produkt\/transformer-bushing-36kv-1250a\/","title":{"rendered":"Transform\u00e1torov\u00e1 pr\u016fchodka 36kV\/1250A"},"content":{"rendered":"<p>Transform\u00e1torov\u00e1 pr\u016fchodka 36kV\/1250A<\/p>\n<p>Norma EN50180<\/p>\n<p>Nomin\u00e1ln\u00ed nap\u011bt\u00ed 36 kV<\/p>\n<p>Nomin\u00e1ln\u00ed proud 1250A<\/p>\n<p>Nomin\u00e1ln\u00ed povrchov\u00e1 dr\u00e1ha 1145mm<\/p>\n<p>Upev\u0148ovac\u00ed moment 70Nm<\/p>\n<p>V\u00e1ha 25,5 kg<\/p>","protected":false},"excerpt":{"rendered":"<p>Transformer bushing 36 kV \/ 1250 A Standard EN50180 Rated voltage 36 kV Rated Current 1250 A Nominal creepage distance 1145 mm Fastening torque bolt 70Nm Weight: 25,5 kg<\/p>","protected":false},"featured_media":800,"comment_status":"closed","ping_status":"closed","template":"","meta":[],"product_cat":[16],"product_tag":[83],"yoast_head":"<!-- This site is optimized with the Yoast SEO plugin v19.9 - https:\/\/yoast.com\/wordpress\/plugins\/seo\/ -->\n<title>Transformer bushing 36kV\/1250A | Standard EN50180<\/title>\n<meta name=\"description\" content=\"Transformer bushing 36kV\/1250A | from House of Insulators | Bushing 30nf\/1000 for distribution HV transformer | fast delivery in EU\" \/>\n<meta name=\"robots\" content=\"index, follow, max-snippet:-1, max-image-preview:large, max-video-preview:-1\" \/>\n<link rel=\"canonical\" href=\"https:\/\/houseofinsulators.com\/cs\/produkt\/transformer-bushing-36kv-1250a\/\" \/>\n<meta property=\"og:locale\" content=\"cs_CZ\" \/>\n<meta property=\"og:type\" content=\"article\" \/>\n<meta property=\"og:title\" content=\"Transformer bushing 36kV\/1250A | Standard EN50180\" \/>\n<meta property=\"og:description\" content=\"Transformer bushing 36kV\/1250A | from House of Insulators | Bushing 30nf\/1000 for distribution HV transformer | fast delivery in EU\" \/>\n<meta property=\"og:url\" content=\"https:\/\/houseofinsulators.com\/cs\/produkt\/transformer-bushing-36kv-1250a\/\" \/>\n<meta property=\"og:site_name\" content=\"House of Insulators\" \/>\n<meta property=\"article:modified_time\" content=\"2023-02-15T07:36:09+00:00\" \/>\n<meta property=\"og:image\" content=\"https:\/\/houseofinsulators.com\/wp-content\/uploads\/2023\/02\/transformer-bushing-600-600-2-1.jpg\" \/>\n\t<meta property=\"og:image:width\" content=\"600\" \/>\n\t<meta property=\"og:image:height\" content=\"600\" \/>\n\t<meta property=\"og:image:type\" content=\"image\/jpeg\" \/>\n<meta name=\"twitter:card\" content=\"summary_large_image\" \/>\n<meta name=\"twitter:label1\" content=\"Odhadovan\u00e1 doba \u010dten\u00ed\" \/>\n\t<meta name=\"twitter:data1\" content=\"1 minuta\" \/>\n<script type=\"application\/ld+json\" class=\"yoast-schema-graph\">{\"@context\":\"https:\/\/schema.org\",\"@graph\":[{\"@type\":\"WebPage\",\"@id\":\"https:\/\/houseofinsulators.com\/product\/transformer-bushing-36kv-1250a\/\",\"url\":\"https:\/\/houseofinsulators.com\/product\/transformer-bushing-36kv-1250a\/\",\"name\":\"Transformer bushing 36kV\/1250A | Standard EN50180\",\"isPartOf\":{\"@id\":\"https:\/\/houseofinsulators.com\/#website\"},\"datePublished\":\"2023-02-15T06:57:53+00:00\",\"dateModified\":\"2023-02-15T07:36:09+00:00\",\"description\":\"Transformer bushing 36kV\/1250A | from House of Insulators | Bushing 30nf\/1000 for distribution HV transformer | fast delivery in EU\",\"breadcrumb\":{\"@id\":\"https:\/\/houseofinsulators.com\/product\/transformer-bushing-36kv-1250a\/#breadcrumb\"},\"inLanguage\":\"cs\",\"potentialAction\":[{\"@type\":\"ReadAction\",\"target\":[\"https:\/\/houseofinsulators.com\/product\/transformer-bushing-36kv-1250a\/\"]}]},{\"@type\":\"BreadcrumbList\",\"@id\":\"https:\/\/houseofinsulators.com\/product\/transformer-bushing-36kv-1250a\/#breadcrumb\",\"itemListElement\":[{\"@type\":\"ListItem\",\"position\":1,\"name\":\"Home\",\"item\":\"https:\/\/houseofinsulators.com\/\"},{\"@type\":\"ListItem\",\"position\":2,\"name\":\"Shop\",\"item\":\"https:\/\/houseofinsulators.com\/shop\/\"},{\"@type\":\"ListItem\",\"position\":3,\"name\":\"Transformer bushing 36kV\/1250A\"}]},{\"@type\":\"WebSite\",\"@id\":\"https:\/\/houseofinsulators.com\/#website\",\"url\":\"https:\/\/houseofinsulators.com\/\",\"name\":\"House of Insulators\",\"description\":\"Electrostatic Precipitator Insulators (ESP insulators), Shaft insulators, Wall bushings, Insulators for substation, Support insulators for ESP\",\"publisher\":{\"@id\":\"https:\/\/houseofinsulators.com\/#organization\"},\"alternateName\":\"ESPI Insulators\",\"potentialAction\":[{\"@type\":\"SearchAction\",\"target\":{\"@type\":\"EntryPoint\",\"urlTemplate\":\"https:\/\/houseofinsulators.com\/?s={search_term_string}\"},\"query-input\":\"required name=search_term_string\"}],\"inLanguage\":\"cs\"},{\"@type\":\"Organization\",\"@id\":\"https:\/\/houseofinsulators.com\/#organization\",\"name\":\"ESPI Europe\",\"alternateName\":\"ESPI\",\"url\":\"https:\/\/houseofinsulators.com\/\",\"logo\":{\"@type\":\"ImageObject\",\"inLanguage\":\"cs\",\"@id\":\"https:\/\/houseofinsulators.com\/#\/schema\/logo\/image\/\",\"url\":\"https:\/\/houseofinsulators.com\/wp-content\/uploads\/2021\/05\/espi-logo.jpg\",\"contentUrl\":\"https:\/\/houseofinsulators.com\/wp-content\/uploads\/2021\/05\/espi-logo.jpg\",\"width\":424,\"height\":228,\"caption\":\"ESPI Europe\"},\"image\":{\"@id\":\"https:\/\/houseofinsulators.com\/#\/schema\/logo\/image\/\"},\"sameAs\":[\"https:\/\/www.linkedin.com\/company\/espi-europe\"]}]}<\/script>\n<!-- \/ Yoast SEO plugin. -->","yoast_head_json":{"title":"Transformer bushing 36kV\/1250A | Standard EN50180","description":"Transformer bushing 36kV\/1250A | from House of Insulators | Bushing 30nf\/1000 for distribution HV transformer | fast delivery in EU","robots":{"index":"index","follow":"follow","max-snippet":"max-snippet:-1","max-image-preview":"max-image-preview:large","max-video-preview":"max-video-preview:-1"},"canonical":"https:\/\/houseofinsulators.com\/cs\/produkt\/transformer-bushing-36kv-1250a\/","og_locale":"cs_CZ","og_type":"article","og_title":"Transformer bushing 36kV\/1250A | Standard EN50180","og_description":"Transformer bushing 36kV\/1250A | from House of Insulators | Bushing 30nf\/1000 for distribution HV transformer | fast delivery in EU","og_url":"https:\/\/houseofinsulators.com\/cs\/produkt\/transformer-bushing-36kv-1250a\/","og_site_name":"House of Insulators","article_modified_time":"2023-02-15T07:36:09+00:00","og_image":[{"width":600,"height":600,"url":"https:\/\/houseofinsulators.com\/wp-content\/uploads\/2023\/02\/transformer-bushing-600-600-2-1.jpg","type":"image\/jpeg"}],"twitter_card":"summary_large_image","twitter_misc":{"Odhadovan\u00e1 doba \u010dten\u00ed":"1 minuta"},"schema":{"@context":"https:\/\/schema.org","@graph":[{"@type":"WebPage","@id":"https:\/\/houseofinsulators.com\/product\/transformer-bushing-36kv-1250a\/","url":"https:\/\/houseofinsulators.com\/product\/transformer-bushing-36kv-1250a\/","name":"Transformer bushing 36kV\/1250A | Standard EN50180","isPartOf":{"@id":"https:\/\/houseofinsulators.com\/#website"},"datePublished":"2023-02-15T06:57:53+00:00","dateModified":"2023-02-15T07:36:09+00:00","description":"Transformer bushing 36kV\/1250A | from House of Insulators | Bushing 30nf\/1000 for distribution HV transformer | fast delivery in EU","breadcrumb":{"@id":"https:\/\/houseofinsulators.com\/product\/transformer-bushing-36kv-1250a\/#breadcrumb"},"inLanguage":"cs","potentialAction":[{"@type":"ReadAction","target":["https:\/\/houseofinsulators.com\/product\/transformer-bushing-36kv-1250a\/"]}]},{"@type":"BreadcrumbList","@id":"https:\/\/houseofinsulators.com\/product\/transformer-bushing-36kv-1250a\/#breadcrumb","itemListElement":[{"@type":"ListItem","position":1,"name":"Home","item":"https:\/\/houseofinsulators.com\/"},{"@type":"ListItem","position":2,"name":"Shop","item":"https:\/\/houseofinsulators.com\/shop\/"},{"@type":"ListItem","position":3,"name":"Transformer bushing 36kV\/1250A"}]},{"@type":"WebSite","@id":"https:\/\/houseofinsulators.com\/#website","url":"https:\/\/houseofinsulators.com\/","name":"House of Insulators","description":"Electrostatic Precipitator Insulators (ESP insulators), Shaft insulators, Wall bushings, Insulators for substation, Support insulators for ESP","publisher":{"@id":"https:\/\/houseofinsulators.com\/#organization"},"alternateName":"ESPI Insulators","potentialAction":[{"@type":"SearchAction","target":{"@type":"EntryPoint","urlTemplate":"https:\/\/houseofinsulators.com\/?s={search_term_string}"},"query-input":"required name=search_term_string"}],"inLanguage":"cs"},{"@type":"Organization","@id":"https:\/\/houseofinsulators.com\/#organization","name":"ESPI Europe","alternateName":"ESPI","url":"https:\/\/houseofinsulators.com\/","logo":{"@type":"ImageObject","inLanguage":"cs","@id":"https:\/\/houseofinsulators.com\/#\/schema\/logo\/image\/","url":"https:\/\/houseofinsulators.com\/wp-content\/uploads\/2021\/05\/espi-logo.jpg","contentUrl":"https:\/\/houseofinsulators.com\/wp-content\/uploads\/2021\/05\/espi-logo.jpg","width":424,"height":228,"caption":"ESPI Europe"},"image":{"@id":"https:\/\/houseofinsulators.com\/#\/schema\/logo\/image\/"},"sameAs":["https:\/\/www.linkedin.com\/company\/espi-europe"]}]}},"_links":{"self":[{"href":"https:\/\/houseofinsulators.com\/cs\/wp-json\/wp\/v2\/product\/797"}],"collection":[{"href":"https:\/\/houseofinsulators.com\/cs\/wp-json\/wp\/v2\/product"}],"about":[{"href":"https:\/\/houseofinsulators.com\/cs\/wp-json\/wp\/v2\/types\/product"}],"replies":[{"embeddable":true,"href":"https:\/\/houseofinsulators.com\/cs\/wp-json\/wp\/v2\/comments?post=797"}],"wp:featuredmedia":[{"embeddable":true,"href":"https:\/\/houseofinsulators.com\/cs\/wp-json\/wp\/v2\/media\/800"}],"wp:attachment":[{"href":"https:\/\/houseofinsulators.com\/cs\/wp-json\/wp\/v2\/media?parent=797"}],"wp:term":[{"taxonomy":"product_cat","embeddable":true,"href":"https:\/\/houseofinsulators.com\/cs\/wp-json\/wp\/v2\/product_cat?post=797"},{"taxonomy":"product_tag","embeddable":true,"href":"https:\/\/houseofinsulators.com\/cs\/wp-json\/wp\/v2\/product_tag?post=797"}],"curies":[{"name":"wp","href":"https:\/\/api.w.org\/{rel}","templated":true}]}}