{"id":801,"date":"2023-02-15T07:39:15","date_gmt":"2023-02-15T07:39:15","guid":{"rendered":"https:\/\/houseofinsulators.com\/?post_type=product&#038;p=801"},"modified":"2023-02-15T07:50:52","modified_gmt":"2023-02-15T07:50:52","slug":"transformer-bushing-30nf630","status":"publish","type":"product","link":"https:\/\/houseofinsulators.com\/cs\/produkt\/transformer-bushing-30nf630\/","title":{"rendered":"Transform\u00e1torov\u00e1 pr\u016fchodka 30NF630"},"content":{"rendered":"<p>Transform\u00e1torov\u00e1 pr\u016fchodka 30nf630<\/p>\n<p>Standard DIN 42532<\/p>\n<p>Nomin\u00e1ln\u00ed nap\u011bt\u00ed 30 kV<\/p>\n<p>Nomin\u00e1ln\u00ed proud 630A<\/p>\n<p>Nomin\u00e1ln\u00ed povrchov\u00e1 dr\u00e1ha 640 mm<\/p>\n<p>V\u00e1ha 8 kg<\/p>\n<p>Skladem<\/p>\n<p>Dod\u00e1n\u00ed v r\u00e1mci EU: 10 dn\u00ed<\/p>\n<p>&nbsp;<\/p>","protected":false},"excerpt":{"rendered":"<p>Transformer bushing 30nf630 Standard DIN 42532 Nominal voltage 30 kV Nominal Current 630 A Nominal creepage distance 640 mm Weight: 8 kg On stock Delivery in EU: 10 days. &nbsp;<\/p>","protected":false},"featured_media":802,"comment_status":"closed","ping_status":"closed","template":"","meta":[],"product_cat":[59],"product_tag":[83],"yoast_head":"<!-- This site is optimized with the Yoast SEO plugin v19.9 - https:\/\/yoast.com\/wordpress\/plugins\/seo\/ -->\n<title>Transformer bushing 30Nf630 | DIN 42532<\/title>\n<meta name=\"description\" content=\"Transformer bushing 30Nf630 | from House of Insulators | Bushing for distribution HV transformer | On stock, fast delivery in EU.\" \/>\n<meta name=\"robots\" content=\"index, follow, max-snippet:-1, max-image-preview:large, max-video-preview:-1\" \/>\n<link rel=\"canonical\" href=\"https:\/\/houseofinsulators.com\/cs\/produkt\/transformer-bushing-30nf630\/\" \/>\n<meta property=\"og:locale\" content=\"cs_CZ\" \/>\n<meta property=\"og:type\" content=\"article\" \/>\n<meta property=\"og:title\" content=\"Transformer bushing 30Nf630 | DIN 42532\" \/>\n<meta property=\"og:description\" content=\"Transformer bushing 30Nf630 | from House of Insulators | Bushing for distribution HV transformer | On stock, fast delivery in EU.\" \/>\n<meta property=\"og:url\" content=\"https:\/\/houseofinsulators.com\/cs\/produkt\/transformer-bushing-30nf630\/\" \/>\n<meta property=\"og:site_name\" content=\"House of Insulators\" \/>\n<meta property=\"article:modified_time\" content=\"2023-02-15T07:50:52+00:00\" \/>\n<meta property=\"og:image\" content=\"https:\/\/houseofinsulators.com\/wp-content\/uploads\/2023\/02\/111-30nf630.jpeg\" \/>\n\t<meta property=\"og:image:width\" content=\"1952\" \/>\n\t<meta property=\"og:image:height\" content=\"1464\" \/>\n\t<meta property=\"og:image:type\" content=\"image\/jpeg\" \/>\n<meta name=\"twitter:card\" content=\"summary_large_image\" \/>\n<meta name=\"twitter:label1\" content=\"Odhadovan\u00e1 doba \u010dten\u00ed\" \/>\n\t<meta name=\"twitter:data1\" content=\"1 minuta\" \/>\n<script type=\"application\/ld+json\" class=\"yoast-schema-graph\">{\"@context\":\"https:\/\/schema.org\",\"@graph\":[{\"@type\":\"WebPage\",\"@id\":\"https:\/\/houseofinsulators.com\/product\/transformer-bushing-30nf630\/\",\"url\":\"https:\/\/houseofinsulators.com\/product\/transformer-bushing-30nf630\/\",\"name\":\"Transformer bushing 30Nf630 | DIN 42532\",\"isPartOf\":{\"@id\":\"https:\/\/houseofinsulators.com\/#website\"},\"datePublished\":\"2023-02-15T07:39:15+00:00\",\"dateModified\":\"2023-02-15T07:50:52+00:00\",\"description\":\"Transformer bushing 30Nf630 | from House of Insulators | Bushing for distribution HV transformer | On stock, fast delivery in EU.\",\"breadcrumb\":{\"@id\":\"https:\/\/houseofinsulators.com\/product\/transformer-bushing-30nf630\/#breadcrumb\"},\"inLanguage\":\"cs\",\"potentialAction\":[{\"@type\":\"ReadAction\",\"target\":[\"https:\/\/houseofinsulators.com\/product\/transformer-bushing-30nf630\/\"]}]},{\"@type\":\"BreadcrumbList\",\"@id\":\"https:\/\/houseofinsulators.com\/product\/transformer-bushing-30nf630\/#breadcrumb\",\"itemListElement\":[{\"@type\":\"ListItem\",\"position\":1,\"name\":\"Home\",\"item\":\"https:\/\/houseofinsulators.com\/\"},{\"@type\":\"ListItem\",\"position\":2,\"name\":\"Shop\",\"item\":\"https:\/\/houseofinsulators.com\/shop\/\"},{\"@type\":\"ListItem\",\"position\":3,\"name\":\"Transformer bushing 30Nf630\"}]},{\"@type\":\"WebSite\",\"@id\":\"https:\/\/houseofinsulators.com\/#website\",\"url\":\"https:\/\/houseofinsulators.com\/\",\"name\":\"House of Insulators\",\"description\":\"Electrostatic Precipitator Insulators (ESP insulators), Shaft insulators, Wall bushings, Insulators for substation, Support insulators for ESP\",\"publisher\":{\"@id\":\"https:\/\/houseofinsulators.com\/#organization\"},\"alternateName\":\"ESPI Insulators\",\"potentialAction\":[{\"@type\":\"SearchAction\",\"target\":{\"@type\":\"EntryPoint\",\"urlTemplate\":\"https:\/\/houseofinsulators.com\/?s={search_term_string}\"},\"query-input\":\"required name=search_term_string\"}],\"inLanguage\":\"cs\"},{\"@type\":\"Organization\",\"@id\":\"https:\/\/houseofinsulators.com\/#organization\",\"name\":\"ESPI Europe\",\"alternateName\":\"ESPI\",\"url\":\"https:\/\/houseofinsulators.com\/\",\"logo\":{\"@type\":\"ImageObject\",\"inLanguage\":\"cs\",\"@id\":\"https:\/\/houseofinsulators.com\/#\/schema\/logo\/image\/\",\"url\":\"https:\/\/houseofinsulators.com\/wp-content\/uploads\/2021\/05\/espi-logo.jpg\",\"contentUrl\":\"https:\/\/houseofinsulators.com\/wp-content\/uploads\/2021\/05\/espi-logo.jpg\",\"width\":424,\"height\":228,\"caption\":\"ESPI Europe\"},\"image\":{\"@id\":\"https:\/\/houseofinsulators.com\/#\/schema\/logo\/image\/\"},\"sameAs\":[\"https:\/\/www.linkedin.com\/company\/espi-europe\"]}]}<\/script>\n<!-- \/ Yoast SEO plugin. -->","yoast_head_json":{"title":"Transformer bushing 30Nf630 | DIN 42532","description":"Transformer bushing 30Nf630 | from House of Insulators | Bushing for distribution HV transformer | On stock, fast delivery in EU.","robots":{"index":"index","follow":"follow","max-snippet":"max-snippet:-1","max-image-preview":"max-image-preview:large","max-video-preview":"max-video-preview:-1"},"canonical":"https:\/\/houseofinsulators.com\/cs\/produkt\/transformer-bushing-30nf630\/","og_locale":"cs_CZ","og_type":"article","og_title":"Transformer bushing 30Nf630 | DIN 42532","og_description":"Transformer bushing 30Nf630 | from House of Insulators | Bushing for distribution HV transformer | On stock, fast delivery in EU.","og_url":"https:\/\/houseofinsulators.com\/cs\/produkt\/transformer-bushing-30nf630\/","og_site_name":"House of Insulators","article_modified_time":"2023-02-15T07:50:52+00:00","og_image":[{"width":1952,"height":1464,"url":"https:\/\/houseofinsulators.com\/wp-content\/uploads\/2023\/02\/111-30nf630.jpeg","type":"image\/jpeg"}],"twitter_card":"summary_large_image","twitter_misc":{"Odhadovan\u00e1 doba \u010dten\u00ed":"1 minuta"},"schema":{"@context":"https:\/\/schema.org","@graph":[{"@type":"WebPage","@id":"https:\/\/houseofinsulators.com\/product\/transformer-bushing-30nf630\/","url":"https:\/\/houseofinsulators.com\/product\/transformer-bushing-30nf630\/","name":"Transformer bushing 30Nf630 | DIN 42532","isPartOf":{"@id":"https:\/\/houseofinsulators.com\/#website"},"datePublished":"2023-02-15T07:39:15+00:00","dateModified":"2023-02-15T07:50:52+00:00","description":"Transformer bushing 30Nf630 | from House of Insulators | Bushing for distribution HV transformer | On stock, fast delivery in EU.","breadcrumb":{"@id":"https:\/\/houseofinsulators.com\/product\/transformer-bushing-30nf630\/#breadcrumb"},"inLanguage":"cs","potentialAction":[{"@type":"ReadAction","target":["https:\/\/houseofinsulators.com\/product\/transformer-bushing-30nf630\/"]}]},{"@type":"BreadcrumbList","@id":"https:\/\/houseofinsulators.com\/product\/transformer-bushing-30nf630\/#breadcrumb","itemListElement":[{"@type":"ListItem","position":1,"name":"Home","item":"https:\/\/houseofinsulators.com\/"},{"@type":"ListItem","position":2,"name":"Shop","item":"https:\/\/houseofinsulators.com\/shop\/"},{"@type":"ListItem","position":3,"name":"Transformer bushing 30Nf630"}]},{"@type":"WebSite","@id":"https:\/\/houseofinsulators.com\/#website","url":"https:\/\/houseofinsulators.com\/","name":"House of Insulators","description":"Electrostatic Precipitator Insulators (ESP insulators), Shaft insulators, Wall bushings, Insulators for substation, Support insulators for ESP","publisher":{"@id":"https:\/\/houseofinsulators.com\/#organization"},"alternateName":"ESPI Insulators","potentialAction":[{"@type":"SearchAction","target":{"@type":"EntryPoint","urlTemplate":"https:\/\/houseofinsulators.com\/?s={search_term_string}"},"query-input":"required name=search_term_string"}],"inLanguage":"cs"},{"@type":"Organization","@id":"https:\/\/houseofinsulators.com\/#organization","name":"ESPI Europe","alternateName":"ESPI","url":"https:\/\/houseofinsulators.com\/","logo":{"@type":"ImageObject","inLanguage":"cs","@id":"https:\/\/houseofinsulators.com\/#\/schema\/logo\/image\/","url":"https:\/\/houseofinsulators.com\/wp-content\/uploads\/2021\/05\/espi-logo.jpg","contentUrl":"https:\/\/houseofinsulators.com\/wp-content\/uploads\/2021\/05\/espi-logo.jpg","width":424,"height":228,"caption":"ESPI Europe"},"image":{"@id":"https:\/\/houseofinsulators.com\/#\/schema\/logo\/image\/"},"sameAs":["https:\/\/www.linkedin.com\/company\/espi-europe"]}]}},"_links":{"self":[{"href":"https:\/\/houseofinsulators.com\/cs\/wp-json\/wp\/v2\/product\/801"}],"collection":[{"href":"https:\/\/houseofinsulators.com\/cs\/wp-json\/wp\/v2\/product"}],"about":[{"href":"https:\/\/houseofinsulators.com\/cs\/wp-json\/wp\/v2\/types\/product"}],"replies":[{"embeddable":true,"href":"https:\/\/houseofinsulators.com\/cs\/wp-json\/wp\/v2\/comments?post=801"}],"wp:featuredmedia":[{"embeddable":true,"href":"https:\/\/houseofinsulators.com\/cs\/wp-json\/wp\/v2\/media\/802"}],"wp:attachment":[{"href":"https:\/\/houseofinsulators.com\/cs\/wp-json\/wp\/v2\/media?parent=801"}],"wp:term":[{"taxonomy":"product_cat","embeddable":true,"href":"https:\/\/houseofinsulators.com\/cs\/wp-json\/wp\/v2\/product_cat?post=801"},{"taxonomy":"product_tag","embeddable":true,"href":"https:\/\/houseofinsulators.com\/cs\/wp-json\/wp\/v2\/product_tag?post=801"}],"curies":[{"name":"wp","href":"https:\/\/api.w.org\/{rel}","templated":true}]}}