{"id":803,"date":"2023-02-15T08:19:55","date_gmt":"2023-02-15T08:19:55","guid":{"rendered":"https:\/\/houseofinsulators.com\/?post_type=product&#038;p=803"},"modified":"2023-02-15T09:57:55","modified_gmt":"2023-02-15T09:57:55","slug":"wall-bushing-36kv-630a","status":"publish","type":"product","link":"https:\/\/houseofinsulators.com\/cs\/produkt\/wall-bushing-36kv-630a\/","title":{"rendered":"Pr\u016fchodka st\u011bnov\u00e1 36kV \/ 630 A"},"content":{"rendered":"<div>\n<div>St\u011bnov\u00e1 pr\u016fchodka 36 kV \/ 630 A<\/div>\n<div><\/div>\n<div>Elektrick\u00e9 vlastnosti<\/div>\n<div>Nomin\u00e1ln\u00ed nap\u011bt\u00ed a maxim\u00e1ln\u00ed provozn\u00ed nap\u011bt\u00ed: 30\/36 kV<\/div>\n<div><\/div>\n<div>Mechanick\u00e9 vlastnosti:<\/div>\n<div>Povrchov\u00e1 dr\u00e1ha AB min.: 480mm<\/div>\n<div>Povrchov\u00e1 dr\u00e1ha CD min.: 480 mm<\/div>\n<div>V\u00e1ha 9,8 kg<\/div>\n<div>Porcel\u00e1n C110<\/div>\n<div>Caps: Brass, bichromate plated<\/div>\n<div>Armatury: ocelov\u00fd odlitek, \u017e\u00e1rov\u011b zinkovan\u00e9<\/div>\n<div>z\u00e1vitov\u00e1 ty\u010d a matice: poniklovan\u00e9<\/div>\n<div>Podlo\u017eka: keramick\u00fd pap\u00edr<\/div>\n<div><\/div>\n<div>Testy a tolerance dle IEC 60137 a IEC 62155<\/div>\n<div><\/div>\n<div>Lze pou\u017e\u00edt jako o n\u00e1hradu ji\u017e nevyr\u00e1b\u011bn\u00e9 st\u011bnov\u00e9 pr\u016fchodky CBV 22\/630 \"kanadsk\u00e9 kolo\", kter\u00e1 byla vyr\u00e1b\u011bn\u00e1 v historii v Elektroporcel\u00e1n Louny (EPL).<\/div>\n<\/div>\n<p><a href=\"https:\/\/houseofinsulators.com\/wp-content\/uploads\/2023\/02\/PI-36-M16.pdf\" target=\"_blank\" rel=\"noopener\">Data sheet<\/a><\/p>","protected":false},"excerpt":{"rendered":"<p><a href=\"https:\/\/houseofinsulators.com\/wp-content\/uploads\/2023\/02\/PI-36-M16.pdf\">Data sheet<\/a><\/p>","protected":false},"featured_media":804,"comment_status":"closed","ping_status":"closed","template":"","meta":[],"product_cat":[49],"product_tag":[80],"yoast_head":"<!-- This site is optimized with the Yoast SEO plugin v19.9 - https:\/\/yoast.com\/wordpress\/plugins\/seo\/ -->\n<title>Wall bushing 36 kV \/ 630 A | House of Insulators<\/title>\n<meta name=\"description\" content=\"Wall bushing 36 kV \/ 630 A | It can be used as a replacement for the discontinued wall bushing CBV 22\/630 from Elekroporcelan.\" \/>\n<meta name=\"robots\" content=\"index, follow, max-snippet:-1, max-image-preview:large, max-video-preview:-1\" \/>\n<link rel=\"canonical\" href=\"https:\/\/houseofinsulators.com\/cs\/produkt\/wall-bushing-36kv-630a\/\" \/>\n<meta property=\"og:locale\" content=\"cs_CZ\" \/>\n<meta property=\"og:type\" content=\"article\" \/>\n<meta property=\"og:title\" content=\"Wall bushing 36 kV \/ 630 A | House of Insulators\" \/>\n<meta property=\"og:description\" content=\"Wall bushing 36 kV \/ 630 A | It can be used as a replacement for the discontinued wall bushing CBV 22\/630 from Elekroporcelan.\" \/>\n<meta property=\"og:url\" content=\"https:\/\/houseofinsulators.com\/cs\/produkt\/wall-bushing-36kv-630a\/\" \/>\n<meta property=\"og:site_name\" content=\"House of Insulators\" \/>\n<meta property=\"article:modified_time\" content=\"2023-02-15T09:57:55+00:00\" \/>\n<meta property=\"og:image\" content=\"https:\/\/houseofinsulators.com\/wp-content\/uploads\/2023\/02\/wall-bushing-600-600-1.jpg\" \/>\n\t<meta property=\"og:image:width\" content=\"600\" \/>\n\t<meta property=\"og:image:height\" content=\"600\" \/>\n\t<meta property=\"og:image:type\" content=\"image\/jpeg\" \/>\n<meta name=\"twitter:card\" content=\"summary_large_image\" \/>\n<meta name=\"twitter:label1\" content=\"Odhadovan\u00e1 doba \u010dten\u00ed\" \/>\n\t<meta name=\"twitter:data1\" content=\"1 minuta\" \/>\n<script type=\"application\/ld+json\" class=\"yoast-schema-graph\">{\"@context\":\"https:\/\/schema.org\",\"@graph\":[{\"@type\":\"WebPage\",\"@id\":\"https:\/\/houseofinsulators.com\/product\/wall-bushing-36kv-630a\/\",\"url\":\"https:\/\/houseofinsulators.com\/product\/wall-bushing-36kv-630a\/\",\"name\":\"Wall bushing 36 kV \/ 630 A | House of Insulators\",\"isPartOf\":{\"@id\":\"https:\/\/houseofinsulators.com\/#website\"},\"datePublished\":\"2023-02-15T08:19:55+00:00\",\"dateModified\":\"2023-02-15T09:57:55+00:00\",\"description\":\"Wall bushing 36 kV \/ 630 A | It can be used as a replacement for the discontinued wall bushing CBV 22\/630 from Elekroporcelan.\",\"breadcrumb\":{\"@id\":\"https:\/\/houseofinsulators.com\/product\/wall-bushing-36kv-630a\/#breadcrumb\"},\"inLanguage\":\"cs\",\"potentialAction\":[{\"@type\":\"ReadAction\",\"target\":[\"https:\/\/houseofinsulators.com\/product\/wall-bushing-36kv-630a\/\"]}]},{\"@type\":\"BreadcrumbList\",\"@id\":\"https:\/\/houseofinsulators.com\/product\/wall-bushing-36kv-630a\/#breadcrumb\",\"itemListElement\":[{\"@type\":\"ListItem\",\"position\":1,\"name\":\"Home\",\"item\":\"https:\/\/houseofinsulators.com\/\"},{\"@type\":\"ListItem\",\"position\":2,\"name\":\"Shop\",\"item\":\"https:\/\/houseofinsulators.com\/shop\/\"},{\"@type\":\"ListItem\",\"position\":3,\"name\":\"Wall bushing 36 kV \/ 630 A\"}]},{\"@type\":\"WebSite\",\"@id\":\"https:\/\/houseofinsulators.com\/#website\",\"url\":\"https:\/\/houseofinsulators.com\/\",\"name\":\"House of Insulators\",\"description\":\"Electrostatic Precipitator Insulators (ESP insulators), Shaft insulators, Wall bushings, Insulators for substation, Support insulators for ESP\",\"publisher\":{\"@id\":\"https:\/\/houseofinsulators.com\/#organization\"},\"alternateName\":\"ESPI Insulators\",\"potentialAction\":[{\"@type\":\"SearchAction\",\"target\":{\"@type\":\"EntryPoint\",\"urlTemplate\":\"https:\/\/houseofinsulators.com\/?s={search_term_string}\"},\"query-input\":\"required name=search_term_string\"}],\"inLanguage\":\"cs\"},{\"@type\":\"Organization\",\"@id\":\"https:\/\/houseofinsulators.com\/#organization\",\"name\":\"ESPI Europe\",\"alternateName\":\"ESPI\",\"url\":\"https:\/\/houseofinsulators.com\/\",\"logo\":{\"@type\":\"ImageObject\",\"inLanguage\":\"cs\",\"@id\":\"https:\/\/houseofinsulators.com\/#\/schema\/logo\/image\/\",\"url\":\"https:\/\/houseofinsulators.com\/wp-content\/uploads\/2021\/05\/espi-logo.jpg\",\"contentUrl\":\"https:\/\/houseofinsulators.com\/wp-content\/uploads\/2021\/05\/espi-logo.jpg\",\"width\":424,\"height\":228,\"caption\":\"ESPI Europe\"},\"image\":{\"@id\":\"https:\/\/houseofinsulators.com\/#\/schema\/logo\/image\/\"},\"sameAs\":[\"https:\/\/www.linkedin.com\/company\/espi-europe\"]}]}<\/script>\n<!-- \/ Yoast SEO plugin. -->","yoast_head_json":{"title":"Wall bushing 36 kV \/ 630 A | House of Insulators","description":"Wall bushing 36 kV \/ 630 A | It can be used as a replacement for the discontinued wall bushing CBV 22\/630 from Elekroporcelan.","robots":{"index":"index","follow":"follow","max-snippet":"max-snippet:-1","max-image-preview":"max-image-preview:large","max-video-preview":"max-video-preview:-1"},"canonical":"https:\/\/houseofinsulators.com\/cs\/produkt\/wall-bushing-36kv-630a\/","og_locale":"cs_CZ","og_type":"article","og_title":"Wall bushing 36 kV \/ 630 A | House of Insulators","og_description":"Wall bushing 36 kV \/ 630 A | It can be used as a replacement for the discontinued wall bushing CBV 22\/630 from Elekroporcelan.","og_url":"https:\/\/houseofinsulators.com\/cs\/produkt\/wall-bushing-36kv-630a\/","og_site_name":"House of Insulators","article_modified_time":"2023-02-15T09:57:55+00:00","og_image":[{"width":600,"height":600,"url":"https:\/\/houseofinsulators.com\/wp-content\/uploads\/2023\/02\/wall-bushing-600-600-1.jpg","type":"image\/jpeg"}],"twitter_card":"summary_large_image","twitter_misc":{"Odhadovan\u00e1 doba \u010dten\u00ed":"1 minuta"},"schema":{"@context":"https:\/\/schema.org","@graph":[{"@type":"WebPage","@id":"https:\/\/houseofinsulators.com\/product\/wall-bushing-36kv-630a\/","url":"https:\/\/houseofinsulators.com\/product\/wall-bushing-36kv-630a\/","name":"Wall bushing 36 kV \/ 630 A | House of Insulators","isPartOf":{"@id":"https:\/\/houseofinsulators.com\/#website"},"datePublished":"2023-02-15T08:19:55+00:00","dateModified":"2023-02-15T09:57:55+00:00","description":"Wall bushing 36 kV \/ 630 A | It can be used as a replacement for the discontinued wall bushing CBV 22\/630 from Elekroporcelan.","breadcrumb":{"@id":"https:\/\/houseofinsulators.com\/product\/wall-bushing-36kv-630a\/#breadcrumb"},"inLanguage":"cs","potentialAction":[{"@type":"ReadAction","target":["https:\/\/houseofinsulators.com\/product\/wall-bushing-36kv-630a\/"]}]},{"@type":"BreadcrumbList","@id":"https:\/\/houseofinsulators.com\/product\/wall-bushing-36kv-630a\/#breadcrumb","itemListElement":[{"@type":"ListItem","position":1,"name":"Home","item":"https:\/\/houseofinsulators.com\/"},{"@type":"ListItem","position":2,"name":"Shop","item":"https:\/\/houseofinsulators.com\/shop\/"},{"@type":"ListItem","position":3,"name":"Wall bushing 36 kV \/ 630 A"}]},{"@type":"WebSite","@id":"https:\/\/houseofinsulators.com\/#website","url":"https:\/\/houseofinsulators.com\/","name":"House of Insulators","description":"Electrostatic Precipitator Insulators (ESP insulators), Shaft insulators, Wall bushings, Insulators for substation, Support insulators for ESP","publisher":{"@id":"https:\/\/houseofinsulators.com\/#organization"},"alternateName":"ESPI Insulators","potentialAction":[{"@type":"SearchAction","target":{"@type":"EntryPoint","urlTemplate":"https:\/\/houseofinsulators.com\/?s={search_term_string}"},"query-input":"required name=search_term_string"}],"inLanguage":"cs"},{"@type":"Organization","@id":"https:\/\/houseofinsulators.com\/#organization","name":"ESPI Europe","alternateName":"ESPI","url":"https:\/\/houseofinsulators.com\/","logo":{"@type":"ImageObject","inLanguage":"cs","@id":"https:\/\/houseofinsulators.com\/#\/schema\/logo\/image\/","url":"https:\/\/houseofinsulators.com\/wp-content\/uploads\/2021\/05\/espi-logo.jpg","contentUrl":"https:\/\/houseofinsulators.com\/wp-content\/uploads\/2021\/05\/espi-logo.jpg","width":424,"height":228,"caption":"ESPI Europe"},"image":{"@id":"https:\/\/houseofinsulators.com\/#\/schema\/logo\/image\/"},"sameAs":["https:\/\/www.linkedin.com\/company\/espi-europe"]}]}},"_links":{"self":[{"href":"https:\/\/houseofinsulators.com\/cs\/wp-json\/wp\/v2\/product\/803"}],"collection":[{"href":"https:\/\/houseofinsulators.com\/cs\/wp-json\/wp\/v2\/product"}],"about":[{"href":"https:\/\/houseofinsulators.com\/cs\/wp-json\/wp\/v2\/types\/product"}],"replies":[{"embeddable":true,"href":"https:\/\/houseofinsulators.com\/cs\/wp-json\/wp\/v2\/comments?post=803"}],"wp:featuredmedia":[{"embeddable":true,"href":"https:\/\/houseofinsulators.com\/cs\/wp-json\/wp\/v2\/media\/804"}],"wp:attachment":[{"href":"https:\/\/houseofinsulators.com\/cs\/wp-json\/wp\/v2\/media?parent=803"}],"wp:term":[{"taxonomy":"product_cat","embeddable":true,"href":"https:\/\/houseofinsulators.com\/cs\/wp-json\/wp\/v2\/product_cat?post=803"},{"taxonomy":"product_tag","embeddable":true,"href":"https:\/\/houseofinsulators.com\/cs\/wp-json\/wp\/v2\/product_tag?post=803"}],"curies":[{"name":"wp","href":"https:\/\/api.w.org\/{rel}","templated":true}]}}