{"id":809,"date":"2023-02-16T09:44:42","date_gmt":"2023-02-16T09:44:42","guid":{"rendered":"https:\/\/houseofinsulators.com\/?post_type=product&#038;p=809"},"modified":"2023-02-16T10:34:48","modified_gmt":"2023-02-16T10:34:48","slug":"insulator-j8-75","status":"publish","type":"product","link":"https:\/\/houseofinsulators.com\/cs\/produkt\/insulator-j8-75\/","title":{"rendered":"Insulator J8-75"},"content":{"rendered":"<p>Ceramic post insulator for distribution substation<\/p>\n<p>Material Ceramic: C110<\/p>\n<p>Glazed color white<\/p>\n<p>Production technology for this kind of support insulator is a wet process. We do not need new tooling for new production.<\/p>\n<p>Read more <a href=\"https:\/\/houseofinsulators.com\/cs\/electrostatic-precipitator\/mv_post_insulators\/\">information<\/a> about post insulators<\/p>\n<p>&nbsp;<\/p>\n<p>&nbsp;<\/p>\n<p>&nbsp;<\/p>","protected":false},"excerpt":{"rendered":"<p>Price and delivery time on request.<\/p>\n<p>&nbsp;<\/p>","protected":false},"featured_media":810,"comment_status":"closed","ping_status":"closed","template":"","meta":[],"product_cat":[36],"product_tag":[92],"yoast_head":"<!-- This site is optimized with the Yoast SEO plugin v19.9 - https:\/\/yoast.com\/wordpress\/plugins\/seo\/ -->\n<title>Insulator J8-75<\/title>\n<meta name=\"description\" content=\"European post insulator J8-75. Fast delivery within Europe. And much more insulators for MV substation: J8-125, J16-128, wall bushings, etc.\" \/>\n<meta name=\"robots\" content=\"index, follow, max-snippet:-1, max-image-preview:large, max-video-preview:-1\" \/>\n<link rel=\"canonical\" href=\"https:\/\/houseofinsulators.com\/cs\/produkt\/insulator-j8-75\/\" \/>\n<meta property=\"og:locale\" content=\"cs_CZ\" \/>\n<meta property=\"og:type\" content=\"article\" \/>\n<meta property=\"og:title\" content=\"Insulator J8-75\" \/>\n<meta property=\"og:description\" content=\"European post insulator J8-75. Fast delivery within Europe. And much more insulators for MV substation: J8-125, J16-128, wall bushings, etc.\" \/>\n<meta property=\"og:url\" content=\"https:\/\/houseofinsulators.com\/cs\/produkt\/insulator-j8-75\/\" \/>\n<meta property=\"og:site_name\" content=\"House of Insulators\" \/>\n<meta property=\"article:modified_time\" content=\"2023-02-16T10:34:48+00:00\" \/>\n<meta property=\"og:image\" content=\"https:\/\/houseofinsulators.com\/wp-content\/uploads\/2023\/02\/insulator-j8-75-espi-600-600.jpg\" \/>\n\t<meta property=\"og:image:width\" content=\"600\" \/>\n\t<meta property=\"og:image:height\" content=\"600\" \/>\n\t<meta property=\"og:image:type\" content=\"image\/jpeg\" \/>\n<meta name=\"twitter:card\" content=\"summary_large_image\" \/>\n<meta name=\"twitter:label1\" content=\"Odhadovan\u00e1 doba \u010dten\u00ed\" \/>\n\t<meta name=\"twitter:data1\" content=\"1 minuta\" \/>\n<script type=\"application\/ld+json\" class=\"yoast-schema-graph\">{\"@context\":\"https:\/\/schema.org\",\"@graph\":[{\"@type\":\"WebPage\",\"@id\":\"https:\/\/houseofinsulators.com\/product\/insulator-j8-75\/\",\"url\":\"https:\/\/houseofinsulators.com\/product\/insulator-j8-75\/\",\"name\":\"Insulator J8-75\",\"isPartOf\":{\"@id\":\"https:\/\/houseofinsulators.com\/#website\"},\"datePublished\":\"2023-02-16T09:44:42+00:00\",\"dateModified\":\"2023-02-16T10:34:48+00:00\",\"description\":\"European post insulator J8-75. Fast delivery within Europe. And much more insulators for MV substation: J8-125, J16-128, wall bushings, etc.\",\"breadcrumb\":{\"@id\":\"https:\/\/houseofinsulators.com\/product\/insulator-j8-75\/#breadcrumb\"},\"inLanguage\":\"cs\",\"potentialAction\":[{\"@type\":\"ReadAction\",\"target\":[\"https:\/\/houseofinsulators.com\/product\/insulator-j8-75\/\"]}]},{\"@type\":\"BreadcrumbList\",\"@id\":\"https:\/\/houseofinsulators.com\/product\/insulator-j8-75\/#breadcrumb\",\"itemListElement\":[{\"@type\":\"ListItem\",\"position\":1,\"name\":\"Home\",\"item\":\"https:\/\/houseofinsulators.com\/\"},{\"@type\":\"ListItem\",\"position\":2,\"name\":\"Shop\",\"item\":\"https:\/\/houseofinsulators.com\/shop\/\"},{\"@type\":\"ListItem\",\"position\":3,\"name\":\"Insulator J8-75\"}]},{\"@type\":\"WebSite\",\"@id\":\"https:\/\/houseofinsulators.com\/#website\",\"url\":\"https:\/\/houseofinsulators.com\/\",\"name\":\"House of Insulators\",\"description\":\"Electrostatic Precipitator Insulators (ESP insulators), Shaft insulators, Wall bushings, Insulators for substation, Support insulators for ESP\",\"publisher\":{\"@id\":\"https:\/\/houseofinsulators.com\/#organization\"},\"alternateName\":\"ESPI Insulators\",\"potentialAction\":[{\"@type\":\"SearchAction\",\"target\":{\"@type\":\"EntryPoint\",\"urlTemplate\":\"https:\/\/houseofinsulators.com\/?s={search_term_string}\"},\"query-input\":\"required name=search_term_string\"}],\"inLanguage\":\"cs\"},{\"@type\":\"Organization\",\"@id\":\"https:\/\/houseofinsulators.com\/#organization\",\"name\":\"ESPI Europe\",\"alternateName\":\"ESPI\",\"url\":\"https:\/\/houseofinsulators.com\/\",\"logo\":{\"@type\":\"ImageObject\",\"inLanguage\":\"cs\",\"@id\":\"https:\/\/houseofinsulators.com\/#\/schema\/logo\/image\/\",\"url\":\"https:\/\/houseofinsulators.com\/wp-content\/uploads\/2021\/05\/espi-logo.jpg\",\"contentUrl\":\"https:\/\/houseofinsulators.com\/wp-content\/uploads\/2021\/05\/espi-logo.jpg\",\"width\":424,\"height\":228,\"caption\":\"ESPI Europe\"},\"image\":{\"@id\":\"https:\/\/houseofinsulators.com\/#\/schema\/logo\/image\/\"},\"sameAs\":[\"https:\/\/www.linkedin.com\/company\/espi-europe\"]}]}<\/script>\n<!-- \/ Yoast SEO plugin. -->","yoast_head_json":{"title":"Insulator J8-75","description":"European post insulator J8-75. Fast delivery within Europe. And much more insulators for MV substation: J8-125, J16-128, wall bushings, etc.","robots":{"index":"index","follow":"follow","max-snippet":"max-snippet:-1","max-image-preview":"max-image-preview:large","max-video-preview":"max-video-preview:-1"},"canonical":"https:\/\/houseofinsulators.com\/cs\/produkt\/insulator-j8-75\/","og_locale":"cs_CZ","og_type":"article","og_title":"Insulator J8-75","og_description":"European post insulator J8-75. Fast delivery within Europe. And much more insulators for MV substation: J8-125, J16-128, wall bushings, etc.","og_url":"https:\/\/houseofinsulators.com\/cs\/produkt\/insulator-j8-75\/","og_site_name":"House of Insulators","article_modified_time":"2023-02-16T10:34:48+00:00","og_image":[{"width":600,"height":600,"url":"https:\/\/houseofinsulators.com\/wp-content\/uploads\/2023\/02\/insulator-j8-75-espi-600-600.jpg","type":"image\/jpeg"}],"twitter_card":"summary_large_image","twitter_misc":{"Odhadovan\u00e1 doba \u010dten\u00ed":"1 minuta"},"schema":{"@context":"https:\/\/schema.org","@graph":[{"@type":"WebPage","@id":"https:\/\/houseofinsulators.com\/product\/insulator-j8-75\/","url":"https:\/\/houseofinsulators.com\/product\/insulator-j8-75\/","name":"Insulator J8-75","isPartOf":{"@id":"https:\/\/houseofinsulators.com\/#website"},"datePublished":"2023-02-16T09:44:42+00:00","dateModified":"2023-02-16T10:34:48+00:00","description":"European post insulator J8-75. Fast delivery within Europe. And much more insulators for MV substation: J8-125, J16-128, wall bushings, etc.","breadcrumb":{"@id":"https:\/\/houseofinsulators.com\/product\/insulator-j8-75\/#breadcrumb"},"inLanguage":"cs","potentialAction":[{"@type":"ReadAction","target":["https:\/\/houseofinsulators.com\/product\/insulator-j8-75\/"]}]},{"@type":"BreadcrumbList","@id":"https:\/\/houseofinsulators.com\/product\/insulator-j8-75\/#breadcrumb","itemListElement":[{"@type":"ListItem","position":1,"name":"Home","item":"https:\/\/houseofinsulators.com\/"},{"@type":"ListItem","position":2,"name":"Shop","item":"https:\/\/houseofinsulators.com\/shop\/"},{"@type":"ListItem","position":3,"name":"Insulator J8-75"}]},{"@type":"WebSite","@id":"https:\/\/houseofinsulators.com\/#website","url":"https:\/\/houseofinsulators.com\/","name":"House of Insulators","description":"Electrostatic Precipitator Insulators (ESP insulators), Shaft insulators, Wall bushings, Insulators for substation, Support insulators for ESP","publisher":{"@id":"https:\/\/houseofinsulators.com\/#organization"},"alternateName":"ESPI Insulators","potentialAction":[{"@type":"SearchAction","target":{"@type":"EntryPoint","urlTemplate":"https:\/\/houseofinsulators.com\/?s={search_term_string}"},"query-input":"required name=search_term_string"}],"inLanguage":"cs"},{"@type":"Organization","@id":"https:\/\/houseofinsulators.com\/#organization","name":"ESPI Europe","alternateName":"ESPI","url":"https:\/\/houseofinsulators.com\/","logo":{"@type":"ImageObject","inLanguage":"cs","@id":"https:\/\/houseofinsulators.com\/#\/schema\/logo\/image\/","url":"https:\/\/houseofinsulators.com\/wp-content\/uploads\/2021\/05\/espi-logo.jpg","contentUrl":"https:\/\/houseofinsulators.com\/wp-content\/uploads\/2021\/05\/espi-logo.jpg","width":424,"height":228,"caption":"ESPI Europe"},"image":{"@id":"https:\/\/houseofinsulators.com\/#\/schema\/logo\/image\/"},"sameAs":["https:\/\/www.linkedin.com\/company\/espi-europe"]}]}},"_links":{"self":[{"href":"https:\/\/houseofinsulators.com\/cs\/wp-json\/wp\/v2\/product\/809"}],"collection":[{"href":"https:\/\/houseofinsulators.com\/cs\/wp-json\/wp\/v2\/product"}],"about":[{"href":"https:\/\/houseofinsulators.com\/cs\/wp-json\/wp\/v2\/types\/product"}],"replies":[{"embeddable":true,"href":"https:\/\/houseofinsulators.com\/cs\/wp-json\/wp\/v2\/comments?post=809"}],"wp:featuredmedia":[{"embeddable":true,"href":"https:\/\/houseofinsulators.com\/cs\/wp-json\/wp\/v2\/media\/810"}],"wp:attachment":[{"href":"https:\/\/houseofinsulators.com\/cs\/wp-json\/wp\/v2\/media?parent=809"}],"wp:term":[{"taxonomy":"product_cat","embeddable":true,"href":"https:\/\/houseofinsulators.com\/cs\/wp-json\/wp\/v2\/product_cat?post=809"},{"taxonomy":"product_tag","embeddable":true,"href":"https:\/\/houseofinsulators.com\/cs\/wp-json\/wp\/v2\/product_tag?post=809"}],"curies":[{"name":"wp","href":"https:\/\/api.w.org\/{rel}","templated":true}]}}