{"id":822,"date":"2023-03-13T09:49:46","date_gmt":"2023-03-13T09:49:46","guid":{"rendered":"https:\/\/houseofinsulators.com\/?post_type=product&#038;p=822"},"modified":"2023-03-13T09:58:17","modified_gmt":"2023-03-13T09:58:17","slug":"suspension-insulator-l400","status":"publish","type":"product","link":"https:\/\/houseofinsulators.com\/cs\/produkt\/suspension-insulator-l400\/","title":{"rendered":"Suspension Insulator L400"},"content":{"rendered":"<p>Ceramic suspension insulator for electrostatic precipitators<\/p>\n<p>Material: Ceramic: C130 (IEC 60672-3, glazed)<\/p>\n<p>Material: flanges: cast iron, hot galvanized 70 um<\/p>\n<p>Creepage distance: 650mm<\/p>\n<p>Test: IEC 60383-1<\/p>\n<p>Tolerances: IEC 60383-1<\/p>\n<p>Tensile load:15kN<\/p>\n<p>Breaking load: 45kN<\/p>\n<p>Glazed color brown<\/p>\n<p>Connection material: Portland Cement<\/p>\n<p>&nbsp;<\/p>\n<p>&nbsp;<\/p>\n<p>&nbsp;<\/p>\n<p>&nbsp;<\/p>","protected":false},"excerpt":{"rendered":"<p>Price and delivery time on request.<\/p>\n<p>&nbsp;<\/p>","protected":false},"featured_media":823,"comment_status":"closed","ping_status":"closed","template":"","meta":[],"product_cat":[103],"product_tag":[106],"yoast_head":"<!-- This site is optimized with the Yoast SEO plugin v19.9 - https:\/\/yoast.com\/wordpress\/plugins\/seo\/ -->\n<title>Suspension Insulator L400 for ESP<\/title>\n<meta name=\"description\" content=\"ESP suspension insulator from ceramic C130. Flanges: cast iron, hot galvanized 70 um More insulators for electrostatic precipitators: bushings, support, ...\" \/>\n<meta name=\"robots\" content=\"index, follow, max-snippet:-1, max-image-preview:large, max-video-preview:-1\" \/>\n<link rel=\"canonical\" href=\"https:\/\/houseofinsulators.com\/cs\/produkt\/suspension-insulator-l400\/\" \/>\n<meta property=\"og:locale\" content=\"cs_CZ\" \/>\n<meta property=\"og:type\" content=\"article\" \/>\n<meta property=\"og:title\" content=\"Suspension Insulator L400 for ESP\" \/>\n<meta property=\"og:description\" content=\"ESP suspension insulator from ceramic C130. Flanges: cast iron, hot galvanized 70 um More insulators for electrostatic precipitators: bushings, support, ...\" \/>\n<meta property=\"og:url\" content=\"https:\/\/houseofinsulators.com\/cs\/produkt\/suspension-insulator-l400\/\" \/>\n<meta property=\"og:site_name\" content=\"House of Insulators\" \/>\n<meta property=\"article:modified_time\" content=\"2023-03-13T09:58:17+00:00\" \/>\n<meta property=\"og:image\" content=\"https:\/\/houseofinsulators.com\/wp-content\/uploads\/2023\/03\/suspension-esp-insulator-espi-600-600-001.jpg\" \/>\n\t<meta property=\"og:image:width\" content=\"600\" \/>\n\t<meta property=\"og:image:height\" content=\"600\" \/>\n\t<meta property=\"og:image:type\" content=\"image\/jpeg\" \/>\n<meta name=\"twitter:card\" content=\"summary_large_image\" \/>\n<meta name=\"twitter:label1\" content=\"Odhadovan\u00e1 doba \u010dten\u00ed\" \/>\n\t<meta name=\"twitter:data1\" content=\"1 minuta\" \/>\n<script type=\"application\/ld+json\" class=\"yoast-schema-graph\">{\"@context\":\"https:\/\/schema.org\",\"@graph\":[{\"@type\":\"WebPage\",\"@id\":\"https:\/\/houseofinsulators.com\/product\/suspension-insulator-l400\/\",\"url\":\"https:\/\/houseofinsulators.com\/product\/suspension-insulator-l400\/\",\"name\":\"Suspension Insulator L400 for ESP\",\"isPartOf\":{\"@id\":\"https:\/\/houseofinsulators.com\/#website\"},\"datePublished\":\"2023-03-13T09:49:46+00:00\",\"dateModified\":\"2023-03-13T09:58:17+00:00\",\"description\":\"ESP suspension insulator from ceramic C130. Flanges: cast iron, hot galvanized 70 um More insulators for electrostatic precipitators: bushings, support, ...\",\"breadcrumb\":{\"@id\":\"https:\/\/houseofinsulators.com\/product\/suspension-insulator-l400\/#breadcrumb\"},\"inLanguage\":\"cs\",\"potentialAction\":[{\"@type\":\"ReadAction\",\"target\":[\"https:\/\/houseofinsulators.com\/product\/suspension-insulator-l400\/\"]}]},{\"@type\":\"BreadcrumbList\",\"@id\":\"https:\/\/houseofinsulators.com\/product\/suspension-insulator-l400\/#breadcrumb\",\"itemListElement\":[{\"@type\":\"ListItem\",\"position\":1,\"name\":\"Home\",\"item\":\"https:\/\/houseofinsulators.com\/\"},{\"@type\":\"ListItem\",\"position\":2,\"name\":\"Shop\",\"item\":\"https:\/\/houseofinsulators.com\/shop\/\"},{\"@type\":\"ListItem\",\"position\":3,\"name\":\"Suspension Insulator L400\"}]},{\"@type\":\"WebSite\",\"@id\":\"https:\/\/houseofinsulators.com\/#website\",\"url\":\"https:\/\/houseofinsulators.com\/\",\"name\":\"House of Insulators\",\"description\":\"Electrostatic Precipitator Insulators (ESP insulators), Shaft insulators, Wall bushings, Insulators for substation, Support insulators for ESP\",\"publisher\":{\"@id\":\"https:\/\/houseofinsulators.com\/#organization\"},\"alternateName\":\"ESPI Insulators\",\"potentialAction\":[{\"@type\":\"SearchAction\",\"target\":{\"@type\":\"EntryPoint\",\"urlTemplate\":\"https:\/\/houseofinsulators.com\/?s={search_term_string}\"},\"query-input\":\"required name=search_term_string\"}],\"inLanguage\":\"cs\"},{\"@type\":\"Organization\",\"@id\":\"https:\/\/houseofinsulators.com\/#organization\",\"name\":\"ESPI Europe\",\"alternateName\":\"ESPI\",\"url\":\"https:\/\/houseofinsulators.com\/\",\"logo\":{\"@type\":\"ImageObject\",\"inLanguage\":\"cs\",\"@id\":\"https:\/\/houseofinsulators.com\/#\/schema\/logo\/image\/\",\"url\":\"https:\/\/houseofinsulators.com\/wp-content\/uploads\/2021\/05\/espi-logo.jpg\",\"contentUrl\":\"https:\/\/houseofinsulators.com\/wp-content\/uploads\/2021\/05\/espi-logo.jpg\",\"width\":424,\"height\":228,\"caption\":\"ESPI Europe\"},\"image\":{\"@id\":\"https:\/\/houseofinsulators.com\/#\/schema\/logo\/image\/\"},\"sameAs\":[\"https:\/\/www.linkedin.com\/company\/espi-europe\"]}]}<\/script>\n<!-- \/ Yoast SEO plugin. -->","yoast_head_json":{"title":"Suspension Insulator L400 for ESP","description":"ESP suspension insulator from ceramic C130. Flanges: cast iron, hot galvanized 70 um More insulators for electrostatic precipitators: bushings, support, ...","robots":{"index":"index","follow":"follow","max-snippet":"max-snippet:-1","max-image-preview":"max-image-preview:large","max-video-preview":"max-video-preview:-1"},"canonical":"https:\/\/houseofinsulators.com\/cs\/produkt\/suspension-insulator-l400\/","og_locale":"cs_CZ","og_type":"article","og_title":"Suspension Insulator L400 for ESP","og_description":"ESP suspension insulator from ceramic C130. Flanges: cast iron, hot galvanized 70 um More insulators for electrostatic precipitators: bushings, support, ...","og_url":"https:\/\/houseofinsulators.com\/cs\/produkt\/suspension-insulator-l400\/","og_site_name":"House of Insulators","article_modified_time":"2023-03-13T09:58:17+00:00","og_image":[{"width":600,"height":600,"url":"https:\/\/houseofinsulators.com\/wp-content\/uploads\/2023\/03\/suspension-esp-insulator-espi-600-600-001.jpg","type":"image\/jpeg"}],"twitter_card":"summary_large_image","twitter_misc":{"Odhadovan\u00e1 doba \u010dten\u00ed":"1 minuta"},"schema":{"@context":"https:\/\/schema.org","@graph":[{"@type":"WebPage","@id":"https:\/\/houseofinsulators.com\/product\/suspension-insulator-l400\/","url":"https:\/\/houseofinsulators.com\/product\/suspension-insulator-l400\/","name":"Suspension Insulator L400 for ESP","isPartOf":{"@id":"https:\/\/houseofinsulators.com\/#website"},"datePublished":"2023-03-13T09:49:46+00:00","dateModified":"2023-03-13T09:58:17+00:00","description":"ESP suspension insulator from ceramic C130. Flanges: cast iron, hot galvanized 70 um More insulators for electrostatic precipitators: bushings, support, ...","breadcrumb":{"@id":"https:\/\/houseofinsulators.com\/product\/suspension-insulator-l400\/#breadcrumb"},"inLanguage":"cs","potentialAction":[{"@type":"ReadAction","target":["https:\/\/houseofinsulators.com\/product\/suspension-insulator-l400\/"]}]},{"@type":"BreadcrumbList","@id":"https:\/\/houseofinsulators.com\/product\/suspension-insulator-l400\/#breadcrumb","itemListElement":[{"@type":"ListItem","position":1,"name":"Home","item":"https:\/\/houseofinsulators.com\/"},{"@type":"ListItem","position":2,"name":"Shop","item":"https:\/\/houseofinsulators.com\/shop\/"},{"@type":"ListItem","position":3,"name":"Suspension Insulator L400"}]},{"@type":"WebSite","@id":"https:\/\/houseofinsulators.com\/#website","url":"https:\/\/houseofinsulators.com\/","name":"House of Insulators","description":"Electrostatic Precipitator Insulators (ESP insulators), Shaft insulators, Wall bushings, Insulators for substation, Support insulators for ESP","publisher":{"@id":"https:\/\/houseofinsulators.com\/#organization"},"alternateName":"ESPI Insulators","potentialAction":[{"@type":"SearchAction","target":{"@type":"EntryPoint","urlTemplate":"https:\/\/houseofinsulators.com\/?s={search_term_string}"},"query-input":"required name=search_term_string"}],"inLanguage":"cs"},{"@type":"Organization","@id":"https:\/\/houseofinsulators.com\/#organization","name":"ESPI Europe","alternateName":"ESPI","url":"https:\/\/houseofinsulators.com\/","logo":{"@type":"ImageObject","inLanguage":"cs","@id":"https:\/\/houseofinsulators.com\/#\/schema\/logo\/image\/","url":"https:\/\/houseofinsulators.com\/wp-content\/uploads\/2021\/05\/espi-logo.jpg","contentUrl":"https:\/\/houseofinsulators.com\/wp-content\/uploads\/2021\/05\/espi-logo.jpg","width":424,"height":228,"caption":"ESPI Europe"},"image":{"@id":"https:\/\/houseofinsulators.com\/#\/schema\/logo\/image\/"},"sameAs":["https:\/\/www.linkedin.com\/company\/espi-europe"]}]}},"_links":{"self":[{"href":"https:\/\/houseofinsulators.com\/cs\/wp-json\/wp\/v2\/product\/822"}],"collection":[{"href":"https:\/\/houseofinsulators.com\/cs\/wp-json\/wp\/v2\/product"}],"about":[{"href":"https:\/\/houseofinsulators.com\/cs\/wp-json\/wp\/v2\/types\/product"}],"replies":[{"embeddable":true,"href":"https:\/\/houseofinsulators.com\/cs\/wp-json\/wp\/v2\/comments?post=822"}],"wp:featuredmedia":[{"embeddable":true,"href":"https:\/\/houseofinsulators.com\/cs\/wp-json\/wp\/v2\/media\/823"}],"wp:attachment":[{"href":"https:\/\/houseofinsulators.com\/cs\/wp-json\/wp\/v2\/media?parent=822"}],"wp:term":[{"taxonomy":"product_cat","embeddable":true,"href":"https:\/\/houseofinsulators.com\/cs\/wp-json\/wp\/v2\/product_cat?post=822"},{"taxonomy":"product_tag","embeddable":true,"href":"https:\/\/houseofinsulators.com\/cs\/wp-json\/wp\/v2\/product_tag?post=822"}],"curies":[{"name":"wp","href":"https:\/\/api.w.org\/{rel}","templated":true}]}}